{"id":721,"date":"2020-01-29T14:43:05","date_gmt":"2020-01-29T13:43:05","guid":{"rendered":"https:\/\/stomatologia-rabien.pl\/?page_id=721"},"modified":"2022-10-24T10:20:17","modified_gmt":"2022-10-24T08:20:17","slug":"leczenie-chorob-blony-sluzowe-jamy-ustnej","status":"publish","type":"page","link":"https:\/\/stomatologia-rabien.pl\/en\/uslugi\/leczenie-chorob-blony-sluzowe-jamy-ustnej\/","title":{"rendered":"Treatment of diseases of the oral mucosa"},"content":{"rendered":"<div data-elementor-type=\"wp-page\" data-elementor-id=\"721\" class=\"elementor elementor-721\" data-elementor-settings=\"[]\">\n\t\t\t\t\t\t<div class=\"elementor-inner\">\n\t\t\t\t\t\t\t<div class=\"elementor-section-wrap\">\n\t\t\t\t\t\t\t<section class=\"elementor-section elementor-top-section elementor-element elementor-element-efa7102 elementor-section-height-min-height elementor-section-boxed elementor-section-height-default elementor-section-items-middle\" data-id=\"efa7102\" data-element_type=\"section\" data-settings=\"{&quot;background_background&quot;:&quot;classic&quot;}\">\n\t\t\t\t\t\t<div class=\"elementor-container elementor-column-gap-no\">\n\t\t\t\t\t\t\t<div class=\"elementor-row\">\n\t\t\t\t\t<div class=\"elementor-column elementor-col-100 elementor-top-column elementor-element elementor-element-8a1418c\" data-id=\"8a1418c\" data-element_type=\"column\">\n\t\t\t<div class=\"elementor-column-wrap elementor-element-populated\">\n\t\t\t\t\t\t\t<div class=\"elementor-widget-wrap\">\n\t\t\t\t\t\t<div class=\"elementor-element elementor-element-2d50121 elementor-widget elementor-widget-heading\" data-id=\"2d50121\" data-element_type=\"widget\" data-widget_type=\"heading.default\">\n\t\t\t\t<div class=\"elementor-widget-container\">\n\t\t\t<h2 class=\"elementor-heading-title elementor-size-default\">Dental services<\/h2>\t\t<\/div>\n\t\t\t\t<\/div>\n\t\t\t\t<div class=\"elementor-element elementor-element-bb8e9ce elementor-widget-divider--view-line elementor-widget elementor-widget-divider\" data-id=\"bb8e9ce\" data-element_type=\"widget\" data-widget_type=\"divider.default\">\n\t\t\t\t<div class=\"elementor-widget-container\">\n\t\t\t\t\t<div class=\"elementor-divider\">\n\t\t\t<span class=\"elementor-divider-separator\">\n\t\t\t\t\t\t<\/span>\n\t\t<\/div>\n\t\t\t\t<\/div>\n\t\t\t\t<\/div>\n\t\t\t\t<div class=\"elementor-element elementor-element-28435dc elementor-widget elementor-widget-heading\" data-id=\"28435dc\" data-element_type=\"widget\" data-widget_type=\"heading.default\">\n\t\t\t\t<div class=\"elementor-widget-container\">\n\t\t\t<h1 class=\"elementor-heading-title elementor-size-default\">Treatment of diseases of the oral mucosa<\/h1>\t\t<\/div>\n\t\t\t\t<\/div>\n\t\t\t\t\t\t<\/div>\n\t\t\t\t\t<\/div>\n\t\t<\/div>\n\t\t\t\t\t\t\t\t<\/div>\n\t\t\t\t\t<\/div>\n\t\t<\/section>\n\t\t\t\t<section class=\"elementor-section elementor-top-section elementor-element elementor-element-ae1f476 elementor-section-content-middle elementor-section-boxed elementor-section-height-default elementor-section-height-default\" data-id=\"ae1f476\" data-element_type=\"section\">\n\t\t\t\t\t\t<div class=\"elementor-container elementor-column-gap-default\">\n\t\t\t\t\t\t\t<div class=\"elementor-row\">\n\t\t\t\t\t<div class=\"elementor-column elementor-col-50 elementor-top-column elementor-element elementor-element-0c63e6d\" data-id=\"0c63e6d\" data-element_type=\"column\" data-settings=\"{&quot;background_background&quot;:&quot;classic&quot;}\">\n\t\t\t<div class=\"elementor-column-wrap elementor-element-populated\">\n\t\t\t\t\t\t\t<div class=\"elementor-widget-wrap\">\n\t\t\t\t\t\t<section class=\"elementor-section elementor-inner-section elementor-element elementor-element-0a27d89 elementor-section-boxed elementor-section-height-default elementor-section-height-default\" data-id=\"0a27d89\" data-element_type=\"section\">\n\t\t\t\t\t\t<div class=\"elementor-container elementor-column-gap-default\">\n\t\t\t\t\t\t\t<div class=\"elementor-row\">\n\t\t\t\t\t<div class=\"elementor-column elementor-col-100 elementor-inner-column elementor-element elementor-element-e8e65b7\" data-id=\"e8e65b7\" data-element_type=\"column\" data-settings=\"{&quot;background_background&quot;:&quot;classic&quot;}\">\n\t\t\t<div class=\"elementor-column-wrap elementor-element-populated\">\n\t\t\t\t\t\t\t<div class=\"elementor-widget-wrap\">\n\t\t\t\t\t\t<div class=\"elementor-element elementor-element-1dc4341 elementor-view-default elementor-position-top elementor-vertical-align-top elementor-widget elementor-widget-icon-box\" data-id=\"1dc4341\" data-element_type=\"widget\" data-widget_type=\"icon-box.default\">\n\t\t\t\t<div class=\"elementor-widget-container\">\n\t\t\t\t\t<div class=\"elementor-icon-box-wrapper\">\n\t\t\t\t\t\t<div class=\"elementor-icon-box-icon\">\n\t\t\t\t<a class=\"elementor-icon elementor-animation-grow\" href=\"#\">\n\t\t\t\t<svg xmlns=\"http:\/\/www.w3.org\/2000\/svg\" xmlns:xlink=\"http:\/\/www.w3.org\/1999\/xlink\" id=\"Layer_1\" x=\"0px\" y=\"0px\" viewbox=\"0 0 65 78.1\" xml:space=\"preserve\">\n<lineargradient id=\"SVGID_1_\" gradientunits=\"userSpaceOnUse\" x1=\"5.823\" y1=\"38.3705\" x2=\"59.2173\" y2=\"38.3705\">\n\t<stop offset=\"0\" style=\"stop-color:#32DAC3\"><\/stop>\n\t<stop offset=\"1\" style=\"stop-color:#07A7E3\"><\/stop>\n<\/lineargradient>\n<path fill=\"url(#SVGID_1_)\" d=\"M32.5,67.7L32.5,67.7c10.9,0,23.3-8,26-23.2c1.5-8.5,0.5-16.6-2.9-22.8l0,0c-1-1.9-2.3-3.6-3.8-5.2  l-0.1-0.1l0,0l0,0l0,0c-0.6-0.6-1.3-1.1-2-1.6c0,0,0,0,0,0c0,0-0.1,0-0.1,0c-0.2-0.1-0.3-0.2-0.5-0.4c0,0-0.1,0-0.1,0  c-1.2-0.9-2.5-1.6-3.8-2.3l0,0c-8-3.9-17.4-3.9-25.4,0l0,0c-1.3,0.6-2.6,1.4-3.8,2.3c0,0-0.1,0-0.1,0.1c-0.9,0.6-1.7,1.3-2.6,2  c0,0-0.1,0.1-0.1,0.1l0,0c-6.2,6.4-8.7,16.8-6.7,28C9.3,59.7,21.7,67.6,32.5,67.7z M13,54c1-2.4,2.6-4.5,4.4-6.3  c1.1-1,2.4-1.7,3.8-2.2c5.6-1.9,8.9,0.7,10,1.9v10.4c-0.8-0.3-1.7-0.5-2.6-0.5c-0.7,0-1.3,0.6-1.3,1.3c0,0.7,0.6,1.3,1.3,1.3  c0,0,2.6,0.1,2.6,1.3V65C23.7,64.4,17,60.3,13,54z M21.7,34.7c1.2-1.4,2.9-2.4,4.7-2.7c0.9-0.2,1.8,0.1,2.5,0.7  c0.2,0.2,0.4,0.4,0.4,0.7c0,0.3-0.1,0.6-0.3,0.8c-1.6,1.4-2.1,3.7-1.4,5.7c0.9,1.9,2.8,3.1,4.9,3h0c2.1,0.1,4-1.1,4.9-3  c0.8-2,0.2-4.3-1.4-5.7c-0.2-0.2-0.3-0.5-0.3-0.8c0-0.3,0.2-0.6,0.4-0.7c0.7-0.6,1.6-0.8,2.5-0.7c1.8,0.4,3.5,1.3,4.7,2.7  c2.6,2.5,4.1,6,4,9.6c-0.9-0.5-1.8-1-2.7-1.3c-6.2-2.1-10.3,0.4-12.1,2c-1.8-1.6-5.9-4.1-12.1-2c-1,0.3-1.9,0.8-2.7,1.3  C17.7,40.7,19.1,37.2,21.7,34.7z M33.8,65V54.6c0-1.2,2.6-1.3,2.6-1.3c0.7,0,1.3-0.6,1.3-1.3c0-0.7-0.6-1.3-1.3-1.3  c-0.9,0-1.8,0.2-2.6,0.5v-3.9c1.1-1.1,4.4-3.7,10-1.9c1.4,0.5,2.7,1.2,3.8,2.2c1.9,1.8,3.4,3.9,4.4,6.3C48,60.3,41.3,64.4,33.8,65z   M46.9,22.5c-0.2,0.2-0.4,0.2-0.7,0.2h-3.9c-0.2,0-0.4,0-0.6-0.1c0,0,0,0,0,0V19c0-0.9,1.3-1.8,3.1-1.8c1.4,0,2,0.5,2.1,0.9V21  c0,0.2,0,0.4,0.1,0.6L46.9,22.5z M49.4,17.9L49.4,17.9c0.2,0.1,0.3,0.2,0.5,0.3l0.1,0.1c0.8,0.9,1.6,1.8,2.2,2.8h-2.1  c-0.2,0-0.4,0-0.6-0.2v-2.5C49.5,18.2,49.5,18,49.4,17.9z M21,14.3c7.3-3.5,15.8-3.5,23.1,0l0,0c0.2,0.1,0.3,0.2,0.5,0.3  c-1.4,0-2.8,0.4-3.9,1.3c-1-1.1-2.4-1.7-3.8-1.6c-1.6,0-3.2,0.6-4.3,1.8c-1.1-1.2-2.7-1.8-4.3-1.8c-1.4-0.1-2.8,0.5-3.8,1.6  c-1.1-0.8-2.5-1.3-3.9-1.3C20.6,14.5,20.8,14.4,21,14.3L21,14.3z M39,23.2c-0.1,0.1-0.3,0.2-0.4,0.2h-4.3c-0.1,0-0.3,0-0.4-0.1v-3.6  c0,0,0,0,0,0c0,0,0,0,0,0v-0.5c0-1.2,1.4-2.2,3-2.2c2.1,0,2.2,1.3,2.2,1.5v4.2c0,0,0,0.1,0,0.1L39,23.2z M26,22.6v-4.2  c0-0.3,0.1-1.5,2.2-1.5c1.6,0,3,1,3,2.2v0.5c0,0,0,0,0,0.1c0,0,0,0,0,0.1v3.5c-0.1,0.1-0.3,0.2-0.4,0.2h-4.3c-0.1,0-0.3,0-0.4-0.1  L26,22.6z M15.5,18.4v2.5c-0.2,0.1-0.4,0.2-0.6,0.2h-2.1c0.7-1,1.4-2,2.3-2.8c0.2-0.1,0.3-0.3,0.5-0.4v0.1  C15.6,18,15.5,18.2,15.5,18.4z M18.1,21.3c0-0.1,0-0.2,0.1-0.3v-2.9c0.2-0.4,0.7-0.9,2.1-0.9c1.8,0,3.1,1,3.1,1.8v3.5  c-0.2,0.1-0.4,0.2-0.7,0.2h-3.9c-0.2,0-0.4,0-0.6-0.1c0,0,0,0,0,0V21.3z M11.3,23.7h3.6c0.3,0,0.6,0,0.8-0.1c0.6,1.1,1.8,1.8,3,1.7  h3.9c0.5,0,1-0.1,1.4-0.3c0.6,0.6,1.4,1,2.3,1h4.3c0.6,0,1.2-0.2,1.7-0.5c0.5,0.3,1.1,0.5,1.7,0.5h4.3c0.9,0,1.7-0.3,2.3-1  c0.4,0.2,0.9,0.3,1.4,0.3h3.9c1.3,0.1,2.4-0.6,3-1.7c0.3,0.1,0.6,0.1,0.8,0.1h3.6C56.6,30,57.4,37.2,56,44c-0.4,2.5-1.2,5-2.4,7.3  c-1-1.9-2.3-3.6-3.8-5c0.6-4.9-1.1-9.9-4.7-13.3c-1.6-1.8-3.8-3-6.2-3.5c-1.7-0.3-3.4,0.2-4.7,1.4c-0.7,0.7-1.1,1.6-1.2,2.6  c0,1,0.4,1.9,1.1,2.6c0.8,0.7,1.2,1.9,0.8,2.9c-0.5,0.9-1.5,1.5-2.5,1.4h0c-1,0.1-2-0.4-2.5-1.4c-0.3-1,0-2.2,0.8-2.9  c0.7-0.7,1.1-1.6,1.1-2.6c0-1-0.4-1.9-1.2-2.6c-1.2-1.2-3-1.7-4.7-1.4c-2.4,0.5-4.5,1.7-6.2,3.5c-3.5,3.5-5.3,8.4-4.7,13.3  c-1.5,1.5-2.8,3.2-3.8,5C10.3,49,9.5,46.5,9.1,44C7.6,37.2,8.4,30,11.3,23.7z\"><\/path>\n<lineargradient id=\"SVGID_2_\" gradientunits=\"userSpaceOnUse\" x1=\"1.818989e-12\" y1=\"39.0355\" x2=\"65.0313\" y2=\"39.0355\">\n\t<stop offset=\"0\" style=\"stop-color:#32DAC3\"><\/stop>\n\t<stop offset=\"1\" style=\"stop-color:#07A7E3\"><\/stop>\n<\/lineargradient>\n<path fill=\"url(#SVGID_2_)\" d=\"M32.5,78.1c0.2,0,21.3-0.2,28.4-18.4c6.5-16.9,6.2-41-7.1-54.2c-8.7-8.7-18.6-4.6-21.3-3.3  c-2.7-1.3-12.6-5.4-21.3,3.3C-2,18.6-2.4,42.7,4.1,59.6C11.2,77.9,32.3,78.1,32.5,78.1z M13.1,7.2c2.8-3,6.6-4.7,10.7-4.7  c2.8,0,5.6,0.8,8.1,2.2c0.4,0.3,1,0.3,1.4,0C33.3,4.7,43.3-1.4,52,7.3c12.5,12.5,12.7,35.3,6.5,51.4c-6.4,16.5-25.7,16.8-25.9,16.8  c-0.2,0-19.6-0.2-25.9-16.8C0.4,42.6,0.6,19.7,13.1,7.2z\"><\/path>\n<\/svg>\t\t\t\t<\/a>\n\t\t\t<\/div>\n\t\t\t\t\t\t<div class=\"elementor-icon-box-content\">\n\t\t\t\t<h3 class=\"elementor-icon-box-title\">\n\t\t\t\t\t<a href=\"#\" >\n\t\t\t\t\t\tTreatment of diseases of the oral mucosa\t\t\t\t\t<\/a>\n\t\t\t\t<\/h3>\n\t\t\t\t\t\t\t<\/div>\n\t\t<\/div>\n\t\t\t\t<\/div>\n\t\t\t\t<\/div>\n\t\t\t\t\t\t<\/div>\n\t\t\t\t\t<\/div>\n\t\t<\/div>\n\t\t\t\t\t\t\t\t<\/div>\n\t\t\t\t\t<\/div>\n\t\t<\/section>\n\t\t\t\t\t\t<\/div>\n\t\t\t\t\t<\/div>\n\t\t<\/div>\n\t\t\t\t<div class=\"elementor-column elementor-col-50 elementor-top-column elementor-element elementor-element-4ac1a42\" data-id=\"4ac1a42\" data-element_type=\"column\">\n\t\t\t<div class=\"elementor-column-wrap elementor-element-populated\">\n\t\t\t\t\t\t\t<div class=\"elementor-widget-wrap\">\n\t\t\t\t\t\t<div class=\"elementor-element elementor-element-29bf3b9 elementor-widget elementor-widget-image\" data-id=\"29bf3b9\" data-element_type=\"widget\" data-widget_type=\"image.default\">\n\t\t\t\t<div class=\"elementor-widget-container\">\n\t\t\t\t\t\t\t\t<div class=\"elementor-image\">\n\t\t\t\t\t\t\t\t\t\t\t\t<img width=\"900\" height=\"600\" src=\"https:\/\/stomatologia-rabien.pl\/wp-content\/uploads\/2019\/12\/mg-9074jpg-37.jpg\" class=\"attachment-full size-full\" alt=\"\" loading=\"lazy\" srcset=\"https:\/\/stomatologia-rabien.pl\/wp-content\/uploads\/2019\/12\/mg-9074jpg-37.jpg 900w, https:\/\/stomatologia-rabien.pl\/wp-content\/uploads\/2019\/12\/mg-9074jpg-37-300x200.jpg 300w, https:\/\/stomatologia-rabien.pl\/wp-content\/uploads\/2019\/12\/mg-9074jpg-37-768x512.jpg 768w\" sizes=\"(max-width: 900px) 100vw, 900px\" \/>\t\t\t\t\t\t\t\t\t\t\t\t\t\t<\/div>\n\t\t\t\t\t\t<\/div>\n\t\t\t\t<\/div>\n\t\t\t\t\t\t<\/div>\n\t\t\t\t\t<\/div>\n\t\t<\/div>\n\t\t\t\t\t\t\t\t<\/div>\n\t\t\t\t\t<\/div>\n\t\t<\/section>\n\t\t\t\t<section class=\"elementor-section elementor-top-section elementor-element elementor-element-0e25840 elementor-section-content-top elementor-section-boxed elementor-section-height-default elementor-section-height-default\" data-id=\"0e25840\" data-element_type=\"section\">\n\t\t\t\t\t\t<div class=\"elementor-container elementor-column-gap-default\">\n\t\t\t\t\t\t\t<div class=\"elementor-row\">\n\t\t\t\t\t<div class=\"elementor-column elementor-col-50 elementor-top-column elementor-element elementor-element-0960e24\" data-id=\"0960e24\" data-element_type=\"column\" data-settings=\"{&quot;background_background&quot;:&quot;classic&quot;}\">\n\t\t\t<div class=\"elementor-column-wrap elementor-element-populated\">\n\t\t\t\t\t\t\t<div class=\"elementor-widget-wrap\">\n\t\t\t\t\t\t<div class=\"elementor-element elementor-element-d372348 elementor-widget elementor-widget-text-editor\" data-id=\"d372348\" data-element_type=\"widget\" data-widget_type=\"text-editor.default\">\n\t\t\t\t<div class=\"elementor-widget-container\">\n\t\t\t\t\t\t\t\t<div class=\"elementor-text-editor elementor-clearfix\">\n\t\t\t\t<p class=\"p1\">Oral diseases are quite common, but their negative consequences are usually underestimated. Some lesions may be a symptom of systemic disorders or a harbinger of more serious diseases.<\/p>\t\t\t\t\t<\/div>\n\t\t\t\t\t\t<\/div>\n\t\t\t\t<\/div>\n\t\t\t\t\t\t<\/div>\n\t\t\t\t\t<\/div>\n\t\t<\/div>\n\t\t\t\t<div class=\"elementor-column elementor-col-50 elementor-top-column elementor-element elementor-element-aff2024\" data-id=\"aff2024\" data-element_type=\"column\" data-settings=\"{&quot;background_background&quot;:&quot;classic&quot;}\">\n\t\t\t<div class=\"elementor-column-wrap elementor-element-populated\">\n\t\t\t\t\t\t\t<div class=\"elementor-widget-wrap\">\n\t\t\t\t\t\t<div class=\"elementor-element elementor-element-f991e1c elementor-widget elementor-widget-text-editor\" data-id=\"f991e1c\" data-element_type=\"widget\" data-widget_type=\"text-editor.default\">\n\t\t\t\t<div class=\"elementor-widget-container\">\n\t\t\t\t\t\t\t\t<div class=\"elementor-text-editor elementor-clearfix\">\n\t\t\t\t<p class=\"p1\">treatments:<\/p><p class=\"p1\">- treatment of bacterial, viral or mucosal diseases <span class=\"apple-converted-space\">\u00a0 <\/span>fungal<\/p><p class=\"p1\">- treatment of chronic diseases of the oral mucosa<\/p><p class=\"p1\">- diagnostics of pathological changes with material sampling for histopathological examination<\/p>\t\t\t\t\t<\/div>\n\t\t\t\t\t\t<\/div>\n\t\t\t\t<\/div>\n\t\t\t\t\t\t<\/div>\n\t\t\t\t\t<\/div>\n\t\t<\/div>\n\t\t\t\t\t\t\t\t<\/div>\n\t\t\t\t\t<\/div>\n\t\t<\/section>\n\t\t\t\t<section class=\"elementor-section elementor-top-section elementor-element elementor-element-bbe81fa elementor-section-content-top elementor-section-boxed elementor-section-height-default elementor-section-height-default\" data-id=\"bbe81fa\" data-element_type=\"section\">\n\t\t\t\t\t\t<div class=\"elementor-container elementor-column-gap-default\">\n\t\t\t\t\t\t\t<div class=\"elementor-row\">\n\t\t\t\t\t<div class=\"elementor-column elementor-col-100 elementor-top-column elementor-element elementor-element-10a6b12\" data-id=\"10a6b12\" data-element_type=\"column\" data-settings=\"{&quot;background_background&quot;:&quot;classic&quot;}\">\n\t\t\t<div class=\"elementor-column-wrap elementor-element-populated\">\n\t\t\t\t\t\t\t<div class=\"elementor-widget-wrap\">\n\t\t\t\t\t\t<div class=\"elementor-element elementor-element-0390f55 elementor-mobile-align-center elementor-widget elementor-widget-bdt-advanced-button\" data-id=\"0390f55\" data-element_type=\"widget\" data-widget_type=\"bdt-advanced-button.default\">\n\t\t\t\t<div class=\"elementor-widget-container\">\n\t\t\t\t\t<div class=\"bdt-advanced-button-wrapper\">\n\t\t\t<a href=\"https:\/\/stomatologia-rabien.pl\/en\/uslugi\/\" class=\"bdt-advanced-button bdt-advanced-button-effect-a bdt-advanced-button-size-md\">\n\t\t\t\t\t\t<div class=\"bdt-advanced-button-content-wrapper bdt-flex bdt-flex-middle\" data-text=\"Zobacz ca\u0142\u0105 ofert\u0119\">\n\t\t\t\t\t\t<div class=\"bdt-advanced-button-text\">\n\n                <span class=\"avdbtn-text\">See the whole offer<\/span>\n\n\t\t\t\t            <\/div>\n\n\t\t<\/div>\n\t\t\t\t\t<\/a>\n\t\t<\/div>\n\t\t\t\t<\/div>\n\t\t\t\t<\/div>\n\t\t\t\t\t\t<\/div>\n\t\t\t\t\t<\/div>\n\t\t<\/div>\n\t\t\t\t\t\t\t\t<\/div>\n\t\t\t\t\t<\/div>\n\t\t<\/section>\n\t\t\t\t\t\t<\/div>\n\t\t\t\t\t\t<\/div>\n\t\t\t\t\t<\/div>","protected":false},"excerpt":{"rendered":"<p>Us\u0142ugi stomatologiczne Leczenie chor\u00f3b b\u0142ony \u015bluzowej jamy ustnej Leczenie chor\u00f3b b\u0142ony \u015bluzowej jamy ustnej Choroby jamy ustnej wyst\u0119puj\u0105 do\u015b\u0107 powszechni, ale ich niekorzystne nast\u0119pstwa s\u0105 zazwyczaj bagatelizowane. Niekt\u00f3re zmiany chorobowe mog\u0105 by objawem zaburze\u0144 og\u00f3lnoustrojowych lub zwiastunem powa\u017cniejszych chor\u00f3b. Zabiegi: &#8211; leczenie chor\u00f3b b\u0142ony \u015bluzowej o pod\u0142o\u017cu bakteryjnym, wirusowym lub &nbsp; grzybiczym &#8211; leczenie przewlek\u0142ych [&hellip;]<\/p>","protected":false},"author":1,"featured_media":0,"parent":770,"menu_order":0,"comment_status":"closed","ping_status":"closed","template":"elementor_header_footer","meta":[],"_links":{"self":[{"href":"https:\/\/stomatologia-rabien.pl\/en\/wp-json\/wp\/v2\/pages\/721"}],"collection":[{"href":"https:\/\/stomatologia-rabien.pl\/en\/wp-json\/wp\/v2\/pages"}],"about":[{"href":"https:\/\/stomatologia-rabien.pl\/en\/wp-json\/wp\/v2\/types\/page"}],"author":[{"embeddable":true,"href":"https:\/\/stomatologia-rabien.pl\/en\/wp-json\/wp\/v2\/users\/1"}],"replies":[{"embeddable":true,"href":"https:\/\/stomatologia-rabien.pl\/en\/wp-json\/wp\/v2\/comments?post=721"}],"version-history":[{"count":7,"href":"https:\/\/stomatologia-rabien.pl\/en\/wp-json\/wp\/v2\/pages\/721\/revisions"}],"predecessor-version":[{"id":1183,"href":"https:\/\/stomatologia-rabien.pl\/en\/wp-json\/wp\/v2\/pages\/721\/revisions\/1183"}],"up":[{"embeddable":true,"href":"https:\/\/stomatologia-rabien.pl\/en\/wp-json\/wp\/v2\/pages\/770"}],"wp:attachment":[{"href":"https:\/\/stomatologia-rabien.pl\/en\/wp-json\/wp\/v2\/media?parent=721"}],"curies":[{"name":"wp","href":"https:\/\/api.w.org\/{rel}","templated":true}]}}