{"id":717,"date":"2020-01-29T14:40:38","date_gmt":"2020-01-29T13:40:38","guid":{"rendered":"https:\/\/stomatologia-rabien.pl\/?page_id=717"},"modified":"2022-10-24T10:21:43","modified_gmt":"2022-10-24T08:21:43","slug":"stomatologia-dziecieca","status":"publish","type":"page","link":"https:\/\/stomatologia-rabien.pl\/en\/uslugi\/stomatologia-dziecieca\/","title":{"rendered":"Children&#039;s dentistry"},"content":{"rendered":"<div data-elementor-type=\"wp-page\" data-elementor-id=\"717\" class=\"elementor elementor-717\" data-elementor-settings=\"[]\">\n\t\t\t\t\t\t<div class=\"elementor-inner\">\n\t\t\t\t\t\t\t<div class=\"elementor-section-wrap\">\n\t\t\t\t\t\t\t<section class=\"elementor-section elementor-top-section elementor-element elementor-element-efa7102 elementor-section-height-min-height elementor-section-boxed elementor-section-height-default elementor-section-items-middle\" data-id=\"efa7102\" data-element_type=\"section\" data-settings=\"{&quot;background_background&quot;:&quot;classic&quot;}\">\n\t\t\t\t\t\t<div class=\"elementor-container elementor-column-gap-no\">\n\t\t\t\t\t\t\t<div class=\"elementor-row\">\n\t\t\t\t\t<div class=\"elementor-column elementor-col-100 elementor-top-column elementor-element elementor-element-8a1418c\" data-id=\"8a1418c\" data-element_type=\"column\">\n\t\t\t<div class=\"elementor-column-wrap elementor-element-populated\">\n\t\t\t\t\t\t\t<div class=\"elementor-widget-wrap\">\n\t\t\t\t\t\t<div class=\"elementor-element elementor-element-2d50121 elementor-widget elementor-widget-heading\" data-id=\"2d50121\" data-element_type=\"widget\" data-widget_type=\"heading.default\">\n\t\t\t\t<div class=\"elementor-widget-container\">\n\t\t\t<h2 class=\"elementor-heading-title elementor-size-default\">Dental services<\/h2>\t\t<\/div>\n\t\t\t\t<\/div>\n\t\t\t\t<div class=\"elementor-element elementor-element-bb8e9ce elementor-widget-divider--view-line elementor-widget elementor-widget-divider\" data-id=\"bb8e9ce\" data-element_type=\"widget\" data-widget_type=\"divider.default\">\n\t\t\t\t<div class=\"elementor-widget-container\">\n\t\t\t\t\t<div class=\"elementor-divider\">\n\t\t\t<span class=\"elementor-divider-separator\">\n\t\t\t\t\t\t<\/span>\n\t\t<\/div>\n\t\t\t\t<\/div>\n\t\t\t\t<\/div>\n\t\t\t\t<div class=\"elementor-element elementor-element-28435dc elementor-widget elementor-widget-heading\" data-id=\"28435dc\" data-element_type=\"widget\" data-widget_type=\"heading.default\">\n\t\t\t\t<div class=\"elementor-widget-container\">\n\t\t\t<h1 class=\"elementor-heading-title elementor-size-default\">Children&#039;s dentistry<\/h1>\t\t<\/div>\n\t\t\t\t<\/div>\n\t\t\t\t\t\t<\/div>\n\t\t\t\t\t<\/div>\n\t\t<\/div>\n\t\t\t\t\t\t\t\t<\/div>\n\t\t\t\t\t<\/div>\n\t\t<\/section>\n\t\t\t\t<section class=\"elementor-section elementor-top-section elementor-element elementor-element-ae1f476 elementor-section-content-middle elementor-section-boxed elementor-section-height-default elementor-section-height-default\" data-id=\"ae1f476\" data-element_type=\"section\">\n\t\t\t\t\t\t<div class=\"elementor-container elementor-column-gap-default\">\n\t\t\t\t\t\t\t<div class=\"elementor-row\">\n\t\t\t\t\t<div class=\"elementor-column elementor-col-50 elementor-top-column elementor-element elementor-element-0c63e6d\" data-id=\"0c63e6d\" data-element_type=\"column\" data-settings=\"{&quot;background_background&quot;:&quot;classic&quot;}\">\n\t\t\t<div class=\"elementor-column-wrap elementor-element-populated\">\n\t\t\t\t\t\t\t<div class=\"elementor-widget-wrap\">\n\t\t\t\t\t\t<section class=\"elementor-section elementor-inner-section elementor-element elementor-element-0a27d89 elementor-section-boxed elementor-section-height-default elementor-section-height-default\" data-id=\"0a27d89\" data-element_type=\"section\">\n\t\t\t\t\t\t<div class=\"elementor-container elementor-column-gap-default\">\n\t\t\t\t\t\t\t<div class=\"elementor-row\">\n\t\t\t\t\t<div class=\"elementor-column elementor-col-100 elementor-inner-column elementor-element elementor-element-e8e65b7\" data-id=\"e8e65b7\" data-element_type=\"column\" data-settings=\"{&quot;background_background&quot;:&quot;classic&quot;}\">\n\t\t\t<div class=\"elementor-column-wrap elementor-element-populated\">\n\t\t\t\t\t\t\t<div class=\"elementor-widget-wrap\">\n\t\t\t\t\t\t<div class=\"elementor-element elementor-element-6ded0a7 elementor-view-default elementor-position-top elementor-vertical-align-top elementor-widget elementor-widget-icon-box\" data-id=\"6ded0a7\" data-element_type=\"widget\" data-widget_type=\"icon-box.default\">\n\t\t\t\t<div class=\"elementor-widget-container\">\n\t\t\t\t\t<div class=\"elementor-icon-box-wrapper\">\n\t\t\t\t\t\t<div class=\"elementor-icon-box-icon\">\n\t\t\t\t<span class=\"elementor-icon elementor-animation-grow\" >\n\t\t\t\t<svg xmlns=\"http:\/\/www.w3.org\/2000\/svg\" xmlns:xlink=\"http:\/\/www.w3.org\/1999\/xlink\" id=\"Outline\" x=\"0px\" y=\"0px\" viewbox=\"0 0 103.4 68.3\" xml:space=\"preserve\">\n<lineargradient id=\"SVGID_1_\" gradientunits=\"userSpaceOnUse\" x1=\"0\" y1=\"34.1292\" x2=\"103.4248\" y2=\"34.1292\">\n\t<stop offset=\"0\" style=\"stop-color:#32DAC3\"><\/stop>\n\t<stop offset=\"1\" style=\"stop-color:#07A7E3\"><\/stop>\n<\/lineargradient>\n<path fill=\"url(#SVGID_1_)\" d=\"M48.2,68.3c-2,0-3.9-1.3-4.5-3.2l-0.1-0.3h-9.7v2.1c0,0.7-0.6,1.3-1.3,1.3h-6.9  c-0.7,0-1.3-0.6-1.3-1.3v-2.1H20v2.1c0,0.7-0.6,1.3-1.3,1.3h-6.9c-0.7,0-1.3-0.6-1.3-1.3v-7.3H8.3c-0.4,0-0.7-0.1-0.9-0.4l-6.9-6.9  c-0.4-0.4-0.5-1-0.3-1.5S0.8,50,1.3,50h8.1l3.1-3.1c0.3-0.3,0.6-0.4,0.9-0.4s0.7,0.1,0.9,0.4l2.5,2.5l2.5-2.5  c0.3-0.3,0.6-0.4,0.9-0.4s0.7,0.1,0.9,0.4l2.5,2.5l1.6-1.6l-4.3-4.3c-1.6-1.6-2.5-3.8-2.5-6.2c0-2.3,0.9-4.5,2.5-6.2l3.5-3.5  c1.2-1.2,2.7-1.8,4.4-1.8c0.1,0,0.2,0,0.3,0l0.4,0l0-0.4c0-0.1,0-0.2,0-0.3c0-1.7,0.6-3.2,1.8-4.4c0.1-0.1,0.2-0.2,0.2-0.2  c1.2-1,2.6-1.6,4.2-1.6s3,0.6,4.2,1.6c0.1,0.1,0.2,0.2,0.2,0.2l6.9,6.9l0.2-0.5c0.4-0.9,1-1.8,1.7-2.5c1.2-1.2,2.7-2,4.3-2.3  l0.3-0.1l0-0.3c0.3-1.6,1.1-3.1,2.3-4.3c1.2-1.2,2.7-2,4.3-2.3l0.3-0.1l0-0.3c0.3-1.6,1.1-3.1,2.3-4.3c1.2-1.2,2.6-1.9,4.2-2.3  l0.3-0.1V6.5c0-0.9,0.2-1.7,0.5-2.5c0.3-0.8,0.8-1.5,1.4-2.1C70.9,0.7,72.5,0,74.3,0s3.4,0.7,4.6,1.9l8.5,8.5  c0.3,0.3,0.4,0.6,0.4,0.9s-0.1,0.7-0.4,0.9l-0.8,0.8l4.3,4.3c0.5,0.5,0.5,1.4,0,1.9l-5.2,5.2c-0.3,0.3-0.6,0.4-0.9,0.4  s-0.7-0.1-0.9-0.4l-4.3-4.3l-3.3,3.3l4.3,4.3c0.3,0.3,0.4,0.6,0.4,0.9c0,0.4-0.1,0.7-0.4,0.9l-5.2,5.2c-0.3,0.3-0.6,0.4-0.9,0.4  c-0.4,0-0.7-0.1-0.9-0.4l-4.3-4.3l-3.3,3.3l4.3,4.3c0.3,0.3,0.4,0.6,0.4,0.9c0,0.4-0.1,0.7-0.4,0.9l-5.2,5.2  c-0.3,0.3-0.6,0.4-0.9,0.4c-0.4,0-0.7-0.1-0.9-0.4L58.7,41l-2.1,2.1v8.1c0,1.1-0.2,2.3-0.5,3.4l-0.2,0.5h4.9v-5.6  c0-0.7,0.6-1.3,1.3-1.3h6.9c0.7,0,1.3,0.6,1.3,1.3v5.6h4.3v-5.6c0-0.7,0.6-1.3,1.3-1.3H83c0.7,0,1.3,0.6,1.3,1.3v5.6h4.3v-5.6  c0-0.7,0.6-1.3,1.3-1.3h6.9c0.7,0,1.3,0.6,1.3,1.3v5.6h3.9c0.7,0,1.3,0.6,1.3,1.3v6.9c0,2.7-2.2,4.8-4.8,4.8H48.2z M54.4,58  c-1.9,2.7-4.8,4.5-8,4.9L46.1,63l0,0.4c0,1.3,1,2.2,2.1,2.2h50.4c1.2,0,2.1-1,2.1-2.1v-5.6H54.5L54.4,58z M25.7,62.1  c0.7,0,1.3,0.6,1.3,1.3v2.1h4.3v-2.1c0-0.7,0.6-1.3,1.3-1.3h7.3l-1.2-0.7c-0.8-0.5-1.6-1.1-2.3-1.8c-1.8-1.8-3-4.1-3.3-6.6l0-0.3  h-2.2c-0.4,0-0.7-0.1-0.9-0.4l-2.5-2.5l-2.5,2.5c-0.3,0.3-0.6,0.4-0.9,0.4c-0.4,0-0.7-0.1-0.9-0.4l-2.5-2.5l-2.5,2.5  c-0.3,0.3-0.6,0.4-0.9,0.4c-0.4,0-0.7-0.1-0.9-0.4l-2.5-2.5L11,52.2c-0.2,0.2-0.6,0.4-0.9,0.4H4.6l4.3,4.3h2.9  c0.7,0,1.3,0.6,1.3,1.3v7.3h4.3v-2.1c0-0.7,0.6-1.3,1.3-1.3H25.7z M22.5,33.9c-0.7,1-1.1,2.2-1.1,3.5c0,1.6,0.6,3.1,1.8,4.3l8.3,8.3  h2.9c0.7,0,1.3,0.6,1.3,1.3c0,2.4,0.9,4.7,2.7,6.4c1.7,1.7,4,2.7,6.4,2.7c3.2,0,6.2-1.7,7.9-4.5c0.8-1.4,1.2-2.9,1.2-4.5v-8.7  c0-0.4,0.1-0.7,0.4-0.9l30.3-30.3L77,3.8c-0.7-0.7-1.7-1.1-2.7-1.1s-2,0.4-2.7,1.1c-0.4,0.4-0.6,0.8-0.8,1.3c-0.2,0.5-0.3,1-0.3,1.5  v3.1c0,0.7-0.6,1.3-1.3,1.3c-1.5,0-2.9,0.6-4,1.6c-1.1,1.1-1.6,2.5-1.6,4c0,0.4-0.1,0.7-0.4,0.9c-0.2,0.2-0.6,0.4-0.9,0.4  c-1.5,0-2.9,0.6-4,1.6c-1.1,1.1-1.6,2.5-1.6,4c0,0.7-0.6,1.3-1.3,1.3c-1.5,0-2.9,0.6-4,1.6c-1.1,1.1-1.6,2.5-1.6,4  c0,0.4-0.1,0.7-0.4,0.9l-0.3,0.3l0,0L35.3,45.3c-0.3,0.3-0.6,0.4-0.9,0.4c-0.4,0-0.7-0.1-0.9-0.4l-8.7-8.7C24,35.9,23.5,35,23.2,34  l-0.2-0.8L22.5,33.9z M91.3,55.2h4.3v-4.3h-4.3V55.2z M77.4,55.2h4.3v-4.3h-4.3V55.2z M63.5,55.2h4.3v-4.3h-4.3V55.2z M60.6,39.1  l3.3,3.3l3.3-3.3l-3.3-3.3L60.6,39.1z M29.1,28.6c-1,0-1.9,0.4-2.5,1c-0.7,0.7-1,1.6-1,2.5c0,1,0.4,1.9,1,2.5l7.7,7.7l2.5-2.5  l-4.9-4.9l1.9-1.9l4.9,4.9l3.3-3.3l-4.9-4.9L39,28l4.9,4.9l2.5-2.5l-7.7-7.7c-0.1-0.1-0.2-0.2-0.3-0.2c-0.7-0.5-1.5-0.8-2.3-0.8  s-1.6,0.3-2.2,0.8c-0.1,0.1-0.2,0.2-0.3,0.2c-0.7,0.7-1.1,1.6-1.1,2.5c0,1,0.4,1.9,1,2.5c0.5,0.5,0.5,1.4,0,1.9  C33.3,29.9,33,30,32.6,30s-0.7-0.1-0.9-0.4C31,29,30.1,28.6,29.1,28.6z M71,28.7l3.3,3.3l3.3-3.3l-3.3-3.3L71,28.7z M81.4,18.3  l3.3,3.3l3.3-3.3L84.7,15L81.4,18.3z\"><\/path>\n<lineargradient id=\"SVGID_2_\" gradientunits=\"userSpaceOnUse\" x1=\"39.9541\" y1=\"51.2876\" x2=\"49.5752\" y2=\"51.2876\">\n\t<stop offset=\"0\" style=\"stop-color:#32DAC3\"><\/stop>\n\t<stop offset=\"1\" style=\"stop-color:#07A7E3\"><\/stop>\n<\/lineargradient>\n<path fill=\"url(#SVGID_2_)\" d=\"M44.8,56.1c-2.7,0-4.8-2.2-4.8-4.8s2.2-4.8,4.8-4.8s4.8,2.2,4.8,4.8S47.4,56.1,44.8,56.1z M44.8,49.1  c-1.2,0-2.1,1-2.1,2.1s1,2.1,2.1,2.1s2.1-1,2.1-2.1S45.9,49.1,44.8,49.1z\"><\/path>\n<lineargradient id=\"SVGID_3_\" gradientunits=\"userSpaceOnUse\" x1=\"73.6201\" y1=\"9.603\" x2=\"78.4189\" y2=\"9.603\">\n\t<stop offset=\"0\" style=\"stop-color:#32DAC3\"><\/stop>\n\t<stop offset=\"1\" style=\"stop-color:#07A7E3\"><\/stop>\n<\/lineargradient>\n<polygon fill=\"url(#SVGID_3_)\" points=\"73.6,9.1 75.5,7.2 78.4,10.1 76.5,12 \"><\/polygon>\n<lineargradient id=\"SVGID_4_\" gradientunits=\"userSpaceOnUse\" x1=\"66.6719\" y1=\"16.5498\" x2=\"71.4707\" y2=\"16.5498\">\n\t<stop offset=\"0\" style=\"stop-color:#32DAC3\"><\/stop>\n\t<stop offset=\"1\" style=\"stop-color:#07A7E3\"><\/stop>\n<\/lineargradient>\n<polygon fill=\"url(#SVGID_4_)\" points=\"66.7,16 68.6,14.2 71.5,17.1 69.6,18.9 \"><\/polygon>\n<lineargradient id=\"SVGID_5_\" gradientunits=\"userSpaceOnUse\" x1=\"85.1182\" y1=\"33.9167\" x2=\"103.4248\" y2=\"33.9167\">\n\t<stop offset=\"0\" style=\"stop-color:#32DAC3\"><\/stop>\n\t<stop offset=\"1\" style=\"stop-color:#07A7E3\"><\/stop>\n<\/lineargradient>\n<path fill=\"url(#SVGID_5_)\" d=\"M89.9,43.9c-2.7,0-4.8-2.2-4.8-4.8v-6.9c0-0.4,0.1-0.7,0.4-0.9l6.9-6.9c0.2-0.2,0.6-0.4,0.9-0.4h10  v2.7H94l-6.2,6.2v6.4c0,1.2,1,2.1,2.1,2.1s2.1-1,2.1-2.1v-3.5c0-0.4,0.1-0.7,0.4-0.9l3.5-3.5c0.3-0.3,0.6-0.4,0.9-0.4h1.7  c0.7,0,1.3,0.6,1.3,1.3v1.7c0,2,1.5,3.7,3.5,3.9v2.7c-3.2-0.2-5.8-2.7-6.1-5.9l-0.1-0.8l-2.5,2.5v2.9C94.7,41.8,92.6,43.9,89.9,43.9  z\"><\/path>\n<\/svg>\t\t\t\t<\/span>\n\t\t\t<\/div>\n\t\t\t\t\t\t<div class=\"elementor-icon-box-content\">\n\t\t\t\t<h3 class=\"elementor-icon-box-title\">\n\t\t\t\t\t<span  >\n\t\t\t\t\t\tChildren&#039;s dentistry\t\t\t\t\t<\/span>\n\t\t\t\t<\/h3>\n\t\t\t\t\t\t\t<\/div>\n\t\t<\/div>\n\t\t\t\t<\/div>\n\t\t\t\t<\/div>\n\t\t\t\t\t\t<\/div>\n\t\t\t\t\t<\/div>\n\t\t<\/div>\n\t\t\t\t\t\t\t\t<\/div>\n\t\t\t\t\t<\/div>\n\t\t<\/section>\n\t\t\t\t\t\t<\/div>\n\t\t\t\t\t<\/div>\n\t\t<\/div>\n\t\t\t\t<div class=\"elementor-column elementor-col-50 elementor-top-column elementor-element elementor-element-4ac1a42\" data-id=\"4ac1a42\" data-element_type=\"column\">\n\t\t\t<div class=\"elementor-column-wrap elementor-element-populated\">\n\t\t\t\t\t\t\t<div class=\"elementor-widget-wrap\">\n\t\t\t\t\t\t<div class=\"elementor-element elementor-element-29bf3b9 elementor-widget elementor-widget-image\" data-id=\"29bf3b9\" data-element_type=\"widget\" data-widget_type=\"image.default\">\n\t\t\t\t<div class=\"elementor-widget-container\">\n\t\t\t\t\t\t\t\t<div class=\"elementor-image\">\n\t\t\t\t\t\t\t\t\t\t\t\t<img width=\"900\" height=\"600\" src=\"https:\/\/stomatologia-rabien.pl\/wp-content\/uploads\/2019\/12\/img-6112as-26.jpg\" class=\"attachment-full size-full\" alt=\"\" loading=\"lazy\" srcset=\"https:\/\/stomatologia-rabien.pl\/wp-content\/uploads\/2019\/12\/img-6112as-26.jpg 900w, https:\/\/stomatologia-rabien.pl\/wp-content\/uploads\/2019\/12\/img-6112as-26-300x200.jpg 300w, https:\/\/stomatologia-rabien.pl\/wp-content\/uploads\/2019\/12\/img-6112as-26-768x512.jpg 768w\" sizes=\"(max-width: 900px) 100vw, 900px\" \/>\t\t\t\t\t\t\t\t\t\t\t\t\t\t<\/div>\n\t\t\t\t\t\t<\/div>\n\t\t\t\t<\/div>\n\t\t\t\t\t\t<\/div>\n\t\t\t\t\t<\/div>\n\t\t<\/div>\n\t\t\t\t\t\t\t\t<\/div>\n\t\t\t\t\t<\/div>\n\t\t<\/section>\n\t\t\t\t<section class=\"elementor-section elementor-top-section elementor-element elementor-element-0e25840 elementor-section-content-top elementor-section-boxed elementor-section-height-default elementor-section-height-default\" data-id=\"0e25840\" data-element_type=\"section\">\n\t\t\t\t\t\t<div class=\"elementor-container elementor-column-gap-default\">\n\t\t\t\t\t\t\t<div class=\"elementor-row\">\n\t\t\t\t\t<div class=\"elementor-column elementor-col-50 elementor-top-column elementor-element elementor-element-0960e24\" data-id=\"0960e24\" data-element_type=\"column\" data-settings=\"{&quot;background_background&quot;:&quot;classic&quot;}\">\n\t\t\t<div class=\"elementor-column-wrap elementor-element-populated\">\n\t\t\t\t\t\t\t<div class=\"elementor-widget-wrap\">\n\t\t\t\t\t\t<div class=\"elementor-element elementor-element-d372348 elementor-widget elementor-widget-text-editor\" data-id=\"d372348\" data-element_type=\"widget\" data-widget_type=\"text-editor.default\">\n\t\t\t\t<div class=\"elementor-widget-container\">\n\t\t\t\t\t\t\t\t<div class=\"elementor-text-editor elementor-clearfix\">\n\t\t\t\t<p class=\"p1\">Children&#039;s dentistry will focus on treating the youngest patients. Prevention plays a very important role here. Treatments such as varnishing or tooth sealing strengthen the enamel and reduce the risk of tooth decay. Hygiene and brushing instructions as well as dietary recommendations are equally important. Children&#039;s dentistry is not only a challenge for a child, but also for a doctor, which is why adaptive visits are so important. Each young patient will be awarded a gift that he can choose for himself.<\/p>\t\t\t\t\t<\/div>\n\t\t\t\t\t\t<\/div>\n\t\t\t\t<\/div>\n\t\t\t\t\t\t<\/div>\n\t\t\t\t\t<\/div>\n\t\t<\/div>\n\t\t\t\t<div class=\"elementor-column elementor-col-50 elementor-top-column elementor-element elementor-element-aff2024\" data-id=\"aff2024\" data-element_type=\"column\" data-settings=\"{&quot;background_background&quot;:&quot;classic&quot;}\">\n\t\t\t<div class=\"elementor-column-wrap elementor-element-populated\">\n\t\t\t\t\t\t\t<div class=\"elementor-widget-wrap\">\n\t\t\t\t\t\t<div class=\"elementor-element elementor-element-f991e1c elementor-widget elementor-widget-text-editor\" data-id=\"f991e1c\" data-element_type=\"widget\" data-widget_type=\"text-editor.default\">\n\t\t\t\t<div class=\"elementor-widget-container\">\n\t\t\t\t\t\t\t\t<div class=\"elementor-text-editor elementor-clearfix\">\n\t\t\t\t<p class=\"p1\">treatments:<\/p><p class=\"p1\">- adaptive visits<\/p><p class=\"p1\">- hygienization and hygiene and diet instruction<\/p><p class=\"p1\">- varnished<\/p><p class=\"p1\">- sealing<\/p><p class=\"p1\">- colorful fillings<\/p>\t\t\t\t\t<\/div>\n\t\t\t\t\t\t<\/div>\n\t\t\t\t<\/div>\n\t\t\t\t\t\t<\/div>\n\t\t\t\t\t<\/div>\n\t\t<\/div>\n\t\t\t\t\t\t\t\t<\/div>\n\t\t\t\t\t<\/div>\n\t\t<\/section>\n\t\t\t\t<section class=\"elementor-section elementor-top-section elementor-element elementor-element-bbe81fa elementor-section-content-top elementor-section-boxed elementor-section-height-default elementor-section-height-default\" data-id=\"bbe81fa\" data-element_type=\"section\">\n\t\t\t\t\t\t<div class=\"elementor-container elementor-column-gap-default\">\n\t\t\t\t\t\t\t<div class=\"elementor-row\">\n\t\t\t\t\t<div class=\"elementor-column elementor-col-100 elementor-top-column elementor-element elementor-element-10a6b12\" data-id=\"10a6b12\" data-element_type=\"column\" data-settings=\"{&quot;background_background&quot;:&quot;classic&quot;}\">\n\t\t\t<div class=\"elementor-column-wrap elementor-element-populated\">\n\t\t\t\t\t\t\t<div class=\"elementor-widget-wrap\">\n\t\t\t\t\t\t<div class=\"elementor-element elementor-element-0390f55 elementor-mobile-align-center elementor-widget elementor-widget-bdt-advanced-button\" data-id=\"0390f55\" data-element_type=\"widget\" data-widget_type=\"bdt-advanced-button.default\">\n\t\t\t\t<div class=\"elementor-widget-container\">\n\t\t\t\t\t<div class=\"bdt-advanced-button-wrapper\">\n\t\t\t<a href=\"https:\/\/stomatologia-rabien.pl\/en\/uslugi\/\" class=\"bdt-advanced-button bdt-advanced-button-effect-a bdt-advanced-button-size-md\">\n\t\t\t\t\t\t<div class=\"bdt-advanced-button-content-wrapper bdt-flex bdt-flex-middle\" data-text=\"Zobacz ca\u0142\u0105 ofert\u0119\">\n\t\t\t\t\t\t<div class=\"bdt-advanced-button-text\">\n\n                <span class=\"avdbtn-text\">See the whole offer<\/span>\n\n\t\t\t\t            <\/div>\n\n\t\t<\/div>\n\t\t\t\t\t<\/a>\n\t\t<\/div>\n\t\t\t\t<\/div>\n\t\t\t\t<\/div>\n\t\t\t\t\t\t<\/div>\n\t\t\t\t\t<\/div>\n\t\t<\/div>\n\t\t\t\t\t\t\t\t<\/div>\n\t\t\t\t\t<\/div>\n\t\t<\/section>\n\t\t\t\t\t\t<\/div>\n\t\t\t\t\t\t<\/div>\n\t\t\t\t\t<\/div>","protected":false},"excerpt":{"rendered":"<p>Us\u0142ugi stomatologiczne Stomatologia dzieci\u0119ca Stomatologia dzieci\u0119ca Stomatologia dzieci\u0119ca skupi si\u0119 na leczeniu najm\u0142odszych pacjent\u00f3w. Bardzo wa\u017cn\u0105 rol\u0119 pe\u0142ni tu profilaktyka. Takie zabiegi jak lakierowanie czy lakowanie z\u0119b\u00f3w, wzmacniaj\u0105 szkliwo i zmniejszaj\u0105 ryzyko pojawienia si\u0119 pr\u00f3chnicy. R\u00f3wnie wa\u017cna jest higiena i instrukta\u017c szczotkowania oraz zalecenia dietetyczne. Stomatologia dzieci\u0119ca to nie tylko wyzwanie dla dziecka, ale r\u00f3wnie\u017c [&hellip;]<\/p>","protected":false},"author":1,"featured_media":0,"parent":770,"menu_order":0,"comment_status":"closed","ping_status":"closed","template":"elementor_header_footer","meta":[],"_links":{"self":[{"href":"https:\/\/stomatologia-rabien.pl\/en\/wp-json\/wp\/v2\/pages\/717"}],"collection":[{"href":"https:\/\/stomatologia-rabien.pl\/en\/wp-json\/wp\/v2\/pages"}],"about":[{"href":"https:\/\/stomatologia-rabien.pl\/en\/wp-json\/wp\/v2\/types\/page"}],"author":[{"embeddable":true,"href":"https:\/\/stomatologia-rabien.pl\/en\/wp-json\/wp\/v2\/users\/1"}],"replies":[{"embeddable":true,"href":"https:\/\/stomatologia-rabien.pl\/en\/wp-json\/wp\/v2\/comments?post=717"}],"version-history":[{"count":6,"href":"https:\/\/stomatologia-rabien.pl\/en\/wp-json\/wp\/v2\/pages\/717\/revisions"}],"predecessor-version":[{"id":1188,"href":"https:\/\/stomatologia-rabien.pl\/en\/wp-json\/wp\/v2\/pages\/717\/revisions\/1188"}],"up":[{"embeddable":true,"href":"https:\/\/stomatologia-rabien.pl\/en\/wp-json\/wp\/v2\/pages\/770"}],"wp:attachment":[{"href":"https:\/\/stomatologia-rabien.pl\/en\/wp-json\/wp\/v2\/media?parent=717"}],"curies":[{"name":"wp","href":"https:\/\/api.w.org\/{rel}","templated":true}]}}