{"id":485,"date":"2019-12-20T13:45:02","date_gmt":"2019-12-20T12:45:02","guid":{"rendered":"https:\/\/stomatologia-rabien.pl\/?page_id=485"},"modified":"2022-10-24T10:19:56","modified_gmt":"2022-10-24T08:19:56","slug":"konsultacja","status":"publish","type":"page","link":"https:\/\/stomatologia-rabien.pl\/en\/uslugi\/konsultacja\/","title":{"rendered":"Consultation"},"content":{"rendered":"<div data-elementor-type=\"wp-page\" data-elementor-id=\"485\" class=\"elementor elementor-485\" data-elementor-settings=\"[]\">\n\t\t\t\t\t\t<div class=\"elementor-inner\">\n\t\t\t\t\t\t\t<div class=\"elementor-section-wrap\">\n\t\t\t\t\t\t\t<section class=\"elementor-section elementor-top-section elementor-element elementor-element-efa7102 elementor-section-height-min-height elementor-section-boxed elementor-section-height-default elementor-section-items-middle\" data-id=\"efa7102\" data-element_type=\"section\" data-settings=\"{&quot;background_background&quot;:&quot;classic&quot;}\">\n\t\t\t\t\t\t<div class=\"elementor-container elementor-column-gap-no\">\n\t\t\t\t\t\t\t<div class=\"elementor-row\">\n\t\t\t\t\t<div class=\"elementor-column elementor-col-100 elementor-top-column elementor-element elementor-element-8a1418c\" data-id=\"8a1418c\" data-element_type=\"column\">\n\t\t\t<div class=\"elementor-column-wrap elementor-element-populated\">\n\t\t\t\t\t\t\t<div class=\"elementor-widget-wrap\">\n\t\t\t\t\t\t<div class=\"elementor-element elementor-element-2d50121 elementor-widget elementor-widget-heading\" data-id=\"2d50121\" data-element_type=\"widget\" data-widget_type=\"heading.default\">\n\t\t\t\t<div class=\"elementor-widget-container\">\n\t\t\t<h2 class=\"elementor-heading-title elementor-size-default\">Dental services<\/h2>\t\t<\/div>\n\t\t\t\t<\/div>\n\t\t\t\t<div class=\"elementor-element elementor-element-bb8e9ce elementor-widget-divider--view-line elementor-widget elementor-widget-divider\" data-id=\"bb8e9ce\" data-element_type=\"widget\" data-widget_type=\"divider.default\">\n\t\t\t\t<div class=\"elementor-widget-container\">\n\t\t\t\t\t<div class=\"elementor-divider\">\n\t\t\t<span class=\"elementor-divider-separator\">\n\t\t\t\t\t\t<\/span>\n\t\t<\/div>\n\t\t\t\t<\/div>\n\t\t\t\t<\/div>\n\t\t\t\t<div class=\"elementor-element elementor-element-28435dc elementor-widget elementor-widget-heading\" data-id=\"28435dc\" data-element_type=\"widget\" data-widget_type=\"heading.default\">\n\t\t\t\t<div class=\"elementor-widget-container\">\n\t\t\t<h1 class=\"elementor-heading-title elementor-size-default\">Consultation<\/h1>\t\t<\/div>\n\t\t\t\t<\/div>\n\t\t\t\t\t\t<\/div>\n\t\t\t\t\t<\/div>\n\t\t<\/div>\n\t\t\t\t\t\t\t\t<\/div>\n\t\t\t\t\t<\/div>\n\t\t<\/section>\n\t\t\t\t<section class=\"elementor-section elementor-top-section elementor-element elementor-element-ae1f476 elementor-section-content-middle elementor-section-boxed elementor-section-height-default elementor-section-height-default\" data-id=\"ae1f476\" data-element_type=\"section\">\n\t\t\t\t\t\t<div class=\"elementor-container elementor-column-gap-default\">\n\t\t\t\t\t\t\t<div class=\"elementor-row\">\n\t\t\t\t\t<div class=\"elementor-column elementor-col-50 elementor-top-column elementor-element elementor-element-0c63e6d\" data-id=\"0c63e6d\" data-element_type=\"column\" data-settings=\"{&quot;background_background&quot;:&quot;classic&quot;}\">\n\t\t\t<div class=\"elementor-column-wrap elementor-element-populated\">\n\t\t\t\t\t\t\t<div class=\"elementor-widget-wrap\">\n\t\t\t\t\t\t<section class=\"elementor-section elementor-inner-section elementor-element elementor-element-0a27d89 elementor-section-boxed elementor-section-height-default elementor-section-height-default\" data-id=\"0a27d89\" data-element_type=\"section\">\n\t\t\t\t\t\t<div class=\"elementor-container elementor-column-gap-default\">\n\t\t\t\t\t\t\t<div class=\"elementor-row\">\n\t\t\t\t\t<div class=\"elementor-column elementor-col-100 elementor-inner-column elementor-element elementor-element-e8e65b7\" data-id=\"e8e65b7\" data-element_type=\"column\" data-settings=\"{&quot;background_background&quot;:&quot;classic&quot;}\">\n\t\t\t<div class=\"elementor-column-wrap elementor-element-populated\">\n\t\t\t\t\t\t\t<div class=\"elementor-widget-wrap\">\n\t\t\t\t\t\t<div class=\"elementor-element elementor-element-3e043cc elementor-view-default elementor-position-top elementor-vertical-align-top elementor-widget elementor-widget-icon-box\" data-id=\"3e043cc\" data-element_type=\"widget\" data-widget_type=\"icon-box.default\">\n\t\t\t\t<div class=\"elementor-widget-container\">\n\t\t\t\t\t<div class=\"elementor-icon-box-wrapper\">\n\t\t\t\t\t\t<div class=\"elementor-icon-box-icon\">\n\t\t\t\t<a class=\"elementor-icon elementor-animation-grow\" href=\"#\">\n\t\t\t\t<svg xmlns=\"http:\/\/www.w3.org\/2000\/svg\" xmlns:xlink=\"http:\/\/www.w3.org\/1999\/xlink\" id=\"Group_153\" data-name=\"Group 153\" width=\"71.104\" height=\"74.469\" viewbox=\"0 0 71.104 74.469\"><defs><lineargradient id=\"linear-gradient\" x1=\"0.5\" x2=\"0.5\" y2=\"1\" gradientunits=\"objectBoundingBox\"><stop offset=\"0\" stop-color=\"#32dac3\"><\/stop><stop offset=\"1\" stop-color=\"#07a7e3\"><\/stop><\/lineargradient><\/defs><g id=\"Group_146\" data-name=\"Group 146\" transform=\"translate(0 21.148)\"><path id=\"Path_132\" data-name=\"Path 132\" d=\"M587.742,557.708l-3.363-12.085a18.277,18.277,0,0,0,2.068-8.426,19.634,19.634,0,0,0-7.543-15.163,1.129,1.129,0,0,0-1.443,1.738,17.407,17.407,0,0,1,6.729,13.426,16.076,16.076,0,0,1-2.011,7.757,1.129,1.129,0,0,0-.093.842l2.988,10.731-12.422-2.6a1.087,1.087,0,0,0-.687.073,27.226,27.226,0,0,1-10.587,2.254c-.014-10.075-9.779-18.269-21.779-18.269-.576,0-1.139.034-1.7.071-.017-.287-.054-.571-.054-.861a17.41,17.41,0,0,1,6.69-13.393,1.129,1.129,0,0,0-1.446-1.734,19.631,19.631,0,0,0-7.5,15.128c0,.372.017.74.042,1.108-10.118,1.573-17.809,9.028-17.809,17.973a15.689,15.689,0,0,0,1.745,7.178l-2.842,10.207a1.129,1.129,0,0,0,1.086,1.432,1.074,1.074,0,0,0,.233-.025l11.747-2.459a25.319,25.319,0,0,0,9.811,1.958c11.1,0,20.277-7.022,21.6-16.052a29.554,29.554,0,0,0,11.342-2.305l13.885,2.906a1.162,1.162,0,0,0,.231.022,1.126,1.126,0,0,0,1.086-1.43Zm-48.143,14.6a22.979,22.979,0,0,1-9.237-1.91,1.145,1.145,0,0,0-.687-.073l-10.283,2.153,2.464-8.852a1.126,1.126,0,0,0-.095-.841,13.533,13.533,0,0,1-1.687-6.511c0-8.843,8.759-16.037,19.525-16.037s19.523,7.194,19.523,16.037S550.364,572.312,539.6,572.312Z\" transform=\"translate(-516.68 -521.775)\" fill=\"url(#linear-gradient)\"><\/path><\/g><g id=\"Group_147\" data-name=\"Group 147\" transform=\"translate(42.904 39.411)\"><path id=\"Path_133\" data-name=\"Path 133\" d=\"M559.869,533.547H545.461a1.129,1.129,0,0,0,0,2.257h14.408a1.129,1.129,0,0,0,0-2.257Z\" transform=\"translate(-544.335 -533.547)\" fill=\"url(#linear-gradient)\"><\/path><\/g><g id=\"Group_148\" data-name=\"Group 148\" transform=\"translate(47.628 46.04)\"><path id=\"Path_134\" data-name=\"Path 134\" d=\"M558.077,537.82h-9.571a1.128,1.128,0,0,0,0,2.256h9.571a1.128,1.128,0,1,0,0-2.256Z\" transform=\"translate(-547.38 -537.82)\" fill=\"url(#linear-gradient)\"><\/path><\/g><g id=\"Group_149\" data-name=\"Group 149\" transform=\"translate(11.917 48.395)\"><path id=\"Path_135\" data-name=\"Path 135\" d=\"M544.81,539.338H525.491a1.129,1.129,0,1,0,0,2.257H544.81a1.129,1.129,0,0,0,0-2.257Z\" transform=\"translate(-524.362 -539.338)\" fill=\"url(#linear-gradient)\"><\/path><\/g><g id=\"Group_150\" data-name=\"Group 150\" transform=\"translate(11.917 55.214)\"><path id=\"Path_136\" data-name=\"Path 136\" d=\"M544.81,543.733H525.491a1.129,1.129,0,0,0,0,2.259H544.81a1.129,1.129,0,0,0,0-2.259Z\" transform=\"translate(-524.362 -543.733)\" fill=\"url(#linear-gradient)\"><\/path><\/g><g id=\"Group_151\" data-name=\"Group 151\" transform=\"translate(11.917 62.035)\"><path id=\"Path_137\" data-name=\"Path 137\" d=\"M539.938,548.13H525.491a1.128,1.128,0,1,0,0,2.256h14.447a1.128,1.128,0,1,0,0-2.256Z\" transform=\"translate(-524.362 -548.13)\" fill=\"url(#linear-gradient)\"><\/path><\/g><g id=\"Group_152\" data-name=\"Group 152\" transform=\"translate(27.362 0)\"><path id=\"Path_138\" data-name=\"Path 138\" d=\"M538.256,528.59c1.179,9.589,3.1,14.453,5.718,14.453,2.309,0,6.054-2.935,6.279-10.8,0-.017,0-.032,0-.048,0-.228,0-.923,1.055-1.41a1.484,1.484,0,0,1,.946,1.41h0c0,.017,0,.033,0,.05.225,7.867,3.969,10.8,6.28,10.8,2.616,0,4.538-4.863,5.715-14.45a.924.924,0,0,1,.158-.414c1.606-2.29,6.483-10.224,1.8-16.17-4.646-5.906-9.355-3.77-13.514-1.887-.479.217-.96.436-1.448.644-.484-.208-.965-.425-1.443-.642-4.161-1.887-8.871-4.021-13.516,1.886-4.679,5.948.2,13.88,1.806,16.17A.87.87,0,0,1,538.256,528.59Zm-.188-15.185c1.745-2.217,3.405-3,5.124-3a12.6,12.6,0,0,1,4.913,1.423,8,8,0,0,1-1.626.18,1.128,1.128,0,0,0,0,2.256c2.544,0,4.888-1.063,7.154-2.09,4.051-1.835,7.254-3.292,10.807,1.227,3.812,4.845-.9,12.078-1.877,13.479a3.2,3.2,0,0,0-.549,1.434c-1,8.157-2.675,12.265-3.477,12.47-1.012,0-3.838-2.043-4.024-8.617a3.783,3.783,0,0,0-2.171-3.4,2.391,2.391,0,0,0-2.173,0,3.782,3.782,0,0,0-2.172,3.4c-.186,6.573-3.014,8.615-4.01,8.615-.816-.2-2.488-4.31-3.491-12.469a3.155,3.155,0,0,0-.549-1.435C538.964,525.481,534.255,518.25,538.068,513.405Z\" transform=\"translate(-534.317 -508.144)\" fill=\"url(#linear-gradient)\"><\/path><\/g><\/svg>\t\t\t\t<\/a>\n\t\t\t<\/div>\n\t\t\t\t\t\t<div class=\"elementor-icon-box-content\">\n\t\t\t\t<h3 class=\"elementor-icon-box-title\">\n\t\t\t\t\t<a href=\"#\" >\n\t\t\t\t\t\tConsultation\t\t\t\t\t<\/a>\n\t\t\t\t<\/h3>\n\t\t\t\t\t\t\t<\/div>\n\t\t<\/div>\n\t\t\t\t<\/div>\n\t\t\t\t<\/div>\n\t\t\t\t\t\t<\/div>\n\t\t\t\t\t<\/div>\n\t\t<\/div>\n\t\t\t\t\t\t\t\t<\/div>\n\t\t\t\t\t<\/div>\n\t\t<\/section>\n\t\t\t\t<div class=\"elementor-element elementor-element-54bd980 elementor-widget elementor-widget-text-editor\" data-id=\"54bd980\" data-element_type=\"widget\" data-widget_type=\"text-editor.default\">\n\t\t\t\t<div class=\"elementor-widget-container\">\n\t\t\t\t\t\t\t\t<div class=\"elementor-text-editor elementor-clearfix\">\n\t\t\t\t<p><strong>More details about the services in the field of prosthetic treatments offered by our practice.<\/strong><\/p>\t\t\t\t\t<\/div>\n\t\t\t\t\t\t<\/div>\n\t\t\t\t<\/div>\n\t\t\t\t\t\t<\/div>\n\t\t\t\t\t<\/div>\n\t\t<\/div>\n\t\t\t\t<div class=\"elementor-column elementor-col-50 elementor-top-column elementor-element elementor-element-4ac1a42\" data-id=\"4ac1a42\" data-element_type=\"column\">\n\t\t\t<div class=\"elementor-column-wrap elementor-element-populated\">\n\t\t\t\t\t\t\t<div class=\"elementor-widget-wrap\">\n\t\t\t\t\t\t<div class=\"elementor-element elementor-element-29bf3b9 elementor-widget elementor-widget-image\" data-id=\"29bf3b9\" data-element_type=\"widget\" data-widget_type=\"image.default\">\n\t\t\t\t<div class=\"elementor-widget-container\">\n\t\t\t\t\t\t\t\t<div class=\"elementor-image\">\n\t\t\t\t\t\t\t\t\t\t\t\t<img width=\"900\" height=\"600\" src=\"https:\/\/stomatologia-rabien.pl\/wp-content\/uploads\/2019\/12\/mg-9074jpg-37.jpg\" class=\"attachment-full size-full\" alt=\"\" loading=\"lazy\" srcset=\"https:\/\/stomatologia-rabien.pl\/wp-content\/uploads\/2019\/12\/mg-9074jpg-37.jpg 900w, https:\/\/stomatologia-rabien.pl\/wp-content\/uploads\/2019\/12\/mg-9074jpg-37-300x200.jpg 300w, https:\/\/stomatologia-rabien.pl\/wp-content\/uploads\/2019\/12\/mg-9074jpg-37-768x512.jpg 768w\" sizes=\"(max-width: 900px) 100vw, 900px\" \/>\t\t\t\t\t\t\t\t\t\t\t\t\t\t<\/div>\n\t\t\t\t\t\t<\/div>\n\t\t\t\t<\/div>\n\t\t\t\t\t\t<\/div>\n\t\t\t\t\t<\/div>\n\t\t<\/div>\n\t\t\t\t\t\t\t\t<\/div>\n\t\t\t\t\t<\/div>\n\t\t<\/section>\n\t\t\t\t<section class=\"elementor-section elementor-top-section elementor-element elementor-element-0e25840 elementor-section-content-top elementor-section-boxed elementor-section-height-default elementor-section-height-default\" data-id=\"0e25840\" data-element_type=\"section\">\n\t\t\t\t\t\t<div class=\"elementor-container elementor-column-gap-default\">\n\t\t\t\t\t\t\t<div class=\"elementor-row\">\n\t\t\t\t\t<div class=\"elementor-column elementor-col-50 elementor-top-column elementor-element elementor-element-0960e24\" data-id=\"0960e24\" data-element_type=\"column\" data-settings=\"{&quot;background_background&quot;:&quot;classic&quot;}\">\n\t\t\t<div class=\"elementor-column-wrap elementor-element-populated\">\n\t\t\t\t\t\t\t<div class=\"elementor-widget-wrap\">\n\t\t\t\t\t\t<div class=\"elementor-element elementor-element-d372348 elementor-widget elementor-widget-text-editor\" data-id=\"d372348\" data-element_type=\"widget\" data-widget_type=\"text-editor.default\">\n\t\t\t\t<div class=\"elementor-widget-container\">\n\t\t\t\t\t\t\t\t<div class=\"elementor-text-editor elementor-clearfix\">\n\t\t\t\t<ul><li>crown-root inlays on a base metal \/ gold \/ glass fiber alloy,<\/li><li>all-ceramic crowns (Carrara Press),<\/li><li>crowns \/ bridges on metal \/ gold alloy faced with porcelain,<\/li><li>crowns \/ bridges on rhinestones,<\/li><li>crowns \/ inlays \/ bridges on fiberglass (Ceramage),<\/li><\/ul>\t\t\t\t\t<\/div>\n\t\t\t\t\t\t<\/div>\n\t\t\t\t<\/div>\n\t\t\t\t\t\t<\/div>\n\t\t\t\t\t<\/div>\n\t\t<\/div>\n\t\t\t\t<div class=\"elementor-column elementor-col-50 elementor-top-column elementor-element elementor-element-aff2024\" data-id=\"aff2024\" data-element_type=\"column\" data-settings=\"{&quot;background_background&quot;:&quot;classic&quot;}\">\n\t\t\t<div class=\"elementor-column-wrap elementor-element-populated\">\n\t\t\t\t\t\t\t<div class=\"elementor-widget-wrap\">\n\t\t\t\t\t\t<div class=\"elementor-element elementor-element-f991e1c elementor-widget elementor-widget-text-editor\" data-id=\"f991e1c\" data-element_type=\"widget\" data-widget_type=\"text-editor.default\">\n\t\t\t\t<div class=\"elementor-widget-container\">\n\t\t\t\t\t\t\t\t<div class=\"elementor-text-editor elementor-clearfix\">\n\t\t\t\t<ul><li>ZX27 glass supports,<\/li><li>settling dentures,<\/li><li>skeletal dentures,<\/li><li>skeletal dentures with latches,<\/li><li>overdenture dentures.<\/li><\/ul>\t\t\t\t\t<\/div>\n\t\t\t\t\t\t<\/div>\n\t\t\t\t<\/div>\n\t\t\t\t\t\t<\/div>\n\t\t\t\t\t<\/div>\n\t\t<\/div>\n\t\t\t\t\t\t\t\t<\/div>\n\t\t\t\t\t<\/div>\n\t\t<\/section>\n\t\t\t\t<section class=\"elementor-section elementor-top-section elementor-element elementor-element-bbe81fa elementor-section-content-top elementor-section-boxed elementor-section-height-default elementor-section-height-default\" data-id=\"bbe81fa\" data-element_type=\"section\">\n\t\t\t\t\t\t<div class=\"elementor-container elementor-column-gap-default\">\n\t\t\t\t\t\t\t<div class=\"elementor-row\">\n\t\t\t\t\t<div class=\"elementor-column elementor-col-100 elementor-top-column elementor-element elementor-element-10a6b12\" data-id=\"10a6b12\" data-element_type=\"column\" data-settings=\"{&quot;background_background&quot;:&quot;classic&quot;}\">\n\t\t\t<div class=\"elementor-column-wrap elementor-element-populated\">\n\t\t\t\t\t\t\t<div class=\"elementor-widget-wrap\">\n\t\t\t\t\t\t<div class=\"elementor-element elementor-element-0390f55 elementor-mobile-align-center elementor-widget elementor-widget-bdt-advanced-button\" data-id=\"0390f55\" data-element_type=\"widget\" data-widget_type=\"bdt-advanced-button.default\">\n\t\t\t\t<div class=\"elementor-widget-container\">\n\t\t\t\t\t<div class=\"bdt-advanced-button-wrapper\">\n\t\t\t<a href=\"https:\/\/stomatologia-rabien.pl\/en\/uslugi\/\" class=\"bdt-advanced-button bdt-advanced-button-effect-a bdt-advanced-button-size-md\">\n\t\t\t\t\t\t<div class=\"bdt-advanced-button-content-wrapper bdt-flex bdt-flex-middle\" data-text=\"Zobacz ca\u0142\u0105 ofert\u0119\">\n\t\t\t\t\t\t<div class=\"bdt-advanced-button-text\">\n\n                <span class=\"avdbtn-text\">See the whole offer<\/span>\n\n\t\t\t\t            <\/div>\n\n\t\t<\/div>\n\t\t\t\t\t<\/a>\n\t\t<\/div>\n\t\t\t\t<\/div>\n\t\t\t\t<\/div>\n\t\t\t\t\t\t<\/div>\n\t\t\t\t\t<\/div>\n\t\t<\/div>\n\t\t\t\t\t\t\t\t<\/div>\n\t\t\t\t\t<\/div>\n\t\t<\/section>\n\t\t\t\t\t\t<\/div>\n\t\t\t\t\t\t<\/div>\n\t\t\t\t\t<\/div>","protected":false},"excerpt":{"rendered":"<p>Us\u0142ugi stomatologiczne Konsultacja Konsultacja Wi\u0119cej szeg\u00f3\u0142\u00f3w o us\u0142ugach z zakresu zabieg\u00f3w protetycznych oferowanych przez nasz\u0105 praktyk\u0119. wk\u0142ady koronowo &#8211; korzeniowe na stopie metalu nieszlachetnego \/ z\u0142ota \/ w\u0142\u00f3kna szklanego, korony pe\u0142noceramiczne (Carrara Press), korony \/ mosty na metalu \/ stopie z\u0142ota licowane porcelan\u0105, korony \/ mosty na cyrkonie, korony \/ inlay`e \/ mosty na w\u0142\u00f3knie [&hellip;]<\/p>","protected":false},"author":1,"featured_media":0,"parent":770,"menu_order":0,"comment_status":"closed","ping_status":"closed","template":"elementor_header_footer","meta":[],"_links":{"self":[{"href":"https:\/\/stomatologia-rabien.pl\/en\/wp-json\/wp\/v2\/pages\/485"}],"collection":[{"href":"https:\/\/stomatologia-rabien.pl\/en\/wp-json\/wp\/v2\/pages"}],"about":[{"href":"https:\/\/stomatologia-rabien.pl\/en\/wp-json\/wp\/v2\/types\/page"}],"author":[{"embeddable":true,"href":"https:\/\/stomatologia-rabien.pl\/en\/wp-json\/wp\/v2\/users\/1"}],"replies":[{"embeddable":true,"href":"https:\/\/stomatologia-rabien.pl\/en\/wp-json\/wp\/v2\/comments?post=485"}],"version-history":[{"count":6,"href":"https:\/\/stomatologia-rabien.pl\/en\/wp-json\/wp\/v2\/pages\/485\/revisions"}],"predecessor-version":[{"id":1182,"href":"https:\/\/stomatologia-rabien.pl\/en\/wp-json\/wp\/v2\/pages\/485\/revisions\/1182"}],"up":[{"embeddable":true,"href":"https:\/\/stomatologia-rabien.pl\/en\/wp-json\/wp\/v2\/pages\/770"}],"wp:attachment":[{"href":"https:\/\/stomatologia-rabien.pl\/en\/wp-json\/wp\/v2\/media?parent=485"}],"curies":[{"name":"wp","href":"https:\/\/api.w.org\/{rel}","templated":true}]}}