{"id":478,"date":"2019-12-20T13:42:38","date_gmt":"2019-12-20T12:42:38","guid":{"rendered":"https:\/\/stomatologia-rabien.pl\/?page_id=478"},"modified":"2022-10-24T10:22:29","modified_gmt":"2022-10-24T08:22:29","slug":"stomatologia-zachowawcza","status":"publish","type":"page","link":"https:\/\/stomatologia-rabien.pl\/en\/uslugi\/stomatologia-zachowawcza\/","title":{"rendered":"Dentistry"},"content":{"rendered":"<div data-elementor-type=\"wp-page\" data-elementor-id=\"478\" class=\"elementor elementor-478\" data-elementor-settings=\"[]\">\n\t\t\t\t\t\t<div class=\"elementor-inner\">\n\t\t\t\t\t\t\t<div class=\"elementor-section-wrap\">\n\t\t\t\t\t\t\t<section class=\"elementor-section elementor-top-section elementor-element elementor-element-efa7102 elementor-section-height-min-height elementor-section-boxed elementor-section-height-default elementor-section-items-middle\" data-id=\"efa7102\" data-element_type=\"section\" data-settings=\"{&quot;background_background&quot;:&quot;classic&quot;}\">\n\t\t\t\t\t\t<div class=\"elementor-container elementor-column-gap-no\">\n\t\t\t\t\t\t\t<div class=\"elementor-row\">\n\t\t\t\t\t<div class=\"elementor-column elementor-col-100 elementor-top-column elementor-element elementor-element-8a1418c\" data-id=\"8a1418c\" data-element_type=\"column\">\n\t\t\t<div class=\"elementor-column-wrap elementor-element-populated\">\n\t\t\t\t\t\t\t<div class=\"elementor-widget-wrap\">\n\t\t\t\t\t\t<div class=\"elementor-element elementor-element-2d50121 elementor-widget elementor-widget-heading\" data-id=\"2d50121\" data-element_type=\"widget\" data-widget_type=\"heading.default\">\n\t\t\t\t<div class=\"elementor-widget-container\">\n\t\t\t<h2 class=\"elementor-heading-title elementor-size-default\">Dental services<\/h2>\t\t<\/div>\n\t\t\t\t<\/div>\n\t\t\t\t<div class=\"elementor-element elementor-element-bb8e9ce elementor-widget-divider--view-line elementor-widget elementor-widget-divider\" data-id=\"bb8e9ce\" data-element_type=\"widget\" data-widget_type=\"divider.default\">\n\t\t\t\t<div class=\"elementor-widget-container\">\n\t\t\t\t\t<div class=\"elementor-divider\">\n\t\t\t<span class=\"elementor-divider-separator\">\n\t\t\t\t\t\t<\/span>\n\t\t<\/div>\n\t\t\t\t<\/div>\n\t\t\t\t<\/div>\n\t\t\t\t<div class=\"elementor-element elementor-element-28435dc elementor-widget elementor-widget-heading\" data-id=\"28435dc\" data-element_type=\"widget\" data-widget_type=\"heading.default\">\n\t\t\t\t<div class=\"elementor-widget-container\">\n\t\t\t<h1 class=\"elementor-heading-title elementor-size-default\">Dentistry<\/h1>\t\t<\/div>\n\t\t\t\t<\/div>\n\t\t\t\t\t\t<\/div>\n\t\t\t\t\t<\/div>\n\t\t<\/div>\n\t\t\t\t\t\t\t\t<\/div>\n\t\t\t\t\t<\/div>\n\t\t<\/section>\n\t\t\t\t<section class=\"elementor-section elementor-top-section elementor-element elementor-element-ae1f476 elementor-section-content-middle elementor-section-boxed elementor-section-height-default elementor-section-height-default\" data-id=\"ae1f476\" data-element_type=\"section\">\n\t\t\t\t\t\t<div class=\"elementor-container elementor-column-gap-default\">\n\t\t\t\t\t\t\t<div class=\"elementor-row\">\n\t\t\t\t\t<div class=\"elementor-column elementor-col-50 elementor-top-column elementor-element elementor-element-0c63e6d\" data-id=\"0c63e6d\" data-element_type=\"column\" data-settings=\"{&quot;background_background&quot;:&quot;classic&quot;}\">\n\t\t\t<div class=\"elementor-column-wrap elementor-element-populated\">\n\t\t\t\t\t\t\t<div class=\"elementor-widget-wrap\">\n\t\t\t\t\t\t<section class=\"elementor-section elementor-inner-section elementor-element elementor-element-0a27d89 elementor-section-boxed elementor-section-height-default elementor-section-height-default\" data-id=\"0a27d89\" data-element_type=\"section\">\n\t\t\t\t\t\t<div class=\"elementor-container elementor-column-gap-default\">\n\t\t\t\t\t\t\t<div class=\"elementor-row\">\n\t\t\t\t\t<div class=\"elementor-column elementor-col-100 elementor-inner-column elementor-element elementor-element-e8e65b7\" data-id=\"e8e65b7\" data-element_type=\"column\" data-settings=\"{&quot;background_background&quot;:&quot;classic&quot;}\">\n\t\t\t<div class=\"elementor-column-wrap elementor-element-populated\">\n\t\t\t\t\t\t\t<div class=\"elementor-widget-wrap\">\n\t\t\t\t\t\t<div class=\"elementor-element elementor-element-3e043cc elementor-view-default elementor-position-top elementor-vertical-align-top elementor-widget elementor-widget-icon-box\" data-id=\"3e043cc\" data-element_type=\"widget\" data-widget_type=\"icon-box.default\">\n\t\t\t\t<div class=\"elementor-widget-container\">\n\t\t\t\t\t<div class=\"elementor-icon-box-wrapper\">\n\t\t\t\t\t\t<div class=\"elementor-icon-box-icon\">\n\t\t\t\t<a class=\"elementor-icon elementor-animation-grow\" href=\"#\">\n\t\t\t\t<svg xmlns=\"http:\/\/www.w3.org\/2000\/svg\" xmlns:xlink=\"http:\/\/www.w3.org\/1999\/xlink\" id=\"Group_133\" data-name=\"Group 133\" width=\"73.579\" height=\"74.468\" viewbox=\"0 0 73.579 74.468\"><defs><lineargradient id=\"linear-gradient\" x1=\"0.5\" x2=\"0.5\" y2=\"1\" gradientunits=\"objectBoundingBox\"><stop offset=\"0\" stop-color=\"#32dac3\"><\/stop><stop offset=\"1\" stop-color=\"#07a7e3\"><\/stop><\/lineargradient><\/defs><g id=\"Group_128\" data-name=\"Group 128\" transform=\"translate(0 10.295)\"><path id=\"Path_118\" data-name=\"Path 118\" d=\"M571.144,454.5a1.129,1.129,0,0,0-1.3.922c-2.253,13.223-4.977,17.912-6.629,17.912-2.555,0-8.278-4.366-8.643-17.34A6.165,6.165,0,0,0,551,450.433a3.507,3.507,0,0,0-3.2,0,6.167,6.167,0,0,0-3.57,5.56c-.365,12.974-6.088,17.34-8.644,17.34-2.653,0-5.852-10.321-7.6-24.543a5.01,5.01,0,0,0-.866-2.262c-1.938-2.758-11.21-17.016-3.529-26.776,5.652-7.188,10.883-6.7,15.692-5.112A1.129,1.129,0,0,0,540,412.5c-5.014-1.657-11.606-2.492-18.178,5.86-8.45,10.74.51,25.269,3.457,29.466a2.691,2.691,0,0,1,.473,1.241c1.219,9.906,4.119,26.526,9.842,26.526,3.377,0,10.481-4.774,10.9-19.523,0-.017,0-.034,0-.053a3.931,3.931,0,0,1,2.342-3.574,1.238,1.238,0,0,1,1.136,0,3.934,3.934,0,0,1,2.346,3.574h0v.054c.417,14.748,7.521,19.52,10.9,19.52,1.357,0,5.484,0,8.852-19.791A1.126,1.126,0,0,0,571.144,454.5Z\" transform=\"translate(-518.281 -411.418)\" fill=\"url(#linear-gradient)\"><\/path><\/g><g id=\"Group_129\" data-name=\"Group 129\" transform=\"translate(22.95)\"><path id=\"Path_119\" data-name=\"Path 119\" d=\"M558.388,404.782A25.314,25.314,0,1,0,583.7,430.1,25.343,25.343,0,0,0,558.388,404.782Zm0,48.373A23.059,23.059,0,1,1,581.447,430.1,23.083,23.083,0,0,1,558.388,453.155Z\" transform=\"translate(-533.074 -404.782)\" fill=\"url(#linear-gradient)\"><\/path><\/g><g id=\"Group_130\" data-name=\"Group 130\" transform=\"translate(29.86 6.908)\"><path id=\"Path_120\" data-name=\"Path 120\" d=\"M555.932,409.235a18.405,18.405,0,1,0,18.4,18.406A18.427,18.427,0,0,0,555.932,409.235Zm0,34.553a16.148,16.148,0,1,1,16.149-16.147A16.166,16.166,0,0,1,555.932,443.788Z\" transform=\"translate(-537.528 -409.235)\" fill=\"url(#linear-gradient)\"><\/path><\/g><g id=\"Group_131\" data-name=\"Group 131\" transform=\"translate(36.77 13.82)\"><path id=\"Path_121\" data-name=\"Path 121\" d=\"M553.476,413.69a11.494,11.494,0,1,0,11.494,11.494A11.508,11.508,0,0,0,553.476,413.69Zm0,20.733a9.238,9.238,0,1,1,9.237-9.239A9.25,9.25,0,0,1,553.476,434.423Z\" transform=\"translate(-541.982 -413.69)\" fill=\"url(#linear-gradient)\"><\/path><\/g><g id=\"Group_132\" data-name=\"Group 132\" transform=\"translate(44.315 21.364)\"><path id=\"Path_122\" data-name=\"Path 122\" d=\"M554.413,418.883a1.127,1.127,0,0,0-1.595,0l-2.023,2.023-2.023-2.023a1.128,1.128,0,0,0-1.595,1.595L549.2,422.5l-2.021,2.022a1.128,1.128,0,1,0,1.595,1.6l2.023-2.023,2.023,2.023a1.128,1.128,0,1,0,1.595-1.6l-2.022-2.022,2.022-2.025A1.125,1.125,0,0,0,554.413,418.883Z\" transform=\"translate(-546.845 -418.553)\" fill=\"url(#linear-gradient)\"><\/path><\/g><\/svg>\t\t\t\t<\/a>\n\t\t\t<\/div>\n\t\t\t\t\t\t<div class=\"elementor-icon-box-content\">\n\t\t\t\t<h3 class=\"elementor-icon-box-title\">\n\t\t\t\t\t<a href=\"#\" >\n\t\t\t\t\t\tDentistry\t\t\t\t\t<\/a>\n\t\t\t\t<\/h3>\n\t\t\t\t\t\t\t<\/div>\n\t\t<\/div>\n\t\t\t\t<\/div>\n\t\t\t\t<\/div>\n\t\t\t\t\t\t<\/div>\n\t\t\t\t\t<\/div>\n\t\t<\/div>\n\t\t\t\t\t\t\t\t<\/div>\n\t\t\t\t\t<\/div>\n\t\t<\/section>\n\t\t\t\t<div class=\"elementor-element elementor-element-54bd980 elementor-widget elementor-widget-text-editor\" data-id=\"54bd980\" data-element_type=\"widget\" data-widget_type=\"text-editor.default\">\n\t\t\t\t<div class=\"elementor-widget-container\">\n\t\t\t\t\t\t\t\t<div class=\"elementor-text-editor elementor-clearfix\">\n\t\t\t\t<p><strong>More details about the services in the field of prosthetic treatments offered by our practice.<\/strong><\/p>\t\t\t\t\t<\/div>\n\t\t\t\t\t\t<\/div>\n\t\t\t\t<\/div>\n\t\t\t\t\t\t<\/div>\n\t\t\t\t\t<\/div>\n\t\t<\/div>\n\t\t\t\t<div class=\"elementor-column elementor-col-50 elementor-top-column elementor-element elementor-element-4ac1a42\" data-id=\"4ac1a42\" data-element_type=\"column\">\n\t\t\t<div class=\"elementor-column-wrap elementor-element-populated\">\n\t\t\t\t\t\t\t<div class=\"elementor-widget-wrap\">\n\t\t\t\t\t\t<div class=\"elementor-element elementor-element-29bf3b9 elementor-widget elementor-widget-image\" data-id=\"29bf3b9\" data-element_type=\"widget\" data-widget_type=\"image.default\">\n\t\t\t\t<div class=\"elementor-widget-container\">\n\t\t\t\t\t\t\t\t<div class=\"elementor-image\">\n\t\t\t\t\t\t\t\t\t\t\t\t<img width=\"900\" height=\"600\" src=\"https:\/\/stomatologia-rabien.pl\/wp-content\/uploads\/2019\/12\/mg-9074jpg-37.jpg\" class=\"attachment-full size-full\" alt=\"\" loading=\"lazy\" srcset=\"https:\/\/stomatologia-rabien.pl\/wp-content\/uploads\/2019\/12\/mg-9074jpg-37.jpg 900w, https:\/\/stomatologia-rabien.pl\/wp-content\/uploads\/2019\/12\/mg-9074jpg-37-300x200.jpg 300w, https:\/\/stomatologia-rabien.pl\/wp-content\/uploads\/2019\/12\/mg-9074jpg-37-768x512.jpg 768w\" sizes=\"(max-width: 900px) 100vw, 900px\" \/>\t\t\t\t\t\t\t\t\t\t\t\t\t\t<\/div>\n\t\t\t\t\t\t<\/div>\n\t\t\t\t<\/div>\n\t\t\t\t\t\t<\/div>\n\t\t\t\t\t<\/div>\n\t\t<\/div>\n\t\t\t\t\t\t\t\t<\/div>\n\t\t\t\t\t<\/div>\n\t\t<\/section>\n\t\t\t\t<section class=\"elementor-section elementor-top-section elementor-element elementor-element-0e25840 elementor-section-content-top elementor-section-boxed elementor-section-height-default elementor-section-height-default\" data-id=\"0e25840\" data-element_type=\"section\">\n\t\t\t\t\t\t<div class=\"elementor-container elementor-column-gap-default\">\n\t\t\t\t\t\t\t<div class=\"elementor-row\">\n\t\t\t\t\t<div class=\"elementor-column elementor-col-50 elementor-top-column elementor-element elementor-element-0960e24\" data-id=\"0960e24\" data-element_type=\"column\" data-settings=\"{&quot;background_background&quot;:&quot;classic&quot;}\">\n\t\t\t<div class=\"elementor-column-wrap elementor-element-populated\">\n\t\t\t\t\t\t\t<div class=\"elementor-widget-wrap\">\n\t\t\t\t\t\t<div class=\"elementor-element elementor-element-b83bac8 elementor-widget elementor-widget-text-editor\" data-id=\"b83bac8\" data-element_type=\"widget\" data-widget_type=\"text-editor.default\">\n\t\t\t\t<div class=\"elementor-widget-container\">\n\t\t\t\t\t\t\t\t<div class=\"elementor-text-editor elementor-clearfix\">\n\t\t\t\t<p class=\"p1\">Conservative dentistry deals with the prevention of caries and the treatment of diseased tooth tissues. In the office, we use the highest quality materials and very high aesthetics, so that the filling imitates the natural tissues of the tooth.<\/p>\t\t\t\t\t<\/div>\n\t\t\t\t\t\t<\/div>\n\t\t\t\t<\/div>\n\t\t\t\t\t\t<\/div>\n\t\t\t\t\t<\/div>\n\t\t<\/div>\n\t\t\t\t<div class=\"elementor-column elementor-col-50 elementor-top-column elementor-element elementor-element-aff2024\" data-id=\"aff2024\" data-element_type=\"column\" data-settings=\"{&quot;background_background&quot;:&quot;classic&quot;}\">\n\t\t\t<div class=\"elementor-column-wrap\">\n\t\t\t\t\t\t\t<div class=\"elementor-widget-wrap\">\n\t\t\t\t\t\t\t\t<\/div>\n\t\t\t\t\t<\/div>\n\t\t<\/div>\n\t\t\t\t\t\t\t\t<\/div>\n\t\t\t\t\t<\/div>\n\t\t<\/section>\n\t\t\t\t<section class=\"elementor-section elementor-top-section elementor-element elementor-element-bbe81fa elementor-section-content-top elementor-section-boxed elementor-section-height-default elementor-section-height-default\" data-id=\"bbe81fa\" data-element_type=\"section\">\n\t\t\t\t\t\t<div class=\"elementor-container elementor-column-gap-default\">\n\t\t\t\t\t\t\t<div class=\"elementor-row\">\n\t\t\t\t\t<div class=\"elementor-column elementor-col-100 elementor-top-column elementor-element elementor-element-10a6b12\" data-id=\"10a6b12\" data-element_type=\"column\" data-settings=\"{&quot;background_background&quot;:&quot;classic&quot;}\">\n\t\t\t<div class=\"elementor-column-wrap elementor-element-populated\">\n\t\t\t\t\t\t\t<div class=\"elementor-widget-wrap\">\n\t\t\t\t\t\t<div class=\"elementor-element elementor-element-0390f55 elementor-mobile-align-center elementor-widget elementor-widget-bdt-advanced-button\" data-id=\"0390f55\" data-element_type=\"widget\" data-widget_type=\"bdt-advanced-button.default\">\n\t\t\t\t<div class=\"elementor-widget-container\">\n\t\t\t\t\t<div class=\"bdt-advanced-button-wrapper\">\n\t\t\t<a href=\"https:\/\/stomatologia-rabien.pl\/en\/uslugi\/\" class=\"bdt-advanced-button bdt-advanced-button-effect-a bdt-advanced-button-size-md\">\n\t\t\t\t\t\t<div class=\"bdt-advanced-button-content-wrapper bdt-flex bdt-flex-middle\" data-text=\"Zobacz ca\u0142\u0105 ofert\u0119\">\n\t\t\t\t\t\t<div class=\"bdt-advanced-button-text\">\n\n                <span class=\"avdbtn-text\">See the whole offer<\/span>\n\n\t\t\t\t            <\/div>\n\n\t\t<\/div>\n\t\t\t\t\t<\/a>\n\t\t<\/div>\n\t\t\t\t<\/div>\n\t\t\t\t<\/div>\n\t\t\t\t\t\t<\/div>\n\t\t\t\t\t<\/div>\n\t\t<\/div>\n\t\t\t\t\t\t\t\t<\/div>\n\t\t\t\t\t<\/div>\n\t\t<\/section>\n\t\t\t\t\t\t<\/div>\n\t\t\t\t\t\t<\/div>\n\t\t\t\t\t<\/div>","protected":false},"excerpt":{"rendered":"<p>Us\u0142ugi stomatologiczne Stomatologia zachowawcza Stomatologia zachowawcza Wi\u0119cej szeg\u00f3\u0142\u00f3w o us\u0142ugach z zakresu zabieg\u00f3w protetycznych oferowanych przez nasz\u0105 praktyk\u0119. Stomatologia zachowawcza zajmuje si\u0119 profilaktyk\u0105 pr\u00f3chnicy i leczeniem chorobowo zmienionych tkanek z\u0119ba. W gabinecie stosujemy materia\u0142y najwy\u017cszej jako\u015bci i bardzo wysokiej estetyce, tak aby wype\u0142nienie imitowa\u0142o naturalne tkanki z\u0119ba. Zobacz ca\u0142\u0105 ofert\u0119<\/p>","protected":false},"author":1,"featured_media":0,"parent":770,"menu_order":0,"comment_status":"closed","ping_status":"closed","template":"elementor_header_footer","meta":[],"_links":{"self":[{"href":"https:\/\/stomatologia-rabien.pl\/en\/wp-json\/wp\/v2\/pages\/478"}],"collection":[{"href":"https:\/\/stomatologia-rabien.pl\/en\/wp-json\/wp\/v2\/pages"}],"about":[{"href":"https:\/\/stomatologia-rabien.pl\/en\/wp-json\/wp\/v2\/types\/page"}],"author":[{"embeddable":true,"href":"https:\/\/stomatologia-rabien.pl\/en\/wp-json\/wp\/v2\/users\/1"}],"replies":[{"embeddable":true,"href":"https:\/\/stomatologia-rabien.pl\/en\/wp-json\/wp\/v2\/comments?post=478"}],"version-history":[{"count":7,"href":"https:\/\/stomatologia-rabien.pl\/en\/wp-json\/wp\/v2\/pages\/478\/revisions"}],"predecessor-version":[{"id":1190,"href":"https:\/\/stomatologia-rabien.pl\/en\/wp-json\/wp\/v2\/pages\/478\/revisions\/1190"}],"up":[{"embeddable":true,"href":"https:\/\/stomatologia-rabien.pl\/en\/wp-json\/wp\/v2\/pages\/770"}],"wp:attachment":[{"href":"https:\/\/stomatologia-rabien.pl\/en\/wp-json\/wp\/v2\/media?parent=478"}],"curies":[{"name":"wp","href":"https:\/\/api.w.org\/{rel}","templated":true}]}}