{"id":474,"date":"2019-12-20T13:41:51","date_gmt":"2019-12-20T12:41:51","guid":{"rendered":"https:\/\/stomatologia-rabien.pl\/?page_id=474"},"modified":"2022-10-24T10:20:55","modified_gmt":"2022-10-24T08:20:55","slug":"periodontologia","status":"publish","type":"page","link":"https:\/\/stomatologia-rabien.pl\/en\/uslugi\/periodontologia\/","title":{"rendered":"Periodontology"},"content":{"rendered":"<div data-elementor-type=\"wp-page\" data-elementor-id=\"474\" class=\"elementor elementor-474\" data-elementor-settings=\"[]\">\n\t\t\t\t\t\t<div class=\"elementor-inner\">\n\t\t\t\t\t\t\t<div class=\"elementor-section-wrap\">\n\t\t\t\t\t\t\t<section class=\"elementor-section elementor-top-section elementor-element elementor-element-efa7102 elementor-section-height-min-height elementor-section-boxed elementor-section-height-default elementor-section-items-middle\" data-id=\"efa7102\" data-element_type=\"section\" data-settings=\"{&quot;background_background&quot;:&quot;classic&quot;}\">\n\t\t\t\t\t\t<div class=\"elementor-container elementor-column-gap-no\">\n\t\t\t\t\t\t\t<div class=\"elementor-row\">\n\t\t\t\t\t<div class=\"elementor-column elementor-col-100 elementor-top-column elementor-element elementor-element-8a1418c\" data-id=\"8a1418c\" data-element_type=\"column\">\n\t\t\t<div class=\"elementor-column-wrap elementor-element-populated\">\n\t\t\t\t\t\t\t<div class=\"elementor-widget-wrap\">\n\t\t\t\t\t\t<div class=\"elementor-element elementor-element-2d50121 elementor-widget elementor-widget-heading\" data-id=\"2d50121\" data-element_type=\"widget\" data-widget_type=\"heading.default\">\n\t\t\t\t<div class=\"elementor-widget-container\">\n\t\t\t<h2 class=\"elementor-heading-title elementor-size-default\">Dental services<\/h2>\t\t<\/div>\n\t\t\t\t<\/div>\n\t\t\t\t<div class=\"elementor-element elementor-element-bb8e9ce elementor-widget-divider--view-line elementor-widget elementor-widget-divider\" data-id=\"bb8e9ce\" data-element_type=\"widget\" data-widget_type=\"divider.default\">\n\t\t\t\t<div class=\"elementor-widget-container\">\n\t\t\t\t\t<div class=\"elementor-divider\">\n\t\t\t<span class=\"elementor-divider-separator\">\n\t\t\t\t\t\t<\/span>\n\t\t<\/div>\n\t\t\t\t<\/div>\n\t\t\t\t<\/div>\n\t\t\t\t<div class=\"elementor-element elementor-element-28435dc elementor-widget elementor-widget-heading\" data-id=\"28435dc\" data-element_type=\"widget\" data-widget_type=\"heading.default\">\n\t\t\t\t<div class=\"elementor-widget-container\">\n\t\t\t<h1 class=\"elementor-heading-title elementor-size-default\">Periodontology<\/h1>\t\t<\/div>\n\t\t\t\t<\/div>\n\t\t\t\t\t\t<\/div>\n\t\t\t\t\t<\/div>\n\t\t<\/div>\n\t\t\t\t\t\t\t\t<\/div>\n\t\t\t\t\t<\/div>\n\t\t<\/section>\n\t\t\t\t<section class=\"elementor-section elementor-top-section elementor-element elementor-element-ae1f476 elementor-section-content-middle elementor-section-boxed elementor-section-height-default elementor-section-height-default\" data-id=\"ae1f476\" data-element_type=\"section\">\n\t\t\t\t\t\t<div class=\"elementor-container elementor-column-gap-default\">\n\t\t\t\t\t\t\t<div class=\"elementor-row\">\n\t\t\t\t\t<div class=\"elementor-column elementor-col-50 elementor-top-column elementor-element elementor-element-0c63e6d\" data-id=\"0c63e6d\" data-element_type=\"column\" data-settings=\"{&quot;background_background&quot;:&quot;classic&quot;}\">\n\t\t\t<div class=\"elementor-column-wrap elementor-element-populated\">\n\t\t\t\t\t\t\t<div class=\"elementor-widget-wrap\">\n\t\t\t\t\t\t<section class=\"elementor-section elementor-inner-section elementor-element elementor-element-0a27d89 elementor-section-boxed elementor-section-height-default elementor-section-height-default\" data-id=\"0a27d89\" data-element_type=\"section\">\n\t\t\t\t\t\t<div class=\"elementor-container elementor-column-gap-default\">\n\t\t\t\t\t\t\t<div class=\"elementor-row\">\n\t\t\t\t\t<div class=\"elementor-column elementor-col-100 elementor-inner-column elementor-element elementor-element-e8e65b7\" data-id=\"e8e65b7\" data-element_type=\"column\" data-settings=\"{&quot;background_background&quot;:&quot;classic&quot;}\">\n\t\t\t<div class=\"elementor-column-wrap elementor-element-populated\">\n\t\t\t\t\t\t\t<div class=\"elementor-widget-wrap\">\n\t\t\t\t\t\t<div class=\"elementor-element elementor-element-1dc4341 elementor-view-default elementor-position-top elementor-vertical-align-top elementor-widget elementor-widget-icon-box\" data-id=\"1dc4341\" data-element_type=\"widget\" data-widget_type=\"icon-box.default\">\n\t\t\t\t<div class=\"elementor-widget-container\">\n\t\t\t\t\t<div class=\"elementor-icon-box-wrapper\">\n\t\t\t\t\t\t<div class=\"elementor-icon-box-icon\">\n\t\t\t\t<a class=\"elementor-icon elementor-animation-grow\" href=\"#\">\n\t\t\t\t<svg xmlns=\"http:\/\/www.w3.org\/2000\/svg\" xmlns:xlink=\"http:\/\/www.w3.org\/1999\/xlink\" id=\"Layer_1\" x=\"0px\" y=\"0px\" viewbox=\"0 0 121.6 87.8\" style=\"enable-background:new 0 0 121.6 87.8;\" xml:space=\"preserve\">\n<style type=\"text\/css\">\n\t.st0{fill:url(#SVGID_1_);}\n\t.st1{fill:url(#SVGID_2_);}\n\t.st2{fill:url(#SVGID_3_);}\n\t.st3{fill:url(#SVGID_4_);}\n\t.st4{fill:url(#SVGID_5_);}\n\t.st5{fill:url(#SVGID_6_);}\n<\/style>\n<g>\n\t\n\t\t<lineargradient id=\"SVGID_1_\" gradientunits=\"userSpaceOnUse\" x1=\"63.3613\" y1=\"58.7239\" x2=\"120.8696\" y2=\"58.7239\" gradienttransform=\"matrix(1 0 0 -1 0 103.5322)\">\n\t\t<stop offset=\"0\" style=\"stop-color:#32DAC3\"><\/stop>\n\t\t<stop offset=\"1\" style=\"stop-color:#07A7E3\"><\/stop>\n\t<\/lineargradient>\n\t<path class=\"st0\" d=\"M64.1,35.8c2.7,8.7,7.2,11.3,10.1,13c2.4,1.4,3.2,1.9,2.9,4.7c-0.6,5.6,1,11,2.5,14.4c1.8,4.2,4.4,7.9,6.8,9.9   c1.3,1.1,3.1,2,4.8,1.6c2.1-0.7,2.3-3.2,2.4-4.1c0.1-1.4,0-3.2-0.1-5.2c-0.5-7.5-0.5-13.8,4.2-15.4c4.7-1.6,8.3,3.7,12.4,10   c1.1,1.8,2,3.2,3,4.4c0.5,0.6,2.1,2.6,4.3,1.9c1.4-0.5,2.4-1.8,3-4.1c0.8-3.1,0.7-7.6-0.2-12c-0.8-3.7-2.6-8.9-6.4-13.1   c-1.8-2-1.4-2.9-0.4-5.4c1.3-3.1,3.5-7.9,0.6-16.5c-1.2-3.8-3.9-6.8-7.6-8.3c-3.7-1.7-8.1-1.8-12.5-0.4c-3.3,1.1-6.2,3.6-8,6.8   c-3.5-1.7-7.2-1.9-10.6-0.8c-4.4,1.4-7.9,4.1-10,7.6C63.2,28,62.9,32.1,64.1,35.8z M76.3,20.4c1-0.4,1.9-0.5,3-0.5   c1.7,0,3.5,0.5,5.1,1.2c-0.7,2.3-1.3,3.5-4.4,4.5c-1,0.2-1.4,1.3-1.2,2.1c0.2,1,1.3,1.6,2.3,1.3c5.1-1.7,6-4.5,6.8-7.4   c0.1-0.2,0.1-0.4,0.2-0.6V21c1.3-3.2,3.7-5.6,6.7-6.6c7.2-2.3,13.7,0.5,15.6,6.4c2.4,7.4,0.8,11-0.5,14c-1.2,2.7-2.4,5.6,1,9.3   c4.9,5.4,6.8,14.4,6.1,20.2c-0.2,1.7-0.6,2.6-0.8,3.1c-0.7-0.8-2-3-3.1-4.7c-1.8-2.9-3.8-6.2-6.4-8.6c-3.2-3.1-6.7-4.1-10.1-3   c-3.5,1.1-5.6,3.9-6.4,8.3c-0.7,3.5-0.5,7.3-0.2,10.7c0.1,1.9,0.2,4.5,0,5.6c-0.5-0.1-1.3-0.7-2.5-2c-3.9-4.3-7.6-12.8-6.8-19.9   c0.6-5-2-6.6-4.7-8.1c-2.7-1.7-6.2-3.7-8.6-11.1C65.5,28.7,69.3,22.6,76.3,20.4z\"><\/path>\n\t\n\t\t<lineargradient id=\"SVGID_2_\" gradientunits=\"userSpaceOnUse\" x1=\"11.6132\" y1=\"63.4207\" x2=\"64.0989\" y2=\"63.4207\" gradienttransform=\"matrix(1 0 0 -1 0 103.5322)\">\n\t\t<stop offset=\"0\" style=\"stop-color:#32DAC3\"><\/stop>\n\t\t<stop offset=\"1\" style=\"stop-color:#07A7E3\"><\/stop>\n\t<\/lineargradient>\n\t<path class=\"st1\" d=\"M18.6,43.3c-2.4,5.1-2.4,10.7-2,14.6c0.5,4.5,1.8,8.8,3.5,11.6c1.2,1.9,2.6,2.9,4.1,2.9c2.1,0,3.1-2.4,3.5-3.1   c0.6-1.3,1-3.1,1.6-5.1c1.9-7.3,3.8-13.4,8.7-13.4c4.9,0,6.9,6.1,8.7,13.4c0.5,2,1,3.7,1.6,5.1c0.4,0.7,1.3,3.1,3.5,3.1   c1.4,0,2.9-1,4.1-2.9c1.8-2.7,3-7,3.5-11.6c0.4-3.8,0.4-9.3-2-14.6c-1.1-2.5-0.5-3.2,1.3-5.2c1.2-1.3,2.6-3,3.7-5.4   c0.4-1,0-1.9-0.8-2.4c-1-0.4-1.9,0-2.4,0.8c-1,2-2.1,3.3-3.1,4.5c-2,2.3-4.1,4.5-1.9,9.1c3,6.6,2,15.7-0.4,21.1   c-0.7,1.6-1.3,2.4-1.7,2.6c-0.6-1-1.2-3.5-1.7-5.4c-0.8-3.3-1.8-7-3.5-10.1c-2.1-3.9-5.1-6-8.7-6c-3.7,0-6.6,2-8.7,6   c-1.7,3.1-2.6,6.8-3.5,10.1c-0.5,1.9-1.1,4.4-1.7,5.4c-0.4-0.4-1-1.1-1.7-2.6c-2.4-5.2-3.3-14.4-0.4-21.1c2-4.5,0-6.9-1.9-9.1   c-2.1-2.4-4.8-5.4-4.8-13.1c0-6.3,5.4-11,12.9-11c2.6,0,5.4,1.2,7.5,3.2c-1.4,1.9-2.3,3-5.5,3c-1,0-1.8,0.8-1.8,1.8   s0.8,1.8,1.8,1.8c5.4,0,7-2.5,8.7-4.9c0.1-0.1,0.2-0.4,0.4-0.5l0.1-0.1c2.3-2.7,5.2-4.3,8.3-4.3c7.5,0,12.9,4.5,12.9,11   c0,1,0.8,1.8,1.8,1.8s1.8-0.8,1.8-1.8c0-3.9-1.7-7.6-4.7-10.4S52.5,8,47.8,8c-3.6,0-7,1.4-9.8,4.1C35.3,9.4,31.8,8,28.3,8   c-4.7,0-8.8,1.4-11.8,4.2c-3,2.6-4.7,6.3-4.7,10.4c0,9.1,3.3,13,5.6,15.5C19.1,40.1,19.7,40.8,18.6,43.3z\"><\/path>\n\t\n\t\t<lineargradient id=\"SVGID_3_\" gradientunits=\"userSpaceOnUse\" x1=\"0.1225\" y1=\"38.669\" x2=\"121.4552\" y2=\"38.669\" gradienttransform=\"matrix(1 0 0 -1 0 103.5322)\">\n\t\t<stop offset=\"0\" style=\"stop-color:#32DAC3\"><\/stop>\n\t\t<stop offset=\"1\" style=\"stop-color:#07A7E3\"><\/stop>\n\t<\/lineargradient>\n\t<path class=\"st2\" d=\"M119.9,76.8L119.9,76.8c-0.1,0-2.9,1.1-7.5-3.5c-1.1-1.1-2.7-3.3-4.4-5.6c-4.5-6.1-6.4-8.3-8.3-8.3   c-0.6,0-1.1,0.2-1.4,0.6c-0.8,1-0.8,2.3-0.6,6.9c0.4,5.1,0.8,13.8-1.8,16.6c-0.6,0.5-1.2,0.7-1.9,0.7c-17.3,0-21.1-30.7-21.2-31   c-0.1-1-0.8-1.6-1.8-1.6h-5.7c-1.8,0-2.3,1.9-2.5,2.9c-0.2,1.1-0.5,2.4-0.8,4.1c-1.2,6.9-3.5,19.9-10.1,19.9c-4.5,0-6.6-7-8.2-12.8   c-1.4-4.9-2.4-8.4-5.2-8.4c-2.7,0-4.1,3.3-5.8,7.9c-2.9,7.5-5.6,13.1-10.9,11.3c-5-1.7-6.6-10.1-6.9-16.9   C14.1,51.7,15,44.3,15,44.2c0.1-0.5-0.1-1-0.5-1.4c-0.4-0.4-0.8-0.6-1.3-0.6L1.8,42c-1,0-1.8,0.7-1.8,1.8c0,1,0.7,1.8,1.8,1.8   l9.5,0.2c-0.2,2.9-0.6,8.2-0.2,14.1c0.7,11.6,3.8,18.3,9.3,20.2c2.7,1,6.8,1.1,10.3-3.5c2.1-2.9,3.7-6.6,5-10   c0.7-1.8,1.7-4.4,2.4-5.4c0.6,1.1,1.3,3.6,1.9,5.5C41.9,73.1,44.4,82,51.5,82c4.3,0,7.8-3,10.1-8.8c1.9-4.5,2.9-10,3.5-14   c0.2-1.4,0.5-3.1,0.7-3.9h3.2c0.5,2.9,1.7,8.9,4.2,15.1c5,11.3,11.9,17.3,20.6,17.3c1.8,0,3.3-0.7,4.5-1.9   c3.7-3.9,3.1-12.8,2.7-19.2c0-0.6-0.1-1.3-0.1-2c1.3,1.6,2.9,3.7,4.1,5.1c1.8,2.4,3.6,4.8,4.8,6c6.4,6.4,11.1,4.4,11.7,4.2   L119.9,76.8z\"><\/path>\n\t\n\t\t<lineargradient id=\"SVGID_4_\" gradientunits=\"userSpaceOnUse\" x1=\"70.975\" y1=\"92.2282\" x2=\"78.3957\" y2=\"92.2282\" gradienttransform=\"matrix(1 0 0 -1 0 103.5322)\">\n\t\t<stop offset=\"0\" style=\"stop-color:#32DAC3\"><\/stop>\n\t\t<stop offset=\"1\" style=\"stop-color:#07A7E3\"><\/stop>\n\t<\/lineargradient>\n\t<path class=\"st3\" d=\"M71,11.3c0,1,0.8,1.8,1.8,1.8h3.8c1,0,1.8-0.8,1.8-1.8s-0.8-1.8-1.8-1.8h-3.8C71.8,9.5,71,10.3,71,11.3z\"><\/path>\n\t\n\t\t<lineargradient id=\"SVGID_5_\" gradientunits=\"userSpaceOnUse\" x1=\"67.15\" y1=\"99.8029\" x2=\"72.6567\" y2=\"99.8029\" gradienttransform=\"matrix(1 0 0 -1 0 103.5322)\">\n\t\t<stop offset=\"0\" style=\"stop-color:#32DAC3\"><\/stop>\n\t\t<stop offset=\"1\" style=\"stop-color:#07A7E3\"><\/stop>\n\t<\/lineargradient>\n\t<path class=\"st4\" d=\"M68.1,7.2c0.8,0.5,2,0.1,2.4-0.8l2-3.8c0.5-0.8,0.1-1.9-0.8-2.4c-0.8-0.5-1.9-0.1-2.4,0.8l-1.9,3.8   C66.9,5.7,67.3,6.8,68.1,7.2z\"><\/path>\n\t\n\t\t<lineargradient id=\"SVGID_6_\" gradientunits=\"userSpaceOnUse\" x1=\"57.5745\" y1=\"99.8455\" x2=\"63.0766\" y2=\"99.8455\" gradienttransform=\"matrix(1 0 0 -1 0 103.5322)\">\n\t\t<stop offset=\"0\" style=\"stop-color:#32DAC3\"><\/stop>\n\t\t<stop offset=\"1\" style=\"stop-color:#07A7E3\"><\/stop>\n\t<\/lineargradient>\n\t<path class=\"st5\" d=\"M59.6,6.4c0.5,1,1.7,1.3,2.5,0.7c0.8-0.5,1.1-1.6,0.7-2.4L61,0.9c-0.5-0.8-1.6-1.2-2.4-0.8   c-0.8,0.5-1.2,1.6-0.8,2.4L59.6,6.4z\"><\/path>\n<\/g>\n<\/svg>\t\t\t\t<\/a>\n\t\t\t<\/div>\n\t\t\t\t\t\t<div class=\"elementor-icon-box-content\">\n\t\t\t\t<h3 class=\"elementor-icon-box-title\">\n\t\t\t\t\t<a href=\"#\" >\n\t\t\t\t\t\tPeriodontology - gum and periodontal disease\t\t\t\t\t<\/a>\n\t\t\t\t<\/h3>\n\t\t\t\t\t\t\t<\/div>\n\t\t<\/div>\n\t\t\t\t<\/div>\n\t\t\t\t<\/div>\n\t\t\t\t\t\t<\/div>\n\t\t\t\t\t<\/div>\n\t\t<\/div>\n\t\t\t\t\t\t\t\t<\/div>\n\t\t\t\t\t<\/div>\n\t\t<\/section>\n\t\t\t\t<div class=\"elementor-element elementor-element-54bd980 elementor-widget elementor-widget-text-editor\" data-id=\"54bd980\" data-element_type=\"widget\" data-widget_type=\"text-editor.default\">\n\t\t\t\t<div class=\"elementor-widget-container\">\n\t\t\t\t\t\t\t\t<div class=\"elementor-text-editor elementor-clearfix\">\n\t\t\t\t<p><strong>More details about the services in the field of prosthetic treatments offered by our practice.<\/strong><\/p>\t\t\t\t\t<\/div>\n\t\t\t\t\t\t<\/div>\n\t\t\t\t<\/div>\n\t\t\t\t\t\t<\/div>\n\t\t\t\t\t<\/div>\n\t\t<\/div>\n\t\t\t\t<div class=\"elementor-column elementor-col-50 elementor-top-column elementor-element elementor-element-4ac1a42\" data-id=\"4ac1a42\" data-element_type=\"column\">\n\t\t\t<div class=\"elementor-column-wrap elementor-element-populated\">\n\t\t\t\t\t\t\t<div class=\"elementor-widget-wrap\">\n\t\t\t\t\t\t<div class=\"elementor-element elementor-element-29bf3b9 elementor-widget elementor-widget-image\" data-id=\"29bf3b9\" data-element_type=\"widget\" data-widget_type=\"image.default\">\n\t\t\t\t<div class=\"elementor-widget-container\">\n\t\t\t\t\t\t\t\t<div class=\"elementor-image\">\n\t\t\t\t\t\t\t\t\t\t\t\t<img width=\"900\" height=\"600\" src=\"https:\/\/stomatologia-rabien.pl\/wp-content\/uploads\/2019\/12\/mg-9074jpg-37.jpg\" class=\"attachment-full size-full\" alt=\"\" loading=\"lazy\" srcset=\"https:\/\/stomatologia-rabien.pl\/wp-content\/uploads\/2019\/12\/mg-9074jpg-37.jpg 900w, https:\/\/stomatologia-rabien.pl\/wp-content\/uploads\/2019\/12\/mg-9074jpg-37-300x200.jpg 300w, https:\/\/stomatologia-rabien.pl\/wp-content\/uploads\/2019\/12\/mg-9074jpg-37-768x512.jpg 768w\" sizes=\"(max-width: 900px) 100vw, 900px\" \/>\t\t\t\t\t\t\t\t\t\t\t\t\t\t<\/div>\n\t\t\t\t\t\t<\/div>\n\t\t\t\t<\/div>\n\t\t\t\t\t\t<\/div>\n\t\t\t\t\t<\/div>\n\t\t<\/div>\n\t\t\t\t\t\t\t\t<\/div>\n\t\t\t\t\t<\/div>\n\t\t<\/section>\n\t\t\t\t<section class=\"elementor-section elementor-top-section elementor-element elementor-element-0e25840 elementor-section-content-top elementor-section-boxed elementor-section-height-default elementor-section-height-default\" data-id=\"0e25840\" data-element_type=\"section\">\n\t\t\t\t\t\t<div class=\"elementor-container elementor-column-gap-default\">\n\t\t\t\t\t\t\t<div class=\"elementor-row\">\n\t\t\t\t\t<div class=\"elementor-column elementor-col-50 elementor-top-column elementor-element elementor-element-0960e24\" data-id=\"0960e24\" data-element_type=\"column\" data-settings=\"{&quot;background_background&quot;:&quot;classic&quot;}\">\n\t\t\t<div class=\"elementor-column-wrap elementor-element-populated\">\n\t\t\t\t\t\t\t<div class=\"elementor-widget-wrap\">\n\t\t\t\t\t\t<div class=\"elementor-element elementor-element-d372348 elementor-widget elementor-widget-text-editor\" data-id=\"d372348\" data-element_type=\"widget\" data-widget_type=\"text-editor.default\">\n\t\t\t\t<div class=\"elementor-widget-container\">\n\t\t\t\t\t\t\t\t<div class=\"elementor-text-editor elementor-clearfix\">\n\t\t\t\t<p>Untreated gums and periodontitis lead to unpleasant and painful ailments.<\/p><p>They are manifested by redness, swelling of the gums, an unpleasant smell from the mouth, bleeding when brushing, as well as high mobility and sensitivity of the teeth.<\/p><p>Such ailments can be caused, in particular, by immunological, hormonal and genetic disorders. The risk of their occurrence is also increased by smoking and excessive alcohol consumption.<\/p><p>Diseases of the gums and periodontium cause bacteria that are found in plaque. Regular check-ups at the dentist and tartar removal will help eliminate the problem, and a beautiful smile will be on your face every day.<\/p><p>One should not forget about proper oral hygiene, which will effectively help fight bacteria accumulating in the mouth. We invite you to our dental office today. A qualified dentist will assess the condition of your teeth and gums, and you will be able to enjoy a beautiful smile every day.<\/p><p>Periodontosis is one of the most common periodontal diseases, i.e. the tissues that surround and keep teeth in proper position. Periodontosis is caused by a bacterial infection resulting from inadequate oral hygiene. The risk of this disease increases with age. The greater the amount of deposits on the surfaces of the teeth, the greater the impact of bacteria on their structure. The most common symptoms of periodontitis include reddening and bleeding gums, dental necks exposed, tooth sensitivity, an unpleasant odor from the mouth, and tooth mobility. The sooner the doctor diagnoses the problem, the sooner you will get rid of unpleasant ailments.\u00a0<\/p>\t\t\t\t\t<\/div>\n\t\t\t\t\t\t<\/div>\n\t\t\t\t<\/div>\n\t\t\t\t\t\t<\/div>\n\t\t\t\t\t<\/div>\n\t\t<\/div>\n\t\t\t\t<div class=\"elementor-column elementor-col-50 elementor-top-column elementor-element elementor-element-aff2024\" data-id=\"aff2024\" data-element_type=\"column\" data-settings=\"{&quot;background_background&quot;:&quot;classic&quot;}\">\n\t\t\t<div class=\"elementor-column-wrap elementor-element-populated\">\n\t\t\t\t\t\t\t<div class=\"elementor-widget-wrap\">\n\t\t\t\t\t\t<div class=\"elementor-element elementor-element-f991e1c elementor-widget elementor-widget-text-editor\" data-id=\"f991e1c\" data-element_type=\"widget\" data-widget_type=\"text-editor.default\">\n\t\t\t\t<div class=\"elementor-widget-container\">\n\t\t\t\t\t\t\t\t<div class=\"elementor-text-editor elementor-clearfix\">\n\t\t\t\t<p class=\"p1\">treatments:<\/p><p class=\"p1\">- deep scaling<\/p><p class=\"p1\">- open curettage<\/p><p class=\"p1\">- gingiwoosteoplasty<\/p><p class=\"p1\">- gingivectomy<\/p><p class=\"p1\">- frenulum plastic surgery<\/p><p class=\"p1\">- Plastic surgery of the oral cavity<\/p><p class=\"p1\">- gingival recession covers<\/p><p class=\"p1\">- splinting of teeth<\/p>\t\t\t\t\t<\/div>\n\t\t\t\t\t\t<\/div>\n\t\t\t\t<\/div>\n\t\t\t\t\t\t<\/div>\n\t\t\t\t\t<\/div>\n\t\t<\/div>\n\t\t\t\t\t\t\t\t<\/div>\n\t\t\t\t\t<\/div>\n\t\t<\/section>\n\t\t\t\t<section class=\"elementor-section elementor-top-section elementor-element elementor-element-bbe81fa elementor-section-content-top elementor-section-boxed elementor-section-height-default elementor-section-height-default\" data-id=\"bbe81fa\" data-element_type=\"section\">\n\t\t\t\t\t\t<div class=\"elementor-container elementor-column-gap-default\">\n\t\t\t\t\t\t\t<div class=\"elementor-row\">\n\t\t\t\t\t<div class=\"elementor-column elementor-col-100 elementor-top-column elementor-element elementor-element-10a6b12\" data-id=\"10a6b12\" data-element_type=\"column\" data-settings=\"{&quot;background_background&quot;:&quot;classic&quot;}\">\n\t\t\t<div class=\"elementor-column-wrap elementor-element-populated\">\n\t\t\t\t\t\t\t<div class=\"elementor-widget-wrap\">\n\t\t\t\t\t\t<div class=\"elementor-element elementor-element-0390f55 elementor-mobile-align-center elementor-widget elementor-widget-bdt-advanced-button\" data-id=\"0390f55\" data-element_type=\"widget\" data-widget_type=\"bdt-advanced-button.default\">\n\t\t\t\t<div class=\"elementor-widget-container\">\n\t\t\t\t\t<div class=\"bdt-advanced-button-wrapper\">\n\t\t\t<a href=\"https:\/\/stomatologia-rabien.pl\/en\/uslugi\/\" class=\"bdt-advanced-button bdt-advanced-button-effect-a bdt-advanced-button-size-md\">\n\t\t\t\t\t\t<div class=\"bdt-advanced-button-content-wrapper bdt-flex bdt-flex-middle\" data-text=\"Zobacz ca\u0142\u0105 ofert\u0119\">\n\t\t\t\t\t\t<div class=\"bdt-advanced-button-text\">\n\n                <span class=\"avdbtn-text\">See the whole offer<\/span>\n\n\t\t\t\t            <\/div>\n\n\t\t<\/div>\n\t\t\t\t\t<\/a>\n\t\t<\/div>\n\t\t\t\t<\/div>\n\t\t\t\t<\/div>\n\t\t\t\t\t\t<\/div>\n\t\t\t\t\t<\/div>\n\t\t<\/div>\n\t\t\t\t\t\t\t\t<\/div>\n\t\t\t\t\t<\/div>\n\t\t<\/section>\n\t\t\t\t\t\t<\/div>\n\t\t\t\t\t\t<\/div>\n\t\t\t\t\t<\/div>","protected":false},"excerpt":{"rendered":"<p>Us\u0142ugi stomatologiczne Periodontologia Periodontologia &#8211; choroby dzi\u0105se\u0142 i przyz\u0119bia Wi\u0119cej szeg\u00f3\u0142\u00f3w o us\u0142ugach z zakresu zabieg\u00f3w protetycznych oferowanych przez nasz\u0105 praktyk\u0119. Nieleczone choroby dzi\u0105se\u0142 i przyz\u0119bia prowadz\u0105 do przykrych i bolesnych dolegliwo\u015bci. Objawiaj\u0105 si\u0119 si\u0119 zaczerwienieniem, obrz\u0119kiem dzi\u0105se\u0142, nieprzyjemnym zapachem z jamy ustnej, krwawieniem podczas szczotkowania, a tak\u017ce du\u017c\u0105 ruchliwo\u015bci\u0105 i nadwra\u017cliwo\u015bci\u0105 z\u0119b\u00f3w. Takie przypad\u0142o\u015bci [&hellip;]<\/p>","protected":false},"author":1,"featured_media":0,"parent":770,"menu_order":0,"comment_status":"closed","ping_status":"closed","template":"elementor_header_footer","meta":[],"_links":{"self":[{"href":"https:\/\/stomatologia-rabien.pl\/en\/wp-json\/wp\/v2\/pages\/474"}],"collection":[{"href":"https:\/\/stomatologia-rabien.pl\/en\/wp-json\/wp\/v2\/pages"}],"about":[{"href":"https:\/\/stomatologia-rabien.pl\/en\/wp-json\/wp\/v2\/types\/page"}],"author":[{"embeddable":true,"href":"https:\/\/stomatologia-rabien.pl\/en\/wp-json\/wp\/v2\/users\/1"}],"replies":[{"embeddable":true,"href":"https:\/\/stomatologia-rabien.pl\/en\/wp-json\/wp\/v2\/comments?post=474"}],"version-history":[{"count":9,"href":"https:\/\/stomatologia-rabien.pl\/en\/wp-json\/wp\/v2\/pages\/474\/revisions"}],"predecessor-version":[{"id":1185,"href":"https:\/\/stomatologia-rabien.pl\/en\/wp-json\/wp\/v2\/pages\/474\/revisions\/1185"}],"up":[{"embeddable":true,"href":"https:\/\/stomatologia-rabien.pl\/en\/wp-json\/wp\/v2\/pages\/770"}],"wp:attachment":[{"href":"https:\/\/stomatologia-rabien.pl\/en\/wp-json\/wp\/v2\/media?parent=474"}],"curies":[{"name":"wp","href":"https:\/\/api.w.org\/{rel}","templated":true}]}}