{"id":471,"date":"2019-12-20T13:41:06","date_gmt":"2019-12-20T12:41:06","guid":{"rendered":"https:\/\/stomatologia-rabien.pl\/?page_id=471"},"modified":"2022-10-24T10:22:57","modified_gmt":"2022-10-24T08:22:57","slug":"wybielanie-zebow","status":"publish","type":"page","link":"https:\/\/stomatologia-rabien.pl\/en\/uslugi\/wybielanie-zebow\/","title":{"rendered":"Teeth whitening"},"content":{"rendered":"<div data-elementor-type=\"wp-page\" data-elementor-id=\"471\" class=\"elementor elementor-471\" data-elementor-settings=\"[]\">\n\t\t\t\t\t\t<div class=\"elementor-inner\">\n\t\t\t\t\t\t\t<div class=\"elementor-section-wrap\">\n\t\t\t\t\t\t\t<section class=\"elementor-section elementor-top-section elementor-element elementor-element-efa7102 elementor-section-height-min-height elementor-section-boxed elementor-section-height-default elementor-section-items-middle\" data-id=\"efa7102\" data-element_type=\"section\" data-settings=\"{&quot;background_background&quot;:&quot;classic&quot;}\">\n\t\t\t\t\t\t<div class=\"elementor-container elementor-column-gap-no\">\n\t\t\t\t\t\t\t<div class=\"elementor-row\">\n\t\t\t\t\t<div class=\"elementor-column elementor-col-100 elementor-top-column elementor-element elementor-element-8a1418c\" data-id=\"8a1418c\" data-element_type=\"column\">\n\t\t\t<div class=\"elementor-column-wrap elementor-element-populated\">\n\t\t\t\t\t\t\t<div class=\"elementor-widget-wrap\">\n\t\t\t\t\t\t<div class=\"elementor-element elementor-element-2d50121 elementor-widget elementor-widget-heading\" data-id=\"2d50121\" data-element_type=\"widget\" data-widget_type=\"heading.default\">\n\t\t\t\t<div class=\"elementor-widget-container\">\n\t\t\t<h2 class=\"elementor-heading-title elementor-size-default\">Dental services<\/h2>\t\t<\/div>\n\t\t\t\t<\/div>\n\t\t\t\t<div class=\"elementor-element elementor-element-bb8e9ce elementor-widget-divider--view-line elementor-widget elementor-widget-divider\" data-id=\"bb8e9ce\" data-element_type=\"widget\" data-widget_type=\"divider.default\">\n\t\t\t\t<div class=\"elementor-widget-container\">\n\t\t\t\t\t<div class=\"elementor-divider\">\n\t\t\t<span class=\"elementor-divider-separator\">\n\t\t\t\t\t\t<\/span>\n\t\t<\/div>\n\t\t\t\t<\/div>\n\t\t\t\t<\/div>\n\t\t\t\t<div class=\"elementor-element elementor-element-28435dc elementor-widget elementor-widget-heading\" data-id=\"28435dc\" data-element_type=\"widget\" data-widget_type=\"heading.default\">\n\t\t\t\t<div class=\"elementor-widget-container\">\n\t\t\t<h1 class=\"elementor-heading-title elementor-size-default\">Teeth whitening<\/h1>\t\t<\/div>\n\t\t\t\t<\/div>\n\t\t\t\t\t\t<\/div>\n\t\t\t\t\t<\/div>\n\t\t<\/div>\n\t\t\t\t\t\t\t\t<\/div>\n\t\t\t\t\t<\/div>\n\t\t<\/section>\n\t\t\t\t<section class=\"elementor-section elementor-top-section elementor-element elementor-element-ae1f476 elementor-section-content-middle elementor-section-boxed elementor-section-height-default elementor-section-height-default\" data-id=\"ae1f476\" data-element_type=\"section\">\n\t\t\t\t\t\t<div class=\"elementor-container elementor-column-gap-default\">\n\t\t\t\t\t\t\t<div class=\"elementor-row\">\n\t\t\t\t\t<div class=\"elementor-column elementor-col-50 elementor-top-column elementor-element elementor-element-0c63e6d\" data-id=\"0c63e6d\" data-element_type=\"column\" data-settings=\"{&quot;background_background&quot;:&quot;classic&quot;}\">\n\t\t\t<div class=\"elementor-column-wrap elementor-element-populated\">\n\t\t\t\t\t\t\t<div class=\"elementor-widget-wrap\">\n\t\t\t\t\t\t<section class=\"elementor-section elementor-inner-section elementor-element elementor-element-0a27d89 elementor-section-boxed elementor-section-height-default elementor-section-height-default\" data-id=\"0a27d89\" data-element_type=\"section\">\n\t\t\t\t\t\t<div class=\"elementor-container elementor-column-gap-default\">\n\t\t\t\t\t\t\t<div class=\"elementor-row\">\n\t\t\t\t\t<div class=\"elementor-column elementor-col-100 elementor-inner-column elementor-element elementor-element-e8e65b7\" data-id=\"e8e65b7\" data-element_type=\"column\" data-settings=\"{&quot;background_background&quot;:&quot;classic&quot;}\">\n\t\t\t<div class=\"elementor-column-wrap elementor-element-populated\">\n\t\t\t\t\t\t\t<div class=\"elementor-widget-wrap\">\n\t\t\t\t\t\t<div class=\"elementor-element elementor-element-3e043cc elementor-view-default elementor-position-top elementor-vertical-align-top elementor-widget elementor-widget-icon-box\" data-id=\"3e043cc\" data-element_type=\"widget\" data-widget_type=\"icon-box.default\">\n\t\t\t\t<div class=\"elementor-widget-container\">\n\t\t\t\t\t<div class=\"elementor-icon-box-wrapper\">\n\t\t\t\t\t\t<div class=\"elementor-icon-box-icon\">\n\t\t\t\t<a class=\"elementor-icon elementor-animation-grow\" href=\"#\">\n\t\t\t\t<?xml version=\"1.0\" encoding=\"utf-8\"?>\r\n<!-- Generator: Adobe Illustrator 23.1.0, SVG Export Plug-In . SVG Version: 6.00 Build 0)  -->\r\n<svg version=\"1.1\" id=\"Group_86\" xmlns=\"http:\/\/www.w3.org\/2000\/svg\" xmlns:xlink=\"http:\/\/www.w3.org\/1999\/xlink\" x=\"0px\" y=\"0px\"\r\n\t viewbox=\"0 0 69.9 70.7\" style=\"enable-background:new 0 0 69.9 70.7;\" xml:space=\"preserve\">\r\n<style type=\"text\/css\">\r\n\t.st0{fill:url(#SVGID_1_);}\r\n\t.st1{fill:url(#SVGID_2_);}\r\n<\/style>\r\n<g>\r\n\t\r\n\t\t<lineargradient id=\"SVGID_1_\" gradientunits=\"userSpaceOnUse\" x1=\"-0.5617\" y1=\"38.2602\" x2=\"45.0558\" y2=\"38.2602\" gradienttransform=\"matrix(1 0 0 -1 0 73.6138)\">\r\n\t\t<stop  offset=\"0\" style=\"stop-color:#32DAC3\"\/>\r\n\t\t<stop  offset=\"1\" style=\"stop-color:#07A7E3\"\/>\r\n\t<\/lineargradient>\r\n\t<path class=\"st0\" d=\"M43.2,54.6c-0.7,0.1-1.1,0.7-1.3,1.4c-1.2,3.6-2.8,7-5,10.1c-0.4,0.6-0.9,1-1.4,1.5c-0.1,0-0.2-0.1-0.3-0.1\t\tc-0.1-0.4-0.2-0.9-0.2-1.3c0-0.9,0-1.8,0.1-2.7c0.3-4.5,0.5-9-0.1-13.5c-0.4-2.8-1-5.5-2.5-7.9c-2.3-3.7-6.4-5.2-10.6-4\t\tc-3.2,0.9-5,3.2-6.3,6.1c-1.3,3.1-1.8,6.4-1.8,9.7c0,3.8,0.2,7.7,0.3,11.5c0,0.7-0.1,1.4-0.1,2.1c-0.1,0-0.2,0.1-0.4,0.1\t\tc-0.4-0.4-0.9-0.8-1.3-1.3c-4.1-6-6.5-12.6-7.1-19.8c-0.3-4.7,0.3-9.4,1.6-13.9c0.1-0.5,0.1-1.1-0.1-1.5c-0.9-2.7-2-5.3-2.8-8.1\t\tc-1.1-3.9-1.7-8-1.1-12.1c0.5-3.5,2.1-6.3,5.8-7.3c1.4-0.4,2.8-0.5,4.3-0.4c3.7,0.1,7.2,1.1,10.7,2.3c0.7,0.3,1.4,0.2,2.1,0\t\tc4.5-1.5,9-2.8,13.8-2.2c0.9,0.1,1.6-0.6,1.7-1.4c0.1-0.8-0.5-1.5-1.3-1.7C39.3,0.1,38.7,0,38.1,0c-4.2-0.1-8.2,0.9-12.2,2.2\t\tc-0.9,0.3-1.7,0.3-2.6,0c-4-1.4-8.1-2.3-12.4-2.1C5.5,0.3,1.5,3.3,0.1,8.4c-0.4,1.4-0.6,2.8-0.6,4.2c-0.3,6.5,1.4,12.6,3.8,18.6\t\tc0.2,0.6,0.3,1.1,0.2,1.8c-0.5,2.4-1.1,4.8-1.2,7.2c-0.8,10,1.8,19.1,7.3,27.4c0.5,0.8,1.2,1.6,2,2.2c2.4,1.8,5.1,0.8,5.6-2.1\t\tc0.3-1.4,0.2-3,0.1-4.4c-0.2-4.3-0.5-8.6,0.1-12.9c0.3-2.2,0.8-4.4,2-6.4c0.8-1.4,1.9-2.4,3.5-2.9c3.1-0.9,5.9,0.3,7.5,3.3\t\tc1.1,2.2,1.6,4.6,1.8,7c0.4,4.1,0.2,8.3-0.1,12.4c-0.1,1.6-0.3,3.2,0.4,4.7c0.8,2,2.8,2.8,4.7,1.7c0.9-0.6,1.8-1.4,2.4-2.2\t\tc1.1-1.5,2-3,2.8-4.7c1-2.1,1.9-4.3,2.7-6.5C45.5,55.5,44.5,54.4,43.2,54.6z\"\/>\r\n\t\r\n\t\t<lineargradient id=\"SVGID_2_\" gradientunits=\"userSpaceOnUse\" x1=\"24.2842\" y1=\"50.7817\" x2=\"69.9991\" y2=\"50.7817\" gradienttransform=\"matrix(1 0 0 -1 0 73.6138)\">\r\n\t\t<stop  offset=\"0\" style=\"stop-color:#32DAC3\"\/>\r\n\t\t<stop  offset=\"1\" style=\"stop-color:#07A7E3\"\/>\r\n\t<\/lineargradient>\r\n\t<path class=\"st1\" d=\"M68.6,21.3c-4.8-1.5-9.5-3.1-14.3-4.6c-0.5-0.2-0.8-0.4-1-0.9c-0.3-1-0.6-2-0.9-3C51.2,9,49.9,5.2,48.7,1.3\t\tc-0.3-1.1-1.1-1.5-2-1.3c-0.7,0.2-1,0.8-1.2,1.4c-1.5,4.7-3,9.5-4.6,14.2c-0.2,0.6-0.4,0.9-1,1c-4.7,1.5-9.5,3-14.2,4.6\t\tc-1.1,0.3-1.5,0.8-1.5,1.6c0,0.8,0.4,1.3,1.5,1.6c4.7,1.5,9.5,3.1,14.2,4.6c0.6,0.2,0.9,0.4,1,1c1.5,4.7,3,9.5,4.6,14.2\t\tc0.3,1.1,0.8,1.5,1.7,1.5c0.8,0,1.3-0.4,1.6-1.5c1.3-4,2.6-8,3.8-12c0.3-1,0.4-2.3,1.1-2.9c0.7-0.7,1.9-0.8,2.9-1.1\t\tc4-1.3,8-2.6,12-3.9c1-0.3,1.3-0.8,1.3-1.6C70,22.1,69.6,21.7,68.6,21.3z M62.4,23.3c-3.4,1.1-6.7,2.2-10.1,3.2\t\tc-0.9,0.3-1.3,0.8-1.6,1.6c-1,3.3-2.1,6.7-3.2,10c-0.1,0.2-0.2,0.5-0.3,0.9c-0.2-0.4-0.3-0.6-0.3-0.8c-1.1-3.3-2.2-6.7-3.2-10\t\tc-0.3-0.9-0.8-1.5-1.8-1.8c-3.3-1-6.6-2.1-9.9-3.2c-0.2-0.1-0.5-0.2-0.9-0.3c0.4-0.1,0.6-0.2,0.8-0.3c3.4-1.1,6.7-2.2,10.1-3.2\t\tc0.9-0.3,1.4-0.8,1.7-1.7c1.1-3.4,2.2-6.9,3.3-10.3c0-0.1,0.1-0.3,0.2-0.6c0.1,0.4,0.2,0.7,0.3,0.9c1.1,3.4,2.2,6.7,3.2,10.1\t\tc0.3,0.8,0.7,1.3,1.6,1.6c3.3,1,6.7,2.1,10,3.2c0.3,0.1,0.5,0.2,0.9,0.3C62.9,23.1,62.6,23.2,62.4,23.3z\"\/>\r\n<\/g>\r\n<\/svg>\r\n\t\t\t\t<\/a>\n\t\t\t<\/div>\n\t\t\t\t\t\t<div class=\"elementor-icon-box-content\">\n\t\t\t\t<h3 class=\"elementor-icon-box-title\">\n\t\t\t\t\t<a href=\"#\" >\n\t\t\t\t\t\tTeeth whitening\t\t\t\t\t<\/a>\n\t\t\t\t<\/h3>\n\t\t\t\t\t\t\t<\/div>\n\t\t<\/div>\n\t\t\t\t<\/div>\n\t\t\t\t<\/div>\n\t\t\t\t\t\t<\/div>\n\t\t\t\t\t<\/div>\n\t\t<\/div>\n\t\t\t\t\t\t\t\t<\/div>\n\t\t\t\t\t<\/div>\n\t\t<\/section>\n\t\t\t\t<div class=\"elementor-element elementor-element-54bd980 elementor-widget elementor-widget-text-editor\" data-id=\"54bd980\" data-element_type=\"widget\" data-widget_type=\"text-editor.default\">\n\t\t\t\t<div class=\"elementor-widget-container\">\n\t\t\t\t\t\t\t\t<div class=\"elementor-text-editor elementor-clearfix\">\n\t\t\t\t<p><strong>Bleaching with proven materials in Western Europe and the USA, e.g. NiteWhite and Opalesscense.<\/strong><\/p>\t\t\t\t\t<\/div>\n\t\t\t\t\t\t<\/div>\n\t\t\t\t<\/div>\n\t\t\t\t\t\t<\/div>\n\t\t\t\t\t<\/div>\n\t\t<\/div>\n\t\t\t\t<div class=\"elementor-column elementor-col-50 elementor-top-column elementor-element elementor-element-4ac1a42\" data-id=\"4ac1a42\" data-element_type=\"column\">\n\t\t\t<div class=\"elementor-column-wrap elementor-element-populated\">\n\t\t\t\t\t\t\t<div class=\"elementor-widget-wrap\">\n\t\t\t\t\t\t<div class=\"elementor-element elementor-element-29bf3b9 elementor-widget elementor-widget-image\" data-id=\"29bf3b9\" data-element_type=\"widget\" data-widget_type=\"image.default\">\n\t\t\t\t<div class=\"elementor-widget-container\">\n\t\t\t\t\t\t\t\t<div class=\"elementor-image\">\n\t\t\t\t\t\t\t\t\t\t\t\t<img width=\"900\" height=\"600\" src=\"https:\/\/stomatologia-rabien.pl\/wp-content\/uploads\/2019\/12\/mg-9074jpg-37.jpg\" class=\"attachment-full size-full\" alt=\"\" loading=\"lazy\" srcset=\"https:\/\/stomatologia-rabien.pl\/wp-content\/uploads\/2019\/12\/mg-9074jpg-37.jpg 900w, https:\/\/stomatologia-rabien.pl\/wp-content\/uploads\/2019\/12\/mg-9074jpg-37-300x200.jpg 300w, https:\/\/stomatologia-rabien.pl\/wp-content\/uploads\/2019\/12\/mg-9074jpg-37-768x512.jpg 768w\" sizes=\"(max-width: 900px) 100vw, 900px\" \/>\t\t\t\t\t\t\t\t\t\t\t\t\t\t<\/div>\n\t\t\t\t\t\t<\/div>\n\t\t\t\t<\/div>\n\t\t\t\t\t\t<\/div>\n\t\t\t\t\t<\/div>\n\t\t<\/div>\n\t\t\t\t\t\t\t\t<\/div>\n\t\t\t\t\t<\/div>\n\t\t<\/section>\n\t\t\t\t<section class=\"elementor-section elementor-top-section elementor-element elementor-element-bbe81fa elementor-section-content-top elementor-section-boxed elementor-section-height-default elementor-section-height-default\" data-id=\"bbe81fa\" data-element_type=\"section\">\n\t\t\t\t\t\t<div class=\"elementor-container elementor-column-gap-default\">\n\t\t\t\t\t\t\t<div class=\"elementor-row\">\n\t\t\t\t\t<div class=\"elementor-column elementor-col-100 elementor-top-column elementor-element elementor-element-10a6b12\" data-id=\"10a6b12\" data-element_type=\"column\" data-settings=\"{&quot;background_background&quot;:&quot;classic&quot;}\">\n\t\t\t<div class=\"elementor-column-wrap elementor-element-populated\">\n\t\t\t\t\t\t\t<div class=\"elementor-widget-wrap\">\n\t\t\t\t\t\t<div class=\"elementor-element elementor-element-b70352c elementor-widget elementor-widget-text-editor\" data-id=\"b70352c\" data-element_type=\"widget\" data-widget_type=\"text-editor.default\">\n\t\t\t\t<div class=\"elementor-widget-container\">\n\t\t\t\t\t\t\t\t<div class=\"elementor-text-editor elementor-clearfix\">\n\t\t\t\t<p class=\"p1\">We invite you to whiten teeth with the overlay method, which consists of two stages: cabinet and home. On the first visit, an impression will be taken, based on which the studio will make a model and whitening overlays. At the next visit, the patient receives overlays with preparations for whitening and eliminating hypersensitivity, which is a common symptom during whitening. The patient at home uses this method until the tooth color is satisfactory. Due to the fact that the patient uses lower concentrations of the preparation for a long time, this method is considered the least harmful to the teeth.<\/p>\t\t\t\t\t<\/div>\n\t\t\t\t\t\t<\/div>\n\t\t\t\t<\/div>\n\t\t\t\t\t\t<\/div>\n\t\t\t\t\t<\/div>\n\t\t<\/div>\n\t\t\t\t\t\t\t\t<\/div>\n\t\t\t\t\t<\/div>\n\t\t<\/section>\n\t\t\t\t<section class=\"elementor-section elementor-top-section elementor-element elementor-element-d762708 elementor-section-content-top elementor-section-boxed elementor-section-height-default elementor-section-height-default\" data-id=\"d762708\" data-element_type=\"section\">\n\t\t\t\t\t\t<div class=\"elementor-container elementor-column-gap-default\">\n\t\t\t\t\t\t\t<div class=\"elementor-row\">\n\t\t\t\t\t<div class=\"elementor-column elementor-col-100 elementor-top-column elementor-element elementor-element-444da64\" data-id=\"444da64\" data-element_type=\"column\" data-settings=\"{&quot;background_background&quot;:&quot;classic&quot;}\">\n\t\t\t<div class=\"elementor-column-wrap elementor-element-populated\">\n\t\t\t\t\t\t\t<div class=\"elementor-widget-wrap\">\n\t\t\t\t\t\t<div class=\"elementor-element elementor-element-a01cfc6 elementor-mobile-align-center elementor-widget elementor-widget-bdt-advanced-button\" data-id=\"a01cfc6\" data-element_type=\"widget\" data-widget_type=\"bdt-advanced-button.default\">\n\t\t\t\t<div class=\"elementor-widget-container\">\n\t\t\t\t\t<div class=\"bdt-advanced-button-wrapper\">\n\t\t\t<a href=\"https:\/\/stomatologia-rabien.pl\/en\/uslugi\/\" class=\"bdt-advanced-button bdt-advanced-button-effect-a bdt-advanced-button-size-md\">\n\t\t\t\t\t\t<div class=\"bdt-advanced-button-content-wrapper bdt-flex bdt-flex-middle\" data-text=\"Zobacz ca\u0142\u0105 ofert\u0119\">\n\t\t\t\t\t\t<div class=\"bdt-advanced-button-text\">\n\n                <span class=\"avdbtn-text\">See the whole offer<\/span>\n\n\t\t\t\t            <\/div>\n\n\t\t<\/div>\n\t\t\t\t\t<\/a>\n\t\t<\/div>\n\t\t\t\t<\/div>\n\t\t\t\t<\/div>\n\t\t\t\t\t\t<\/div>\n\t\t\t\t\t<\/div>\n\t\t<\/div>\n\t\t\t\t\t\t\t\t<\/div>\n\t\t\t\t\t<\/div>\n\t\t<\/section>\n\t\t\t\t\t\t<\/div>\n\t\t\t\t\t\t<\/div>\n\t\t\t\t\t<\/div>","protected":false},"excerpt":{"rendered":"<p>Us\u0142ugi stomatologiczne Wybielanie z\u0119b\u00f3w Wybielanie z\u0119b\u00f3w Wybielanie materia\u0142ami sprawdzonymi w krajach Europy zachodniej i USA, np. NiteWhite oraz Opalesscense. Zapraszamy do wybielania z\u0119b\u00f3w metod\u0105 nak\u0142adkow\u0105, kt\u00f3ra sk\u0142ada si\u0119 z dw\u00f3ch etap\u00f3w: gabinetowego i domowego. Na pierwszej wizycie zostanie pobrany wycisk, na podstawie kt\u00f3rego pracownia wykona model oraz nak\u0142adki do wybielania. Na kolejnej wizycie pacjent otrzymuje [&hellip;]<\/p>","protected":false},"author":1,"featured_media":0,"parent":770,"menu_order":0,"comment_status":"closed","ping_status":"closed","template":"elementor_header_footer","meta":[],"_links":{"self":[{"href":"https:\/\/stomatologia-rabien.pl\/en\/wp-json\/wp\/v2\/pages\/471"}],"collection":[{"href":"https:\/\/stomatologia-rabien.pl\/en\/wp-json\/wp\/v2\/pages"}],"about":[{"href":"https:\/\/stomatologia-rabien.pl\/en\/wp-json\/wp\/v2\/types\/page"}],"author":[{"embeddable":true,"href":"https:\/\/stomatologia-rabien.pl\/en\/wp-json\/wp\/v2\/users\/1"}],"replies":[{"embeddable":true,"href":"https:\/\/stomatologia-rabien.pl\/en\/wp-json\/wp\/v2\/comments?post=471"}],"version-history":[{"count":8,"href":"https:\/\/stomatologia-rabien.pl\/en\/wp-json\/wp\/v2\/pages\/471\/revisions"}],"predecessor-version":[{"id":1192,"href":"https:\/\/stomatologia-rabien.pl\/en\/wp-json\/wp\/v2\/pages\/471\/revisions\/1192"}],"up":[{"embeddable":true,"href":"https:\/\/stomatologia-rabien.pl\/en\/wp-json\/wp\/v2\/pages\/770"}],"wp:attachment":[{"href":"https:\/\/stomatologia-rabien.pl\/en\/wp-json\/wp\/v2\/media?parent=471"}],"curies":[{"name":"wp","href":"https:\/\/api.w.org\/{rel}","templated":true}]}}