{"id":462,"date":"2019-12-20T13:38:58","date_gmt":"2019-12-20T12:38:58","guid":{"rendered":"https:\/\/stomatologia-rabien.pl\/?page_id=462"},"modified":"2022-10-24T10:19:25","modified_gmt":"2022-10-24T08:19:25","slug":"implanty","status":"publish","type":"page","link":"https:\/\/stomatologia-rabien.pl\/en\/uslugi\/implanty\/","title":{"rendered":"Implants"},"content":{"rendered":"<div data-elementor-type=\"wp-page\" data-elementor-id=\"462\" class=\"elementor elementor-462\" data-elementor-settings=\"[]\">\n\t\t\t\t\t\t<div class=\"elementor-inner\">\n\t\t\t\t\t\t\t<div class=\"elementor-section-wrap\">\n\t\t\t\t\t\t\t<section class=\"elementor-section elementor-top-section elementor-element elementor-element-efa7102 elementor-section-height-min-height elementor-section-boxed elementor-section-height-default elementor-section-items-middle\" data-id=\"efa7102\" data-element_type=\"section\" data-settings=\"{&quot;background_background&quot;:&quot;classic&quot;}\">\n\t\t\t\t\t\t<div class=\"elementor-container elementor-column-gap-no\">\n\t\t\t\t\t\t\t<div class=\"elementor-row\">\n\t\t\t\t\t<div class=\"elementor-column elementor-col-100 elementor-top-column elementor-element elementor-element-8a1418c\" data-id=\"8a1418c\" data-element_type=\"column\">\n\t\t\t<div class=\"elementor-column-wrap elementor-element-populated\">\n\t\t\t\t\t\t\t<div class=\"elementor-widget-wrap\">\n\t\t\t\t\t\t<div class=\"elementor-element elementor-element-2d50121 elementor-widget elementor-widget-heading\" data-id=\"2d50121\" data-element_type=\"widget\" data-widget_type=\"heading.default\">\n\t\t\t\t<div class=\"elementor-widget-container\">\n\t\t\t<h2 class=\"elementor-heading-title elementor-size-default\">Dental services<\/h2>\t\t<\/div>\n\t\t\t\t<\/div>\n\t\t\t\t<div class=\"elementor-element elementor-element-bb8e9ce elementor-widget-divider--view-line elementor-widget elementor-widget-divider\" data-id=\"bb8e9ce\" data-element_type=\"widget\" data-widget_type=\"divider.default\">\n\t\t\t\t<div class=\"elementor-widget-container\">\n\t\t\t\t\t<div class=\"elementor-divider\">\n\t\t\t<span class=\"elementor-divider-separator\">\n\t\t\t\t\t\t<\/span>\n\t\t<\/div>\n\t\t\t\t<\/div>\n\t\t\t\t<\/div>\n\t\t\t\t<div class=\"elementor-element elementor-element-28435dc elementor-widget elementor-widget-heading\" data-id=\"28435dc\" data-element_type=\"widget\" data-widget_type=\"heading.default\">\n\t\t\t\t<div class=\"elementor-widget-container\">\n\t\t\t<h1 class=\"elementor-heading-title elementor-size-default\">Implants<\/h1>\t\t<\/div>\n\t\t\t\t<\/div>\n\t\t\t\t\t\t<\/div>\n\t\t\t\t\t<\/div>\n\t\t<\/div>\n\t\t\t\t\t\t\t\t<\/div>\n\t\t\t\t\t<\/div>\n\t\t<\/section>\n\t\t\t\t<section class=\"elementor-section elementor-top-section elementor-element elementor-element-ae1f476 elementor-section-content-middle elementor-section-boxed elementor-section-height-default elementor-section-height-default\" data-id=\"ae1f476\" data-element_type=\"section\">\n\t\t\t\t\t\t<div class=\"elementor-container elementor-column-gap-default\">\n\t\t\t\t\t\t\t<div class=\"elementor-row\">\n\t\t\t\t\t<div class=\"elementor-column elementor-col-50 elementor-top-column elementor-element elementor-element-0c63e6d\" data-id=\"0c63e6d\" data-element_type=\"column\" data-settings=\"{&quot;background_background&quot;:&quot;classic&quot;}\">\n\t\t\t<div class=\"elementor-column-wrap elementor-element-populated\">\n\t\t\t\t\t\t\t<div class=\"elementor-widget-wrap\">\n\t\t\t\t\t\t<section class=\"elementor-section elementor-inner-section elementor-element elementor-element-0a27d89 elementor-section-boxed elementor-section-height-default elementor-section-height-default\" data-id=\"0a27d89\" data-element_type=\"section\">\n\t\t\t\t\t\t<div class=\"elementor-container elementor-column-gap-default\">\n\t\t\t\t\t\t\t<div class=\"elementor-row\">\n\t\t\t\t\t<div class=\"elementor-column elementor-col-100 elementor-inner-column elementor-element elementor-element-e8e65b7\" data-id=\"e8e65b7\" data-element_type=\"column\" data-settings=\"{&quot;background_background&quot;:&quot;classic&quot;}\">\n\t\t\t<div class=\"elementor-column-wrap elementor-element-populated\">\n\t\t\t\t\t\t\t<div class=\"elementor-widget-wrap\">\n\t\t\t\t\t\t<div class=\"elementor-element elementor-element-3e043cc elementor-view-default elementor-position-top elementor-vertical-align-top elementor-widget elementor-widget-icon-box\" data-id=\"3e043cc\" data-element_type=\"widget\" data-widget_type=\"icon-box.default\">\n\t\t\t\t<div class=\"elementor-widget-container\">\n\t\t\t\t\t<div class=\"elementor-icon-box-wrapper\">\n\t\t\t\t\t\t<div class=\"elementor-icon-box-icon\">\n\t\t\t\t<a class=\"elementor-icon elementor-animation-grow\" href=\"#\">\n\t\t\t\t<svg xmlns=\"http:\/\/www.w3.org\/2000\/svg\" xmlns:xlink=\"http:\/\/www.w3.org\/1999\/xlink\" id=\"Group_193\" data-name=\"Group 193\" width=\"65.228\" height=\"74.467\" viewbox=\"0 0 65.228 74.467\"><defs><lineargradient id=\"linear-gradient\" x1=\"0.5\" x2=\"0.5\" y2=\"1\" gradientunits=\"objectBoundingBox\"><stop offset=\"0\" stop-color=\"#32dac3\"><\/stop><stop offset=\"1\" stop-color=\"#07a7e3\"><\/stop><\/lineargradient><\/defs><g id=\"Group_39\" data-name=\"Group 39\" transform=\"translate(0)\"><path id=\"Path_42\" data-name=\"Path 42\" d=\"M221.66,205.613c-8.713-11.071-17.284-7.185-25.573-3.43-1.1.5-2.218,1-3.34,1.477-1.12-.473-2.234-.973-3.34-1.475-8.292-3.756-16.864-7.642-25.573,3.429-8.845,11.242.543,26.47,3.63,30.87a2.9,2.9,0,0,1,.507,1.326c1.277,10.382,4.308,27.8,10.275,27.8a1.127,1.127,0,1,0,0-2.254c-2.817,0-6.2-10.858-8.036-25.815a5.214,5.214,0,0,0-.9-2.35c-2.037-2.9-11.789-17.9-3.7-28.175,7.616-9.681,14.686-6.477,22.868-2.768l1.274.572a20.4,20.4,0,0,1-6.513,1.227,1.129,1.129,0,0,0,0,2.257,26.125,26.125,0,0,0,9.9-2.363.588.588,0,0,0,.073-.028c1.283-.531,2.552-1.1,3.807-1.668,8.184-3.709,15.252-6.913,22.868,2.768,8.087,10.278-1.666,25.276-3.7,28.177a5.213,5.213,0,0,0-.9,2.349c-1.84,14.959-5.22,25.815-8.036,25.815a1.128,1.128,0,1,0,0,2.256c5.967,0,9-17.415,10.277-27.8a2.937,2.937,0,0,1,.506-1.328C221.116,232.083,230.5,216.856,221.66,205.613Z\" transform=\"translate(-160.133 -198.337)\" fill=\"url(#linear-gradient)\"><\/path><\/g><g id=\"Group_40\" data-name=\"Group 40\" transform=\"translate(17.431 29.112)\"><path id=\"Path_43\" data-name=\"Path 43\" d=\"M201.732,223.841v-3.356a3.388,3.388,0,0,0-3.384-3.384h-23.6a3.388,3.388,0,0,0-3.385,3.384v3.356a3.39,3.39,0,0,0,3.385,3.387h.684L179.1,255.9a7.513,7.513,0,0,0,14.9,0h0l3.66-28.668h.686A3.389,3.389,0,0,0,201.732,223.841Zm-28.108,0v-3.356a1.13,1.13,0,0,1,1.129-1.128h23.6a1.129,1.129,0,0,1,1.128,1.128v3.356a1.131,1.131,0,0,1-1.128,1.131h-23.6A1.132,1.132,0,0,1,173.624,223.841Zm18.141,31.77h0a5.256,5.256,0,0,1-10.427,0l-3.624-28.383h17.675Z\" transform=\"translate(-171.368 -217.102)\" fill=\"url(#linear-gradient)\"><\/path><\/g><g id=\"Group_41\" data-name=\"Group 41\" transform=\"translate(26.076 41.558)\"><path id=\"Path_44\" data-name=\"Path 44\" d=\"M177,230.349a1.126,1.126,0,0,0,1.069.769,1.082,1.082,0,0,0,.36-.061l11.1-3.736a1.128,1.128,0,1,0-.721-2.138l-11.1,3.736A1.13,1.13,0,0,0,177,230.349Z\" transform=\"translate(-176.941 -225.124)\" fill=\"url(#linear-gradient)\"><\/path><\/g><g id=\"Group_42\" data-name=\"Group 42\" transform=\"translate(27.258 47.563)\"><path id=\"Path_45\" data-name=\"Path 45\" d=\"M187.3,229.055l-8.832,2.974a1.129,1.129,0,0,0,.36,2.2,1.09,1.09,0,0,0,.361-.061l8.832-2.973a1.129,1.129,0,0,0-.721-2.139Z\" transform=\"translate(-177.703 -228.995)\" fill=\"url(#linear-gradient)\"><\/path><\/g><g id=\"Group_43\" data-name=\"Group 43\" transform=\"translate(27.963 53.536)\"><path id=\"Path_46\" data-name=\"Path 46\" d=\"M186.069,232.905l-7.144,2.4a1.129,1.129,0,0,0,.721,2.139l7.143-2.4a1.129,1.129,0,0,0-.72-2.139Z\" transform=\"translate(-178.157 -232.845)\" fill=\"url(#linear-gradient)\"><\/path><\/g><g id=\"Group_44\" data-name=\"Group 44\" transform=\"translate(29.119 59.434)\"><path id=\"Path_47\" data-name=\"Path 47\" d=\"M184.9,236.708l-5.227,1.758a1.128,1.128,0,0,0,.36,2.2,1.074,1.074,0,0,0,.36-.059l5.228-1.758a1.128,1.128,0,1,0-.721-2.138Z\" transform=\"translate(-178.902 -236.647)\" fill=\"url(#linear-gradient)\"><\/path><\/g><g id=\"Group_45\" data-name=\"Group 45\" transform=\"translate(30.183 65.375)\"><path id=\"Path_48\" data-name=\"Path 48\" d=\"M183.631,240.536l-3.275,1.1a1.129,1.129,0,0,0,.36,2.2,1.166,1.166,0,0,0,.36-.059l3.275-1.1a1.128,1.128,0,1,0-.72-2.138Z\" transform=\"translate(-179.588 -240.476)\" fill=\"url(#linear-gradient)\"><\/path><\/g><\/svg>\t\t\t\t<\/a>\n\t\t\t<\/div>\n\t\t\t\t\t\t<div class=\"elementor-icon-box-content\">\n\t\t\t\t<h3 class=\"elementor-icon-box-title\">\n\t\t\t\t\t<a href=\"#\" >\n\t\t\t\t\t\tImplants\t\t\t\t\t<\/a>\n\t\t\t\t<\/h3>\n\t\t\t\t\t\t\t<\/div>\n\t\t<\/div>\n\t\t\t\t<\/div>\n\t\t\t\t<\/div>\n\t\t\t\t\t\t<\/div>\n\t\t\t\t\t<\/div>\n\t\t<\/div>\n\t\t\t\t\t\t\t\t<\/div>\n\t\t\t\t\t<\/div>\n\t\t<\/section>\n\t\t\t\t\t\t<\/div>\n\t\t\t\t\t<\/div>\n\t\t<\/div>\n\t\t\t\t<div class=\"elementor-column elementor-col-50 elementor-top-column elementor-element elementor-element-4ac1a42\" data-id=\"4ac1a42\" data-element_type=\"column\">\n\t\t\t<div class=\"elementor-column-wrap elementor-element-populated\">\n\t\t\t\t\t\t\t<div class=\"elementor-widget-wrap\">\n\t\t\t\t\t\t<div class=\"elementor-element elementor-element-29bf3b9 elementor-widget elementor-widget-image\" data-id=\"29bf3b9\" data-element_type=\"widget\" data-widget_type=\"image.default\">\n\t\t\t\t<div class=\"elementor-widget-container\">\n\t\t\t\t\t\t\t\t<div class=\"elementor-image\">\n\t\t\t\t\t\t\t\t\t\t\t\t<img width=\"900\" height=\"600\" src=\"https:\/\/stomatologia-rabien.pl\/wp-content\/uploads\/2019\/12\/mg-9074jpg-37.jpg\" class=\"attachment-full size-full\" alt=\"\" loading=\"lazy\" srcset=\"https:\/\/stomatologia-rabien.pl\/wp-content\/uploads\/2019\/12\/mg-9074jpg-37.jpg 900w, https:\/\/stomatologia-rabien.pl\/wp-content\/uploads\/2019\/12\/mg-9074jpg-37-300x200.jpg 300w, https:\/\/stomatologia-rabien.pl\/wp-content\/uploads\/2019\/12\/mg-9074jpg-37-768x512.jpg 768w\" sizes=\"(max-width: 900px) 100vw, 900px\" \/>\t\t\t\t\t\t\t\t\t\t\t\t\t\t<\/div>\n\t\t\t\t\t\t<\/div>\n\t\t\t\t<\/div>\n\t\t\t\t\t\t<\/div>\n\t\t\t\t\t<\/div>\n\t\t<\/div>\n\t\t\t\t\t\t\t\t<\/div>\n\t\t\t\t\t<\/div>\n\t\t<\/section>\n\t\t\t\t<section class=\"elementor-section elementor-top-section elementor-element elementor-element-3cb67af elementor-section-content-top elementor-section-boxed elementor-section-height-default elementor-section-height-default\" data-id=\"3cb67af\" data-element_type=\"section\">\n\t\t\t\t\t\t<div class=\"elementor-container elementor-column-gap-default\">\n\t\t\t\t\t\t\t<div class=\"elementor-row\">\n\t\t\t\t\t<div class=\"elementor-column elementor-col-50 elementor-top-column elementor-element elementor-element-b931673\" data-id=\"b931673\" data-element_type=\"column\" data-settings=\"{&quot;background_background&quot;:&quot;classic&quot;}\">\n\t\t\t<div class=\"elementor-column-wrap elementor-element-populated\">\n\t\t\t\t\t\t\t<div class=\"elementor-widget-wrap\">\n\t\t\t\t\t\t<div class=\"elementor-element elementor-element-9fd5243 elementor-widget elementor-widget-text-editor\" data-id=\"9fd5243\" data-element_type=\"widget\" data-widget_type=\"text-editor.default\">\n\t\t\t\t<div class=\"elementor-widget-container\">\n\t\t\t\t\t\t\t\t<div class=\"elementor-text-editor elementor-clearfix\">\n\t\t\t\t<p>Implants are one of the most popular ways to fill gaps in natural teeth. The implant, i.e. the new root, is inserted in place of the removed tooth. It is a small screw, usually 2.8 to 6 mm in diameter and 5 to 22 mm long. The artificial element replaces the natural root of the tooth. It is placed in the jawbone or jawbone.<\/p>\t\t\t\t\t<\/div>\n\t\t\t\t\t\t<\/div>\n\t\t\t\t<\/div>\n\t\t\t\t\t\t<\/div>\n\t\t\t\t\t<\/div>\n\t\t<\/div>\n\t\t\t\t<div class=\"elementor-column elementor-col-50 elementor-top-column elementor-element elementor-element-b337c92\" data-id=\"b337c92\" data-element_type=\"column\" data-settings=\"{&quot;background_background&quot;:&quot;classic&quot;}\">\n\t\t\t<div class=\"elementor-column-wrap elementor-element-populated\">\n\t\t\t\t\t\t\t<div class=\"elementor-widget-wrap\">\n\t\t\t\t\t\t<div class=\"elementor-element elementor-element-7a5870a elementor-widget elementor-widget-text-editor\" data-id=\"7a5870a\" data-element_type=\"widget\" data-widget_type=\"text-editor.default\">\n\t\t\t\t<div class=\"elementor-widget-container\">\n\t\t\t\t\t\t\t\t<div class=\"elementor-text-editor elementor-clearfix\">\n\t\t\t\t<p>The implant is made of titanium, which is very well tolerated by the body. Thanks to this, the implant is very quickly integrated into the bone. Filling in the teeth with implants ensures complete comfort of use. Implants replace natural teeth, so the feelings when eating meals or drinking beverages are identical.<\/p>\t\t\t\t\t<\/div>\n\t\t\t\t\t\t<\/div>\n\t\t\t\t<\/div>\n\t\t\t\t\t\t<\/div>\n\t\t\t\t\t<\/div>\n\t\t<\/div>\n\t\t\t\t\t\t\t\t<\/div>\n\t\t\t\t\t<\/div>\n\t\t<\/section>\n\t\t\t\t<section class=\"elementor-section elementor-top-section elementor-element elementor-element-6c45056 elementor-section-content-top elementor-section-boxed elementor-section-height-default elementor-section-height-default\" data-id=\"6c45056\" data-element_type=\"section\">\n\t\t\t\t\t\t<div class=\"elementor-container elementor-column-gap-default\">\n\t\t\t\t\t\t\t<div class=\"elementor-row\">\n\t\t\t\t\t<div class=\"elementor-column elementor-col-50 elementor-top-column elementor-element elementor-element-e866fb6\" data-id=\"e866fb6\" data-element_type=\"column\" data-settings=\"{&quot;background_background&quot;:&quot;classic&quot;}\">\n\t\t\t<div class=\"elementor-column-wrap elementor-element-populated\">\n\t\t\t\t\t\t\t<div class=\"elementor-widget-wrap\">\n\t\t\t\t\t\t<div class=\"elementor-element elementor-element-cedf1a9 elementor-widget elementor-widget-heading\" data-id=\"cedf1a9\" data-element_type=\"widget\" data-widget_type=\"heading.default\">\n\t\t\t\t<div class=\"elementor-widget-container\">\n\t\t\t<h1 class=\"elementor-heading-title elementor-size-default\">Indications for use of implants\n<\/h1>\t\t<\/div>\n\t\t\t\t<\/div>\n\t\t\t\t<div class=\"elementor-element elementor-element-7d4d00b elementor-widget elementor-widget-text-editor\" data-id=\"7d4d00b\" data-element_type=\"widget\" data-widget_type=\"text-editor.default\">\n\t\t\t\t<div class=\"elementor-widget-container\">\n\t\t\t\t\t\t\t\t<div class=\"elementor-text-editor elementor-clearfix\">\n\t\t\t\t<p>Implants can be used to replace a missing, single tooth, several teeth and the entire dental jaw. Implantation of two implants can be used as a support for bridges or complete dentures.<\/p>\t\t\t\t\t<\/div>\n\t\t\t\t\t\t<\/div>\n\t\t\t\t<\/div>\n\t\t\t\t\t\t<\/div>\n\t\t\t\t\t<\/div>\n\t\t<\/div>\n\t\t\t\t<div class=\"elementor-column elementor-col-50 elementor-top-column elementor-element elementor-element-215c1fe\" data-id=\"215c1fe\" data-element_type=\"column\" data-settings=\"{&quot;background_background&quot;:&quot;classic&quot;}\">\n\t\t\t<div class=\"elementor-column-wrap elementor-element-populated\">\n\t\t\t\t\t\t\t<div class=\"elementor-widget-wrap\">\n\t\t\t\t\t\t<div class=\"elementor-element elementor-element-24de8ca elementor-widget elementor-widget-heading\" data-id=\"24de8ca\" data-element_type=\"widget\" data-widget_type=\"heading.default\">\n\t\t\t\t<div class=\"elementor-widget-container\">\n\t\t\t<h1 class=\"elementor-heading-title elementor-size-default\">The course of treatment<\/h1>\t\t<\/div>\n\t\t\t\t<\/div>\n\t\t\t\t<div class=\"elementor-element elementor-element-0a48f61 elementor-widget elementor-widget-text-editor\" data-id=\"0a48f61\" data-element_type=\"widget\" data-widget_type=\"text-editor.default\">\n\t\t\t\t<div class=\"elementor-widget-container\">\n\t\t\t\t\t\t\t\t<div class=\"elementor-text-editor elementor-clearfix\">\n\t\t\t\t<p>During the first visit, the dentist and the patient determine the implantation conditions and treatment plan. During the second visit, the implant is inserted. The procedure involves making holes in the bone and inserting titanium screws. Depending on the number of inserted implants, it usually takes 60 to 90 minutes. The procedure is performed under local anesthesia, making it completely painless for the patient. After 2-6 months, prosthetic reconstruction can be performed on the healed implant. Welcome to our office of patients from \u0141\u00f3d\u017a, Zgierz and the surrounding area. We make implants at attractive prices.<\/p>\t\t\t\t\t<\/div>\n\t\t\t\t\t\t<\/div>\n\t\t\t\t<\/div>\n\t\t\t\t\t\t<\/div>\n\t\t\t\t\t<\/div>\n\t\t<\/div>\n\t\t\t\t\t\t\t\t<\/div>\n\t\t\t\t\t<\/div>\n\t\t<\/section>\n\t\t\t\t<section class=\"elementor-section elementor-top-section elementor-element elementor-element-bbe81fa elementor-section-content-top elementor-section-boxed elementor-section-height-default elementor-section-height-default\" data-id=\"bbe81fa\" data-element_type=\"section\">\n\t\t\t\t\t\t<div class=\"elementor-container elementor-column-gap-default\">\n\t\t\t\t\t\t\t<div class=\"elementor-row\">\n\t\t\t\t\t<div class=\"elementor-column elementor-col-100 elementor-top-column elementor-element elementor-element-10a6b12\" data-id=\"10a6b12\" data-element_type=\"column\" data-settings=\"{&quot;background_background&quot;:&quot;classic&quot;}\">\n\t\t\t<div class=\"elementor-column-wrap elementor-element-populated\">\n\t\t\t\t\t\t\t<div class=\"elementor-widget-wrap\">\n\t\t\t\t\t\t<div class=\"elementor-element elementor-element-0390f55 elementor-mobile-align-center elementor-widget elementor-widget-bdt-advanced-button\" data-id=\"0390f55\" data-element_type=\"widget\" data-widget_type=\"bdt-advanced-button.default\">\n\t\t\t\t<div class=\"elementor-widget-container\">\n\t\t\t\t\t<div class=\"bdt-advanced-button-wrapper\">\n\t\t\t<a href=\"https:\/\/stomatologia-rabien.pl\/en\/uslugi\/\" class=\"bdt-advanced-button bdt-advanced-button-effect-a bdt-advanced-button-size-md\">\n\t\t\t\t\t\t<div class=\"bdt-advanced-button-content-wrapper bdt-flex bdt-flex-middle\" data-text=\"Zobacz ca\u0142\u0105 ofert\u0119\">\n\t\t\t\t\t\t<div class=\"bdt-advanced-button-text\">\n\n                <span class=\"avdbtn-text\">See the whole offer<\/span>\n\n\t\t\t\t            <\/div>\n\n\t\t<\/div>\n\t\t\t\t\t<\/a>\n\t\t<\/div>\n\t\t\t\t<\/div>\n\t\t\t\t<\/div>\n\t\t\t\t\t\t<\/div>\n\t\t\t\t\t<\/div>\n\t\t<\/div>\n\t\t\t\t\t\t\t\t<\/div>\n\t\t\t\t\t<\/div>\n\t\t<\/section>\n\t\t\t\t\t\t<\/div>\n\t\t\t\t\t\t<\/div>\n\t\t\t\t\t<\/div>","protected":false},"excerpt":{"rendered":"<p>Us\u0142ugi stomatologiczne Implanty Implanty Implanty to jeden z najbardziej popularnych sposob\u00f3w uzupe\u0142nienia brak\u00f3w w naturalnym uz\u0119bieniu. Implant, czyli nowy korze\u0144 wprowadza si\u0119 w miejsce po usuni\u0119tym z\u0119bie. Jest to niewielka \u015bruba o \u015brednicy zazwyczaj od 2,8 do 6 mm i d\u0142ugo\u015bci od 5 do 22 mm. Sztuczny element zast\u0119puje naturalny korze\u0144 z\u0119ba. Jest umieszczany w [&hellip;]<\/p>","protected":false},"author":1,"featured_media":0,"parent":770,"menu_order":0,"comment_status":"closed","ping_status":"closed","template":"elementor_header_footer","meta":[],"_links":{"self":[{"href":"https:\/\/stomatologia-rabien.pl\/en\/wp-json\/wp\/v2\/pages\/462"}],"collection":[{"href":"https:\/\/stomatologia-rabien.pl\/en\/wp-json\/wp\/v2\/pages"}],"about":[{"href":"https:\/\/stomatologia-rabien.pl\/en\/wp-json\/wp\/v2\/types\/page"}],"author":[{"embeddable":true,"href":"https:\/\/stomatologia-rabien.pl\/en\/wp-json\/wp\/v2\/users\/1"}],"replies":[{"embeddable":true,"href":"https:\/\/stomatologia-rabien.pl\/en\/wp-json\/wp\/v2\/comments?post=462"}],"version-history":[{"count":9,"href":"https:\/\/stomatologia-rabien.pl\/en\/wp-json\/wp\/v2\/pages\/462\/revisions"}],"predecessor-version":[{"id":1180,"href":"https:\/\/stomatologia-rabien.pl\/en\/wp-json\/wp\/v2\/pages\/462\/revisions\/1180"}],"up":[{"embeddable":true,"href":"https:\/\/stomatologia-rabien.pl\/en\/wp-json\/wp\/v2\/pages\/770"}],"wp:attachment":[{"href":"https:\/\/stomatologia-rabien.pl\/en\/wp-json\/wp\/v2\/media?parent=462"}],"curies":[{"name":"wp","href":"https:\/\/api.w.org\/{rel}","templated":true}]}}