{"id":459,"date":"2019-12-20T13:37:59","date_gmt":"2019-12-20T12:37:59","guid":{"rendered":"https:\/\/stomatologia-rabien.pl\/?page_id=459"},"modified":"2022-10-24T10:19:07","modified_gmt":"2022-10-24T08:19:07","slug":"chirurgia","status":"publish","type":"page","link":"https:\/\/stomatologia-rabien.pl\/en\/uslugi\/chirurgia\/","title":{"rendered":"Surgery"},"content":{"rendered":"<div data-elementor-type=\"wp-page\" data-elementor-id=\"459\" class=\"elementor elementor-459\" data-elementor-settings=\"[]\">\n\t\t\t\t\t\t<div class=\"elementor-inner\">\n\t\t\t\t\t\t\t<div class=\"elementor-section-wrap\">\n\t\t\t\t\t\t\t<section class=\"elementor-section elementor-top-section elementor-element elementor-element-efa7102 elementor-section-height-min-height elementor-section-boxed elementor-section-height-default elementor-section-items-middle\" data-id=\"efa7102\" data-element_type=\"section\" data-settings=\"{&quot;background_background&quot;:&quot;classic&quot;}\">\n\t\t\t\t\t\t<div class=\"elementor-container elementor-column-gap-no\">\n\t\t\t\t\t\t\t<div class=\"elementor-row\">\n\t\t\t\t\t<div class=\"elementor-column elementor-col-100 elementor-top-column elementor-element elementor-element-8a1418c\" data-id=\"8a1418c\" data-element_type=\"column\">\n\t\t\t<div class=\"elementor-column-wrap elementor-element-populated\">\n\t\t\t\t\t\t\t<div class=\"elementor-widget-wrap\">\n\t\t\t\t\t\t<div class=\"elementor-element elementor-element-2d50121 elementor-widget elementor-widget-heading\" data-id=\"2d50121\" data-element_type=\"widget\" data-widget_type=\"heading.default\">\n\t\t\t\t<div class=\"elementor-widget-container\">\n\t\t\t<h2 class=\"elementor-heading-title elementor-size-default\">Dental services<\/h2>\t\t<\/div>\n\t\t\t\t<\/div>\n\t\t\t\t<div class=\"elementor-element elementor-element-bb8e9ce elementor-widget-divider--view-line elementor-widget elementor-widget-divider\" data-id=\"bb8e9ce\" data-element_type=\"widget\" data-widget_type=\"divider.default\">\n\t\t\t\t<div class=\"elementor-widget-container\">\n\t\t\t\t\t<div class=\"elementor-divider\">\n\t\t\t<span class=\"elementor-divider-separator\">\n\t\t\t\t\t\t<\/span>\n\t\t<\/div>\n\t\t\t\t<\/div>\n\t\t\t\t<\/div>\n\t\t\t\t<div class=\"elementor-element elementor-element-28435dc elementor-widget elementor-widget-heading\" data-id=\"28435dc\" data-element_type=\"widget\" data-widget_type=\"heading.default\">\n\t\t\t\t<div class=\"elementor-widget-container\">\n\t\t\t<h1 class=\"elementor-heading-title elementor-size-default\">Surgery<\/h1>\t\t<\/div>\n\t\t\t\t<\/div>\n\t\t\t\t\t\t<\/div>\n\t\t\t\t\t<\/div>\n\t\t<\/div>\n\t\t\t\t\t\t\t\t<\/div>\n\t\t\t\t\t<\/div>\n\t\t<\/section>\n\t\t\t\t<section class=\"elementor-section elementor-top-section elementor-element elementor-element-ae1f476 elementor-section-content-middle elementor-section-boxed elementor-section-height-default elementor-section-height-default\" data-id=\"ae1f476\" data-element_type=\"section\">\n\t\t\t\t\t\t<div class=\"elementor-container elementor-column-gap-default\">\n\t\t\t\t\t\t\t<div class=\"elementor-row\">\n\t\t\t\t\t<div class=\"elementor-column elementor-col-50 elementor-top-column elementor-element elementor-element-0c63e6d\" data-id=\"0c63e6d\" data-element_type=\"column\" data-settings=\"{&quot;background_background&quot;:&quot;classic&quot;}\">\n\t\t\t<div class=\"elementor-column-wrap elementor-element-populated\">\n\t\t\t\t\t\t\t<div class=\"elementor-widget-wrap\">\n\t\t\t\t\t\t<section class=\"elementor-section elementor-inner-section elementor-element elementor-element-0a27d89 elementor-section-boxed elementor-section-height-default elementor-section-height-default\" data-id=\"0a27d89\" data-element_type=\"section\">\n\t\t\t\t\t\t<div class=\"elementor-container elementor-column-gap-default\">\n\t\t\t\t\t\t\t<div class=\"elementor-row\">\n\t\t\t\t\t<div class=\"elementor-column elementor-col-100 elementor-inner-column elementor-element elementor-element-e8e65b7\" data-id=\"e8e65b7\" data-element_type=\"column\" data-settings=\"{&quot;background_background&quot;:&quot;classic&quot;}\">\n\t\t\t<div class=\"elementor-column-wrap elementor-element-populated\">\n\t\t\t\t\t\t\t<div class=\"elementor-widget-wrap\">\n\t\t\t\t\t\t<div class=\"elementor-element elementor-element-3e043cc elementor-view-default elementor-position-top elementor-vertical-align-top elementor-widget elementor-widget-icon-box\" data-id=\"3e043cc\" data-element_type=\"widget\" data-widget_type=\"icon-box.default\">\n\t\t\t\t<div class=\"elementor-widget-container\">\n\t\t\t\t\t<div class=\"elementor-icon-box-wrapper\">\n\t\t\t\t\t\t<div class=\"elementor-icon-box-icon\">\n\t\t\t\t<a class=\"elementor-icon elementor-animation-grow\" href=\"#\">\n\t\t\t\t<svg xmlns=\"http:\/\/www.w3.org\/2000\/svg\" xmlns:xlink=\"http:\/\/www.w3.org\/1999\/xlink\" id=\"extraction\" x=\"0px\" y=\"0px\" viewbox=\"0 0 74.2 77.5\" xml:space=\"preserve\">\n<g>\n\t<lineargradient id=\"SVGID_1_\" gradientunits=\"userSpaceOnUse\" x1=\"0.2372\" y1=\"29.6342\" x2=\"3.0203\" y2=\"29.6342\">\n\t\t<stop offset=\"0\" style=\"stop-color:#32DAC3\"><\/stop>\n\t\t<stop offset=\"1\" style=\"stop-color:#07A7E3\"><\/stop>\n\t<\/lineargradient>\n\t<path fill=\"url(#SVGID_1_)\" d=\"M1.6,31C2.4,31,3,30.4,3,29.6s-0.6-1.4-1.4-1.4s-1.4,0.6-1.4,1.4C0.2,30.4,0.9,31,1.6,31z\"><\/path>\n\t<lineargradient id=\"SVGID_2_\" gradientunits=\"userSpaceOnUse\" x1=\"10.4124\" y1=\"3.3014\" x2=\"13.0155\" y2=\"3.3014\">\n\t\t<stop offset=\"0\" style=\"stop-color:#32DAC3\"><\/stop>\n\t\t<stop offset=\"1\" style=\"stop-color:#07A7E3\"><\/stop>\n\t<\/lineargradient>\n\t<path fill=\"url(#SVGID_2_)\" d=\"M11.7,5.9c0.7,0,1.3-0.6,1.3-1.3V2c0-0.7-0.6-1.3-1.3-1.3S10.4,1.3,10.4,2v2.6   C10.4,5.3,11,5.9,11.7,5.9z\"><\/path>\n\t<lineargradient id=\"SVGID_3_\" gradientunits=\"userSpaceOnUse\" x1=\"10.4124\" y1=\"11.1107\" x2=\"13.0155\" y2=\"11.1107\">\n\t\t<stop offset=\"0\" style=\"stop-color:#32DAC3\"><\/stop>\n\t\t<stop offset=\"1\" style=\"stop-color:#07A7E3\"><\/stop>\n\t<\/lineargradient>\n\t<path fill=\"url(#SVGID_3_)\" d=\"M11.7,8.5c-0.7,0-1.3,0.6-1.3,1.3v2.6c0,0.7,0.6,1.3,1.3,1.3s1.3-0.6,1.3-1.3V9.8   C13,9.1,12.4,8.5,11.7,8.5z\"><\/path>\n\t<lineargradient id=\"SVGID_4_\" gradientunits=\"userSpaceOnUse\" x1=\"5.2062\" y1=\"7.2061\" x2=\"10.4124\" y2=\"7.2061\">\n\t\t<stop offset=\"0\" style=\"stop-color:#32DAC3\"><\/stop>\n\t\t<stop offset=\"1\" style=\"stop-color:#07A7E3\"><\/stop>\n\t<\/lineargradient>\n\t<path fill=\"url(#SVGID_4_)\" d=\"M6.5,8.5h2.6c0.7,0,1.3-0.6,1.3-1.3c0-0.7-0.6-1.3-1.3-1.3H6.5c-0.7,0-1.3,0.6-1.3,1.3   C5.2,7.9,5.8,8.5,6.5,8.5z\"><\/path>\n\t<lineargradient id=\"SVGID_5_\" gradientunits=\"userSpaceOnUse\" x1=\"13.0155\" y1=\"7.2061\" x2=\"18.2217\" y2=\"7.2061\">\n\t\t<stop offset=\"0\" style=\"stop-color:#32DAC3\"><\/stop>\n\t\t<stop offset=\"1\" style=\"stop-color:#07A7E3\"><\/stop>\n\t<\/lineargradient>\n\t<path fill=\"url(#SVGID_5_)\" d=\"M14.3,8.5h2.6c0.7,0,1.3-0.6,1.3-1.3c0-0.7-0.6-1.3-1.3-1.3h-2.6c-0.7,0-1.3,0.6-1.3,1.3   C13,7.9,13.6,8.5,14.3,8.5z\"><\/path>\n\t<lineargradient id=\"SVGID_6_\" gradientunits=\"userSpaceOnUse\" x1=\"65.0775\" y1=\"24.777\" x2=\"74.1884\" y2=\"24.777\">\n\t\t<stop offset=\"0\" style=\"stop-color:#32DAC3\"><\/stop>\n\t\t<stop offset=\"1\" style=\"stop-color:#07A7E3\"><\/stop>\n\t<\/lineargradient>\n\t<path fill=\"url(#SVGID_6_)\" d=\"M69.6,29.3c2.5,0,4.6-2,4.6-4.6s-2-4.6-4.6-4.6s-4.6,2-4.6,4.6S67.1,29.3,69.6,29.3z M69.6,22.8   c1.1,0,2,0.9,2,2s-0.9,2-2,2s-2-0.9-2-2S68.6,22.8,69.6,22.8z\"><\/path>\n\t<lineargradient id=\"SVGID_7_\" gradientunits=\"userSpaceOnUse\" x1=\"56.2039\" y1=\"4.9048\" x2=\"58.9869\" y2=\"4.9048\">\n\t\t<stop offset=\"0\" style=\"stop-color:#32DAC3\"><\/stop>\n\t\t<stop offset=\"1\" style=\"stop-color:#07A7E3\"><\/stop>\n\t<\/lineargradient>\n\t<path fill=\"url(#SVGID_7_)\" d=\"M57.6,6.3c0.8,0,1.4-0.6,1.4-1.4s-0.6-1.4-1.4-1.4s-1.4,0.6-1.4,1.4S56.8,6.3,57.6,6.3z\"><\/path>\n\t<lineargradient id=\"SVGID_8_\" gradientunits=\"userSpaceOnUse\" x1=\"0\" y1=\"56.6651\" x2=\"74.1884\" y2=\"56.6651\">\n\t\t<stop offset=\"0\" style=\"stop-color:#32DAC3\"><\/stop>\n\t\t<stop offset=\"1\" style=\"stop-color:#07A7E3\"><\/stop>\n\t<\/lineargradient>\n\t<path fill=\"url(#SVGID_8_)\" d=\"M68.8,51.8l0.1-1.2l1.5-8.2c0-0.1,0-0.2,0-0.2c0-3.5-2.9-6.4-6.4-6.4c-1.1,0-2.1,0.3-3.1,0.8   c-0.7,0.4-1.6,0.4-2.3,0c-0.9-0.5-2-0.8-3.1-0.8c-3.5,0-6.4,2.9-6.4,6.4c0,0.1,0,0.2,0,0.2l1.5,8.1l0.1,0.9h-6.6   c-0.7,0-1.2,0.5-1.3,1.2l-0.8,7.6l-2.9-5.1c-0.5-0.9-1.4-1.4-2.4-1.4h0c-1,0-1.9,0.5-2.4,1.4l-2.9,5.1l-0.8-7.6   c-0.1-0.7-0.6-1.2-1.3-1.2h-6.1l0-0.2l1.5-8.2c0-0.1,0-0.2,0-0.2c0-3.5-2.9-6.4-6.4-6.4c-1.1,0-2.1,0.3-3.1,0.8   c-0.7,0.4-1.6,0.4-2.3,0c-0.9-0.5-2-0.8-3.1-0.8c-3.5,0-6.4,2.9-6.4,6.4c0,0.1,0,0.2,0,0.2l1.5,8.1l0.1,0.7c-3.1,1-5.4,3.9-5.4,7.3   v17.1c0,0.7,0.6,1.3,1.3,1.3h71.6c0.7,0,1.3-0.6,1.3-1.3V59.1C74.2,55.8,71.9,52.8,68.8,51.8z M55.7,38.4c0.6,0,1.3,0.2,1.8,0.5   c1.5,0.8,3.3,0.8,4.8,0c0.5-0.3,1.2-0.5,1.8-0.5c2,0,3.7,1.6,3.8,3.7l-1.5,8.1l-1.1,10l-2.9-5.1c-0.5-0.9-1.4-1.4-2.4-1.4   s-1.9,0.5-2.4,1.4l-2.9,5.1l-1.1-10.1l-1.5-8C51.9,40.1,53.6,38.4,55.7,38.4z M10.1,39.1c0.6,0,1.3,0.2,1.8,0.5   c1.5,0.8,3.3,0.8,4.8,0c0.5-0.3,1.2-0.5,1.8-0.5c2,0,3.7,1.6,3.8,3.7l-1.5,8.1l-1.1,10l-2.9-5.1c-0.5-0.9-1.4-1.4-2.4-1.4   c-1,0-1.9,0.5-2.4,1.4L9,60.8L7.9,50.8l-1.5-8C6.4,40.7,8.1,39.1,10.1,39.1z M71.6,74.9L71.6,74.9h-69V59.1c0-2,1.2-3.8,3.1-4.6   l0.8,7.3c0.1,1,0.9,1.9,1.9,2.1c0.2,0,0.3,0.1,0.5,0.1c0.8,0,1.6-0.4,2-1.2l3.2-5.7c0,0,0.1-0.1,0.2-0.1c0.1,0,0.2,0.1,0.2,0.1   l3.2,5.7c0.5,0.9,1.5,1.4,2.5,1.1c1-0.2,1.8-1,1.9-2.1l0.9-7.7h5.2l0.8,7.1c0.1,1,0.9,1.9,1.9,2.1c1,0.2,2-0.3,2.5-1.1l3.2-5.7   c0,0,0.1-0.1,0.2-0.1c0.1,0,0.2,0.1,0.2,0.1l3.2,5.7c0.4,0.8,1.2,1.2,2,1.2c0.2,0,0.3,0,0.5-0.1c1-0.2,1.8-1,1.9-2.1l0.8-7.1h5.7   l0.8,7.1c0.1,1,0.9,1.9,1.9,2.1c0.2,0,0.3,0.1,0.5,0.1c0.8,0,1.6-0.4,2-1.2l3.2-5.7c0,0,0.1-0.1,0.2-0.1c0.1,0,0.2,0.1,0.2,0.1   l3.2,5.7c0.5,0.9,1.5,1.4,2.5,1.1c1-0.2,1.8-1,1.9-2.1l0.7-6.7c1.9,0.8,3.1,2.6,3.1,4.7V74.9z\"><\/path>\n\t<lineargradient id=\"SVGID_9_\" gradientunits=\"userSpaceOnUse\" x1=\"26.031\" y1=\"24.5642\" x2=\"48.157\" y2=\"24.5642\">\n\t\t<stop offset=\"0\" style=\"stop-color:#32DAC3\"><\/stop>\n\t\t<stop offset=\"1\" style=\"stop-color:#07A7E3\"><\/stop>\n\t<\/lineargradient>\n\t<path fill=\"url(#SVGID_9_)\" d=\"M27.2,29.9c0,0.1,0,0.2,0,0.2l1.4,7.3l1.1,9.7c0.1,1,0.8,1.8,1.8,2c0.2,0,0.3,0,0.5,0   c0.8,0,1.6-0.4,2-1.1l3.1-5.2l2.9,5.2c0.5,0.9,1.5,1.3,2.4,1.1c1-0.2,1.7-1,1.8-2l1.1-9.6l1.4-7.4c0-0.1,0-0.2,0-0.2   c0-1-0.3-2-0.8-2.8c1.4-1.5,2.3-3.4,2.3-5.5c0-3.3-2.1-6.2-5.1-7.3c1.6-1.5,2.5-3.5,2.5-5.7V1.3C45.6,0.6,45,0,44.3,0   C43.5,0,43,0.6,43,1.3v7.2c0,1.5-0.7,2.9-1.8,3.9c-0.7-1.5-2.3-2.6-4.1-2.6s-3.4,1.1-4.1,2.6c-1.1-1-1.8-2.4-1.8-3.9V1.3   c0-0.7-0.6-1.3-1.3-1.3s-1.3,0.6-1.3,1.3v7.2c0,2.2,0.9,4.2,2.5,5.7c-3,1.1-5.1,4-5.1,7.3c0,2,0.7,3.8,2,5.2   C27.5,27.7,27.2,28.7,27.2,29.9z M42.6,37.1l-1,8.7l-2.5-4.3c-0.5-0.8-1.3-1.3-2.3-1.3h0c-1,0-1.8,0.5-2.3,1.3l-2.5,4.3l-1-8.8   l-1.4-7.3c0.1-1.8,1.5-3.2,3.3-3.2c0.6,0,1.1,0.1,1.6,0.4c1.4,0.8,3.1,0.8,4.5,0c0.5-0.3,1-0.4,1.6-0.4c1.8,0,3.2,1.4,3.3,3.2   L42.6,37.1z M37.1,12.4c1.1,0,2,0.9,2,2s-0.9,2-2,2s-2-0.9-2-2S36,12.4,37.1,12.4z M33,16.4c0.8,1.5,2.3,2.5,4.1,2.5s3.3-1,4.1-2.5   c2.5,0.4,4.4,2.5,4.4,5.1c0,1.3-0.5,2.6-1.4,3.5c-1-0.7-2.1-1.1-3.4-1.1c-1,0-2,0.3-2.8,0.7c-0.6,0.3-1.4,0.3-2,0   C35,24.2,34.1,24,33.1,24c-1.2,0-2.2,0.4-3.2,0.9c-0.8-0.9-1.3-2.1-1.3-3.4C28.6,18.9,30.5,16.8,33,16.4z\"><\/path>\n<\/g>\n<\/svg>\t\t\t\t<\/a>\n\t\t\t<\/div>\n\t\t\t\t\t\t<div class=\"elementor-icon-box-content\">\n\t\t\t\t<h3 class=\"elementor-icon-box-title\">\n\t\t\t\t\t<a href=\"#\" >\n\t\t\t\t\t\tSurgery\t\t\t\t\t<\/a>\n\t\t\t\t<\/h3>\n\t\t\t\t\t\t\t<\/div>\n\t\t<\/div>\n\t\t\t\t<\/div>\n\t\t\t\t<\/div>\n\t\t\t\t\t\t<\/div>\n\t\t\t\t\t<\/div>\n\t\t<\/div>\n\t\t\t\t\t\t\t\t<\/div>\n\t\t\t\t\t<\/div>\n\t\t<\/section>\n\t\t\t\t\t\t<\/div>\n\t\t\t\t\t<\/div>\n\t\t<\/div>\n\t\t\t\t<div class=\"elementor-column elementor-col-50 elementor-top-column elementor-element elementor-element-4ac1a42\" data-id=\"4ac1a42\" data-element_type=\"column\">\n\t\t\t<div class=\"elementor-column-wrap elementor-element-populated\">\n\t\t\t\t\t\t\t<div class=\"elementor-widget-wrap\">\n\t\t\t\t\t\t<div class=\"elementor-element elementor-element-29bf3b9 elementor-widget elementor-widget-image\" data-id=\"29bf3b9\" data-element_type=\"widget\" data-widget_type=\"image.default\">\n\t\t\t\t<div class=\"elementor-widget-container\">\n\t\t\t\t\t\t\t\t<div class=\"elementor-image\">\n\t\t\t\t\t\t\t\t\t\t\t\t<img width=\"900\" height=\"600\" src=\"https:\/\/stomatologia-rabien.pl\/wp-content\/uploads\/2019\/12\/mg-9074jpg-37.jpg\" class=\"attachment-full size-full\" alt=\"\" loading=\"lazy\" srcset=\"https:\/\/stomatologia-rabien.pl\/wp-content\/uploads\/2019\/12\/mg-9074jpg-37.jpg 900w, https:\/\/stomatologia-rabien.pl\/wp-content\/uploads\/2019\/12\/mg-9074jpg-37-300x200.jpg 300w, https:\/\/stomatologia-rabien.pl\/wp-content\/uploads\/2019\/12\/mg-9074jpg-37-768x512.jpg 768w\" sizes=\"(max-width: 900px) 100vw, 900px\" \/>\t\t\t\t\t\t\t\t\t\t\t\t\t\t<\/div>\n\t\t\t\t\t\t<\/div>\n\t\t\t\t<\/div>\n\t\t\t\t\t\t<\/div>\n\t\t\t\t\t<\/div>\n\t\t<\/div>\n\t\t\t\t\t\t\t\t<\/div>\n\t\t\t\t\t<\/div>\n\t\t<\/section>\n\t\t\t\t<section class=\"elementor-section elementor-top-section elementor-element elementor-element-0e25840 elementor-section-content-top elementor-section-boxed elementor-section-height-default elementor-section-height-default\" data-id=\"0e25840\" data-element_type=\"section\">\n\t\t\t\t\t\t<div class=\"elementor-container elementor-column-gap-default\">\n\t\t\t\t\t\t\t<div class=\"elementor-row\">\n\t\t\t\t\t<div class=\"elementor-column elementor-col-50 elementor-top-column elementor-element elementor-element-0960e24\" data-id=\"0960e24\" data-element_type=\"column\" data-settings=\"{&quot;background_background&quot;:&quot;classic&quot;}\">\n\t\t\t<div class=\"elementor-column-wrap elementor-element-populated\">\n\t\t\t\t\t\t\t<div class=\"elementor-widget-wrap\">\n\t\t\t\t\t\t<div class=\"elementor-element elementor-element-d372348 elementor-widget elementor-widget-text-editor\" data-id=\"d372348\" data-element_type=\"widget\" data-widget_type=\"text-editor.default\">\n\t\t\t\t<div class=\"elementor-widget-container\">\n\t\t\t\t\t\t\t\t<div class=\"elementor-text-editor elementor-clearfix\">\n\t\t\t\t<p>The office offers a full range of surgical services.<\/p><p><br \/>treatments:<br \/>- tooth extraction<br \/>- chiselling of retained teeth<br \/>- closure of the sinus-sinus connection<br \/>- resections<br \/>- hemisection<br \/>- implantation procedures<br \/>- Gingival and oral mucosa treatments<\/p>\t\t\t\t\t<\/div>\n\t\t\t\t\t\t<\/div>\n\t\t\t\t<\/div>\n\t\t\t\t\t\t<\/div>\n\t\t\t\t\t<\/div>\n\t\t<\/div>\n\t\t\t\t<div class=\"elementor-column elementor-col-50 elementor-top-column elementor-element elementor-element-aff2024\" data-id=\"aff2024\" data-element_type=\"column\" data-settings=\"{&quot;background_background&quot;:&quot;classic&quot;}\">\n\t\t\t<div class=\"elementor-column-wrap\">\n\t\t\t\t\t\t\t<div class=\"elementor-widget-wrap\">\n\t\t\t\t\t\t\t\t<\/div>\n\t\t\t\t\t<\/div>\n\t\t<\/div>\n\t\t\t\t\t\t\t\t<\/div>\n\t\t\t\t\t<\/div>\n\t\t<\/section>\n\t\t\t\t<section class=\"elementor-section elementor-top-section elementor-element elementor-element-bbe81fa elementor-section-content-top elementor-section-boxed elementor-section-height-default elementor-section-height-default\" data-id=\"bbe81fa\" data-element_type=\"section\">\n\t\t\t\t\t\t<div class=\"elementor-container elementor-column-gap-default\">\n\t\t\t\t\t\t\t<div class=\"elementor-row\">\n\t\t\t\t\t<div class=\"elementor-column elementor-col-100 elementor-top-column elementor-element elementor-element-10a6b12\" data-id=\"10a6b12\" data-element_type=\"column\" data-settings=\"{&quot;background_background&quot;:&quot;classic&quot;}\">\n\t\t\t<div class=\"elementor-column-wrap elementor-element-populated\">\n\t\t\t\t\t\t\t<div class=\"elementor-widget-wrap\">\n\t\t\t\t\t\t<div class=\"elementor-element elementor-element-0390f55 elementor-mobile-align-center elementor-widget elementor-widget-bdt-advanced-button\" data-id=\"0390f55\" data-element_type=\"widget\" data-widget_type=\"bdt-advanced-button.default\">\n\t\t\t\t<div class=\"elementor-widget-container\">\n\t\t\t\t\t<div class=\"bdt-advanced-button-wrapper\">\n\t\t\t<a href=\"https:\/\/stomatologia-rabien.pl\/en\/uslugi\/\" class=\"bdt-advanced-button bdt-advanced-button-effect-a bdt-advanced-button-size-md\">\n\t\t\t\t\t\t<div class=\"bdt-advanced-button-content-wrapper bdt-flex bdt-flex-middle\" data-text=\"Zobacz ca\u0142\u0105 ofert\u0119\">\n\t\t\t\t\t\t<div class=\"bdt-advanced-button-text\">\n\n                <span class=\"avdbtn-text\">See the whole offer<\/span>\n\n\t\t\t\t            <\/div>\n\n\t\t<\/div>\n\t\t\t\t\t<\/a>\n\t\t<\/div>\n\t\t\t\t<\/div>\n\t\t\t\t<\/div>\n\t\t\t\t\t\t<\/div>\n\t\t\t\t\t<\/div>\n\t\t<\/div>\n\t\t\t\t\t\t\t\t<\/div>\n\t\t\t\t\t<\/div>\n\t\t<\/section>\n\t\t\t\t\t\t<\/div>\n\t\t\t\t\t\t<\/div>\n\t\t\t\t\t<\/div>","protected":false},"excerpt":{"rendered":"<p>Us\u0142ugi stomatologiczne Chirurgia Chirurgia Gabinet oferuje pe\u0142en zakres us\u0142ug chirurgicznych. Zabiegi: &#8211; usuni\u0119cia z\u0119b\u00f3w &#8211; d\u0142utowanie z\u0119b\u00f3w zatrzymanych &#8211; zamkni\u0119cie po\u0142\u0105czenia ustno- zatokowego &#8211; resekcje &#8211; hemisekcje &#8211; zabiegi oko\u0142oimplantacyjne &#8211; zabiegi w obr\u0119bie dzi\u0105s\u0142a i b\u0142ony \u015bluzowej jamy ustnej Zobacz ca\u0142\u0105 ofert\u0119<\/p>","protected":false},"author":1,"featured_media":0,"parent":770,"menu_order":0,"comment_status":"closed","ping_status":"closed","template":"elementor_header_footer","meta":[],"_links":{"self":[{"href":"https:\/\/stomatologia-rabien.pl\/en\/wp-json\/wp\/v2\/pages\/459"}],"collection":[{"href":"https:\/\/stomatologia-rabien.pl\/en\/wp-json\/wp\/v2\/pages"}],"about":[{"href":"https:\/\/stomatologia-rabien.pl\/en\/wp-json\/wp\/v2\/types\/page"}],"author":[{"embeddable":true,"href":"https:\/\/stomatologia-rabien.pl\/en\/wp-json\/wp\/v2\/users\/1"}],"replies":[{"embeddable":true,"href":"https:\/\/stomatologia-rabien.pl\/en\/wp-json\/wp\/v2\/comments?post=459"}],"version-history":[{"count":12,"href":"https:\/\/stomatologia-rabien.pl\/en\/wp-json\/wp\/v2\/pages\/459\/revisions"}],"predecessor-version":[{"id":1179,"href":"https:\/\/stomatologia-rabien.pl\/en\/wp-json\/wp\/v2\/pages\/459\/revisions\/1179"}],"up":[{"embeddable":true,"href":"https:\/\/stomatologia-rabien.pl\/en\/wp-json\/wp\/v2\/pages\/770"}],"wp:attachment":[{"href":"https:\/\/stomatologia-rabien.pl\/en\/wp-json\/wp\/v2\/media?parent=459"}],"curies":[{"name":"wp","href":"https:\/\/api.w.org\/{rel}","templated":true}]}}