{"id":447,"date":"2019-12-20T13:29:29","date_gmt":"2019-12-20T12:29:29","guid":{"rendered":"https:\/\/stomatologia-rabien.pl\/?page_id=447"},"modified":"2022-10-24T10:21:28","modified_gmt":"2022-10-24T08:21:28","slug":"protetyka","status":"publish","type":"page","link":"https:\/\/stomatologia-rabien.pl\/en\/uslugi\/protetyka\/","title":{"rendered":"Prosthetics"},"content":{"rendered":"<div data-elementor-type=\"wp-page\" data-elementor-id=\"447\" class=\"elementor elementor-447\" data-elementor-settings=\"[]\">\n\t\t\t\t\t\t<div class=\"elementor-inner\">\n\t\t\t\t\t\t\t<div class=\"elementor-section-wrap\">\n\t\t\t\t\t\t\t<section class=\"elementor-section elementor-top-section elementor-element elementor-element-efa7102 elementor-section-height-min-height elementor-section-boxed elementor-section-height-default elementor-section-items-middle\" data-id=\"efa7102\" data-element_type=\"section\" data-settings=\"{&quot;background_background&quot;:&quot;classic&quot;}\">\n\t\t\t\t\t\t<div class=\"elementor-container elementor-column-gap-no\">\n\t\t\t\t\t\t\t<div class=\"elementor-row\">\n\t\t\t\t\t<div class=\"elementor-column elementor-col-100 elementor-top-column elementor-element elementor-element-8a1418c\" data-id=\"8a1418c\" data-element_type=\"column\">\n\t\t\t<div class=\"elementor-column-wrap elementor-element-populated\">\n\t\t\t\t\t\t\t<div class=\"elementor-widget-wrap\">\n\t\t\t\t\t\t<div class=\"elementor-element elementor-element-2d50121 elementor-widget elementor-widget-heading\" data-id=\"2d50121\" data-element_type=\"widget\" data-widget_type=\"heading.default\">\n\t\t\t\t<div class=\"elementor-widget-container\">\n\t\t\t<h2 class=\"elementor-heading-title elementor-size-default\">Dental services<\/h2>\t\t<\/div>\n\t\t\t\t<\/div>\n\t\t\t\t<div class=\"elementor-element elementor-element-bb8e9ce elementor-widget-divider--view-line elementor-widget elementor-widget-divider\" data-id=\"bb8e9ce\" data-element_type=\"widget\" data-widget_type=\"divider.default\">\n\t\t\t\t<div class=\"elementor-widget-container\">\n\t\t\t\t\t<div class=\"elementor-divider\">\n\t\t\t<span class=\"elementor-divider-separator\">\n\t\t\t\t\t\t<\/span>\n\t\t<\/div>\n\t\t\t\t<\/div>\n\t\t\t\t<\/div>\n\t\t\t\t<div class=\"elementor-element elementor-element-28435dc elementor-widget elementor-widget-heading\" data-id=\"28435dc\" data-element_type=\"widget\" data-widget_type=\"heading.default\">\n\t\t\t\t<div class=\"elementor-widget-container\">\n\t\t\t<h1 class=\"elementor-heading-title elementor-size-default\">Prosthetics<\/h1>\t\t<\/div>\n\t\t\t\t<\/div>\n\t\t\t\t\t\t<\/div>\n\t\t\t\t\t<\/div>\n\t\t<\/div>\n\t\t\t\t\t\t\t\t<\/div>\n\t\t\t\t\t<\/div>\n\t\t<\/section>\n\t\t\t\t<section class=\"elementor-section elementor-top-section elementor-element elementor-element-ae1f476 elementor-section-content-middle elementor-section-boxed elementor-section-height-default elementor-section-height-default\" data-id=\"ae1f476\" data-element_type=\"section\">\n\t\t\t\t\t\t<div class=\"elementor-container elementor-column-gap-default\">\n\t\t\t\t\t\t\t<div class=\"elementor-row\">\n\t\t\t\t\t<div class=\"elementor-column elementor-col-50 elementor-top-column elementor-element elementor-element-0c63e6d\" data-id=\"0c63e6d\" data-element_type=\"column\" data-settings=\"{&quot;background_background&quot;:&quot;classic&quot;}\">\n\t\t\t<div class=\"elementor-column-wrap elementor-element-populated\">\n\t\t\t\t\t\t\t<div class=\"elementor-widget-wrap\">\n\t\t\t\t\t\t<section class=\"elementor-section elementor-inner-section elementor-element elementor-element-0a27d89 elementor-section-boxed elementor-section-height-default elementor-section-height-default\" data-id=\"0a27d89\" data-element_type=\"section\">\n\t\t\t\t\t\t<div class=\"elementor-container elementor-column-gap-default\">\n\t\t\t\t\t\t\t<div class=\"elementor-row\">\n\t\t\t\t\t<div class=\"elementor-column elementor-col-100 elementor-inner-column elementor-element elementor-element-e8e65b7\" data-id=\"e8e65b7\" data-element_type=\"column\" data-settings=\"{&quot;background_background&quot;:&quot;classic&quot;}\">\n\t\t\t<div class=\"elementor-column-wrap elementor-element-populated\">\n\t\t\t\t\t\t\t<div class=\"elementor-widget-wrap\">\n\t\t\t\t\t\t<div class=\"elementor-element elementor-element-6ded0a7 elementor-view-default elementor-position-top elementor-vertical-align-top elementor-widget elementor-widget-icon-box\" data-id=\"6ded0a7\" data-element_type=\"widget\" data-widget_type=\"icon-box.default\">\n\t\t\t\t<div class=\"elementor-widget-container\">\n\t\t\t\t\t<div class=\"elementor-icon-box-wrapper\">\n\t\t\t\t\t\t<div class=\"elementor-icon-box-icon\">\n\t\t\t\t<span class=\"elementor-icon elementor-animation-grow\" >\n\t\t\t\t<svg xmlns=\"http:\/\/www.w3.org\/2000\/svg\" xmlns:xlink=\"http:\/\/www.w3.org\/1999\/xlink\" width=\"48.356\" height=\"79.653\" viewbox=\"0 0 48.356 79.653\"><defs><lineargradient id=\"linear-gradient\" x1=\"0.5\" x2=\"0.5\" y2=\"1\" gradientunits=\"objectBoundingBox\"><stop offset=\"0\" stop-color=\"#32dac3\"><\/stop><stop offset=\"1\" stop-color=\"#07a7e3\"><\/stop><\/lineargradient><\/defs><g id=\"Group_254\" data-name=\"Group 254\" transform=\"translate(-184.007 0)\"><g id=\"Group_255\" data-name=\"Group 255\" transform=\"translate(184.007 0)\"><g id=\"Group_254-2\" data-name=\"Group 254\" transform=\"translate(0 0)\"><path id=\"Path_165\" data-name=\"Path 165\" d=\"M220.319.007a12.035,12.035,0,0,0-4.738.972,18.841,18.841,0,0,1-14.783,0,12.042,12.042,0,0,0-16.791,11.068,52.768,52.768,0,0,0,1.175,11.011,1.423,1.423,0,0,0,1.385,1.125H229.8a1.422,1.422,0,0,0,1.391-1.125,52.779,52.779,0,0,0,1.169-11.011A12.042,12.042,0,0,0,220.319.007Zm8.315,21.332h-40.9a49.773,49.773,0,0,1-.885-9.292,9.2,9.2,0,0,1,12.823-8.455,21.686,21.686,0,0,0,17.022,0,9.2,9.2,0,0,1,12.823,8.455A49.739,49.739,0,0,1,228.634,21.338Z\" transform=\"translate(-184.007 0)\" fill=\"url(#linear-gradient)\"><\/path><\/g><\/g><g id=\"Group_257\" data-name=\"Group 257\" transform=\"translate(189.696 5.881)\"><g id=\"Group_256\" data-name=\"Group 256\"><path id=\"Path_166\" data-name=\"Path 166\" d=\"M220.983,33.081A9.364,9.364,0,0,0,216,41.149v1.7h2.844V41.142a6.563,6.563,0,0,1,3.556-5.6Z\" transform=\"translate(-216.005 -33.081)\" fill=\"url(#linear-gradient)\"><\/path><\/g><\/g><g id=\"Group_258\" data-name=\"Group 258\" transform=\"translate(185.145 29.872)\"><path id=\"Path_168\" data-name=\"Path 168\" d=\"M194.693,211.752a6.149,6.149,0,0,0,12.229.811l3-20.018a3.663,3.663,0,0,1,2.772-3.116,3.537,3.537,0,0,1,4.2,2.713q.023.109.04.219l3,20.008a6.327,6.327,0,0,0,5.092,5.346,6.145,6.145,0,0,0,7.149-5.72l1.156-20.793,1.84-5.33c.483-1.552.926-3.129,1.273-4.753a1.421,1.421,0,0,0-1.385-1.721H230.2l-2.037-8.148a4.267,4.267,0,0,0-4.14-3.23H202.867a4.267,4.267,0,0,0-4.14,3.231L196.69,179.4h-4.863a1.423,1.423,0,0,0-1.391,1.721c.347,1.623.789,3.2,1.28,4.755l1.839,5.329ZM197.8,182.24a1.422,1.422,0,0,0,1.38-1.078l2.305-9.222a1.422,1.422,0,0,1,1.381-1.078h21.157a1.422,1.422,0,0,1,1.381,1.077l1.864,7.457h-25.2v2.844h31.2a49.265,49.265,0,0,1-1.661,5.356l-1.005,2.677a1.448,1.448,0,0,0-.087.427l-1.175,21.142a3.3,3.3,0,0,1-3.484,3.113,3.24,3.24,0,0,1-.371-.042,3.456,3.456,0,0,1-2.732-2.961l-3-20.014a6.4,6.4,0,0,0-2.655-4.28,6.317,6.317,0,0,0-3.645-1.15,6.606,6.606,0,0,0-1.328.142,6.515,6.515,0,0,0-5.013,5.48l-3,20.011a3.3,3.3,0,0,1-3.63,2.792,3.476,3.476,0,0,1-2.942-3.338l-1.158-20.9a1.443,1.443,0,0,0-.087-.427l-1.006-2.675a49.414,49.414,0,0,1-1.664-5.352Z\" transform=\"translate(-190.405 -168.018)\" fill=\"url(#linear-gradient)\"><\/path><\/g><\/g><\/svg>\t\t\t\t<\/span>\n\t\t\t<\/div>\n\t\t\t\t\t\t<div class=\"elementor-icon-box-content\">\n\t\t\t\t<h3 class=\"elementor-icon-box-title\">\n\t\t\t\t\t<span  >\n\t\t\t\t\t\tProsthetics\n\t\t\t\t\t<\/span>\n\t\t\t\t<\/h3>\n\t\t\t\t\t\t\t<\/div>\n\t\t<\/div>\n\t\t\t\t<\/div>\n\t\t\t\t<\/div>\n\t\t\t\t\t\t<\/div>\n\t\t\t\t\t<\/div>\n\t\t<\/div>\n\t\t\t\t\t\t\t\t<\/div>\n\t\t\t\t\t<\/div>\n\t\t<\/section>\n\t\t\t\t<div class=\"elementor-element elementor-element-54bd980 elementor-widget elementor-widget-text-editor\" data-id=\"54bd980\" data-element_type=\"widget\" data-widget_type=\"text-editor.default\">\n\t\t\t\t<div class=\"elementor-widget-container\">\n\t\t\t\t\t\t\t\t<div class=\"elementor-text-editor elementor-clearfix\">\n\t\t\t\t<p><strong>More details about the services in the field of prosthetic treatments offered by our practice.<\/strong><\/p>\t\t\t\t\t<\/div>\n\t\t\t\t\t\t<\/div>\n\t\t\t\t<\/div>\n\t\t\t\t\t\t<\/div>\n\t\t\t\t\t<\/div>\n\t\t<\/div>\n\t\t\t\t<div class=\"elementor-column elementor-col-50 elementor-top-column elementor-element elementor-element-4ac1a42\" data-id=\"4ac1a42\" data-element_type=\"column\">\n\t\t\t<div class=\"elementor-column-wrap elementor-element-populated\">\n\t\t\t\t\t\t\t<div class=\"elementor-widget-wrap\">\n\t\t\t\t\t\t<div class=\"elementor-element elementor-element-29bf3b9 elementor-widget elementor-widget-image\" data-id=\"29bf3b9\" data-element_type=\"widget\" data-widget_type=\"image.default\">\n\t\t\t\t<div class=\"elementor-widget-container\">\n\t\t\t\t\t\t\t\t<div class=\"elementor-image\">\n\t\t\t\t\t\t\t\t\t\t\t\t<img width=\"900\" height=\"600\" src=\"https:\/\/stomatologia-rabien.pl\/wp-content\/uploads\/2019\/12\/img-6112as-26.jpg\" class=\"attachment-full size-full\" alt=\"\" loading=\"lazy\" srcset=\"https:\/\/stomatologia-rabien.pl\/wp-content\/uploads\/2019\/12\/img-6112as-26.jpg 900w, https:\/\/stomatologia-rabien.pl\/wp-content\/uploads\/2019\/12\/img-6112as-26-300x200.jpg 300w, https:\/\/stomatologia-rabien.pl\/wp-content\/uploads\/2019\/12\/img-6112as-26-768x512.jpg 768w\" sizes=\"(max-width: 900px) 100vw, 900px\" \/>\t\t\t\t\t\t\t\t\t\t\t\t\t\t<\/div>\n\t\t\t\t\t\t<\/div>\n\t\t\t\t<\/div>\n\t\t\t\t\t\t<\/div>\n\t\t\t\t\t<\/div>\n\t\t<\/div>\n\t\t\t\t\t\t\t\t<\/div>\n\t\t\t\t\t<\/div>\n\t\t<\/section>\n\t\t\t\t<section class=\"elementor-section elementor-top-section elementor-element elementor-element-0e25840 elementor-section-content-top elementor-section-boxed elementor-section-height-default elementor-section-height-default\" data-id=\"0e25840\" data-element_type=\"section\">\n\t\t\t\t\t\t<div class=\"elementor-container elementor-column-gap-default\">\n\t\t\t\t\t\t\t<div class=\"elementor-row\">\n\t\t\t\t\t<div class=\"elementor-column elementor-col-50 elementor-top-column elementor-element elementor-element-0960e24\" data-id=\"0960e24\" data-element_type=\"column\" data-settings=\"{&quot;background_background&quot;:&quot;classic&quot;}\">\n\t\t\t<div class=\"elementor-column-wrap elementor-element-populated\">\n\t\t\t\t\t\t\t<div class=\"elementor-widget-wrap\">\n\t\t\t\t\t\t<div class=\"elementor-element elementor-element-d372348 elementor-widget elementor-widget-text-editor\" data-id=\"d372348\" data-element_type=\"widget\" data-widget_type=\"text-editor.default\">\n\t\t\t\t<div class=\"elementor-widget-container\">\n\t\t\t\t\t\t\t\t<div class=\"elementor-text-editor elementor-clearfix\">\n\t\t\t\t<p class=\"p1\">Rebuilding lost teeth is extremely important. Even single missing teeth cause a disturbance of chewing function, tooth movement, and even ailments of the temporomandibular joint or headaches.<\/p><p class=\"p1\">Prosthetics deal with the reconstruction of lost teeth using special dentures. There are two basic types of dentures: permanent and removable. Fixed dentures are mounted with special cements and are not removable by the patient. Removable dentures are removed from the mouth for cleaning. The choice of the right one depends on the extent of the missing teeth, the number of the patient&#039;s remaining natural teeth and his financial capacity.<\/p>\t\t\t\t\t<\/div>\n\t\t\t\t\t\t<\/div>\n\t\t\t\t<\/div>\n\t\t\t\t\t\t<\/div>\n\t\t\t\t\t<\/div>\n\t\t<\/div>\n\t\t\t\t<div class=\"elementor-column elementor-col-50 elementor-top-column elementor-element elementor-element-aff2024\" data-id=\"aff2024\" data-element_type=\"column\" data-settings=\"{&quot;background_background&quot;:&quot;classic&quot;}\">\n\t\t\t<div class=\"elementor-column-wrap elementor-element-populated\">\n\t\t\t\t\t\t\t<div class=\"elementor-widget-wrap\">\n\t\t\t\t\t\t<div class=\"elementor-element elementor-element-f991e1c elementor-widget elementor-widget-text-editor\" data-id=\"f991e1c\" data-element_type=\"widget\" data-widget_type=\"text-editor.default\">\n\t\t\t\t<div class=\"elementor-widget-container\">\n\t\t\t\t\t\t\t\t<div class=\"elementor-text-editor elementor-clearfix\">\n\t\t\t\t<p>treatments:<\/p><ul><li>crown-root inlays on a base metal \/ gold \/ glass fiber alloy,<\/li><li>all-ceramic crowns (Carrara Press),<\/li><li>crowns \/ bridges on metal \/ gold alloy faced with porcelain,<\/li><li>crowns \/ bridges on rhinestones,<\/li><li>crowns \/ inlays \/ bridges on fiberglass (Ceramage),<\/li><li>ZX27 glass supports,<\/li><li>settling dentures,<\/li><li>skeletal dentures,<\/li><li>skeletal dentures with latches,<\/li><li>overdenture dentures.<\/li><\/ul>\t\t\t\t\t<\/div>\n\t\t\t\t\t\t<\/div>\n\t\t\t\t<\/div>\n\t\t\t\t\t\t<\/div>\n\t\t\t\t\t<\/div>\n\t\t<\/div>\n\t\t\t\t\t\t\t\t<\/div>\n\t\t\t\t\t<\/div>\n\t\t<\/section>\n\t\t\t\t<section class=\"elementor-section elementor-top-section elementor-element elementor-element-bbe81fa elementor-section-content-top elementor-section-boxed elementor-section-height-default elementor-section-height-default\" data-id=\"bbe81fa\" data-element_type=\"section\">\n\t\t\t\t\t\t<div class=\"elementor-container elementor-column-gap-default\">\n\t\t\t\t\t\t\t<div class=\"elementor-row\">\n\t\t\t\t\t<div class=\"elementor-column elementor-col-100 elementor-top-column elementor-element elementor-element-10a6b12\" data-id=\"10a6b12\" data-element_type=\"column\" data-settings=\"{&quot;background_background&quot;:&quot;classic&quot;}\">\n\t\t\t<div class=\"elementor-column-wrap elementor-element-populated\">\n\t\t\t\t\t\t\t<div class=\"elementor-widget-wrap\">\n\t\t\t\t\t\t<div class=\"elementor-element elementor-element-0390f55 elementor-mobile-align-center elementor-widget elementor-widget-bdt-advanced-button\" data-id=\"0390f55\" data-element_type=\"widget\" data-widget_type=\"bdt-advanced-button.default\">\n\t\t\t\t<div class=\"elementor-widget-container\">\n\t\t\t\t\t<div class=\"bdt-advanced-button-wrapper\">\n\t\t\t<a href=\"https:\/\/stomatologia-rabien.pl\/en\/uslugi\/\" class=\"bdt-advanced-button bdt-advanced-button-effect-a bdt-advanced-button-size-md\">\n\t\t\t\t\t\t<div class=\"bdt-advanced-button-content-wrapper bdt-flex bdt-flex-middle\" data-text=\"Zobacz ca\u0142\u0105 ofert\u0119\">\n\t\t\t\t\t\t<div class=\"bdt-advanced-button-text\">\n\n                <span class=\"avdbtn-text\">See the whole offer<\/span>\n\n\t\t\t\t            <\/div>\n\n\t\t<\/div>\n\t\t\t\t\t<\/a>\n\t\t<\/div>\n\t\t\t\t<\/div>\n\t\t\t\t<\/div>\n\t\t\t\t\t\t<\/div>\n\t\t\t\t\t<\/div>\n\t\t<\/div>\n\t\t\t\t\t\t\t\t<\/div>\n\t\t\t\t\t<\/div>\n\t\t<\/section>\n\t\t\t\t\t\t<\/div>\n\t\t\t\t\t\t<\/div>\n\t\t\t\t\t<\/div>","protected":false},"excerpt":{"rendered":"<p>Us\u0142ugi stomatologiczne Protetyka Protetyka Wi\u0119cej szeg\u00f3\u0142\u00f3w o us\u0142ugach z zakresu zabieg\u00f3w protetycznych oferowanych przez nasz\u0105 praktyk\u0119. Odbudowa utraconych z\u0119b\u00f3w jest niezwykle istotna. Nawet pojedyncze braki w uz\u0119bieniu powoduj\u0105 zaburzenie funkcji \u017cucia, przemieszczania si\u0119 z\u0119b\u00f3w, a nawet dolegliwo\u015bci ze strony stawu skroniowo-\u017cuchwowego czy b\u00f3le g\u0142owy. Protetyka zajmuje si\u0119 odbudow\u0105 utraconych z\u0119b\u00f3w za pomoc\u0105 specjalnych protez. Wyr\u00f3\u017cnia [&hellip;]<\/p>","protected":false},"author":1,"featured_media":0,"parent":770,"menu_order":0,"comment_status":"closed","ping_status":"closed","template":"elementor_header_footer","meta":[],"_links":{"self":[{"href":"https:\/\/stomatologia-rabien.pl\/en\/wp-json\/wp\/v2\/pages\/447"}],"collection":[{"href":"https:\/\/stomatologia-rabien.pl\/en\/wp-json\/wp\/v2\/pages"}],"about":[{"href":"https:\/\/stomatologia-rabien.pl\/en\/wp-json\/wp\/v2\/types\/page"}],"author":[{"embeddable":true,"href":"https:\/\/stomatologia-rabien.pl\/en\/wp-json\/wp\/v2\/users\/1"}],"replies":[{"embeddable":true,"href":"https:\/\/stomatologia-rabien.pl\/en\/wp-json\/wp\/v2\/comments?post=447"}],"version-history":[{"count":16,"href":"https:\/\/stomatologia-rabien.pl\/en\/wp-json\/wp\/v2\/pages\/447\/revisions"}],"predecessor-version":[{"id":1187,"href":"https:\/\/stomatologia-rabien.pl\/en\/wp-json\/wp\/v2\/pages\/447\/revisions\/1187"}],"up":[{"embeddable":true,"href":"https:\/\/stomatologia-rabien.pl\/en\/wp-json\/wp\/v2\/pages\/770"}],"wp:attachment":[{"href":"https:\/\/stomatologia-rabien.pl\/en\/wp-json\/wp\/v2\/media?parent=447"}],"curies":[{"name":"wp","href":"https:\/\/api.w.org\/{rel}","templated":true}]}}