{"id":432,"date":"2019-12-20T13:00:46","date_gmt":"2019-12-20T12:00:46","guid":{"rendered":"https:\/\/stomatologia-rabien.pl\/?page_id=432"},"modified":"2022-10-24T10:21:11","modified_gmt":"2022-10-24T08:21:11","slug":"profilaktyka","status":"publish","type":"page","link":"https:\/\/stomatologia-rabien.pl\/en\/uslugi\/profilaktyka\/","title":{"rendered":"Prevention"},"content":{"rendered":"<div data-elementor-type=\"wp-page\" data-elementor-id=\"432\" class=\"elementor elementor-432\" data-elementor-settings=\"[]\">\n\t\t\t\t\t\t<div class=\"elementor-inner\">\n\t\t\t\t\t\t\t<div class=\"elementor-section-wrap\">\n\t\t\t\t\t\t\t<section class=\"elementor-section elementor-top-section elementor-element elementor-element-efa7102 elementor-section-height-min-height elementor-section-boxed elementor-section-height-default elementor-section-items-middle\" data-id=\"efa7102\" data-element_type=\"section\" data-settings=\"{&quot;background_background&quot;:&quot;classic&quot;}\">\n\t\t\t\t\t\t<div class=\"elementor-container elementor-column-gap-no\">\n\t\t\t\t\t\t\t<div class=\"elementor-row\">\n\t\t\t\t\t<div class=\"elementor-column elementor-col-100 elementor-top-column elementor-element elementor-element-8a1418c\" data-id=\"8a1418c\" data-element_type=\"column\">\n\t\t\t<div class=\"elementor-column-wrap elementor-element-populated\">\n\t\t\t\t\t\t\t<div class=\"elementor-widget-wrap\">\n\t\t\t\t\t\t<div class=\"elementor-element elementor-element-2d50121 elementor-widget elementor-widget-heading\" data-id=\"2d50121\" data-element_type=\"widget\" data-widget_type=\"heading.default\">\n\t\t\t\t<div class=\"elementor-widget-container\">\n\t\t\t<h2 class=\"elementor-heading-title elementor-size-default\">Dental services<\/h2>\t\t<\/div>\n\t\t\t\t<\/div>\n\t\t\t\t<div class=\"elementor-element elementor-element-bb8e9ce elementor-widget-divider--view-line elementor-widget elementor-widget-divider\" data-id=\"bb8e9ce\" data-element_type=\"widget\" data-widget_type=\"divider.default\">\n\t\t\t\t<div class=\"elementor-widget-container\">\n\t\t\t\t\t<div class=\"elementor-divider\">\n\t\t\t<span class=\"elementor-divider-separator\">\n\t\t\t\t\t\t<\/span>\n\t\t<\/div>\n\t\t\t\t<\/div>\n\t\t\t\t<\/div>\n\t\t\t\t<div class=\"elementor-element elementor-element-28435dc elementor-widget elementor-widget-heading\" data-id=\"28435dc\" data-element_type=\"widget\" data-widget_type=\"heading.default\">\n\t\t\t\t<div class=\"elementor-widget-container\">\n\t\t\t<h1 class=\"elementor-heading-title elementor-size-default\">Prevention<\/h1>\t\t<\/div>\n\t\t\t\t<\/div>\n\t\t\t\t\t\t<\/div>\n\t\t\t\t\t<\/div>\n\t\t<\/div>\n\t\t\t\t\t\t\t\t<\/div>\n\t\t\t\t\t<\/div>\n\t\t<\/section>\n\t\t\t\t<section class=\"elementor-section elementor-top-section elementor-element elementor-element-ae1f476 elementor-section-content-middle elementor-section-boxed elementor-section-height-default elementor-section-height-default\" data-id=\"ae1f476\" data-element_type=\"section\">\n\t\t\t\t\t\t<div class=\"elementor-container elementor-column-gap-default\">\n\t\t\t\t\t\t\t<div class=\"elementor-row\">\n\t\t\t\t\t<div class=\"elementor-column elementor-col-50 elementor-top-column elementor-element elementor-element-0c63e6d\" data-id=\"0c63e6d\" data-element_type=\"column\" data-settings=\"{&quot;background_background&quot;:&quot;classic&quot;}\">\n\t\t\t<div class=\"elementor-column-wrap elementor-element-populated\">\n\t\t\t\t\t\t\t<div class=\"elementor-widget-wrap\">\n\t\t\t\t\t\t<section class=\"elementor-section elementor-inner-section elementor-element elementor-element-0a27d89 elementor-section-boxed elementor-section-height-default elementor-section-height-default\" data-id=\"0a27d89\" data-element_type=\"section\">\n\t\t\t\t\t\t<div class=\"elementor-container elementor-column-gap-default\">\n\t\t\t\t\t\t\t<div class=\"elementor-row\">\n\t\t\t\t\t<div class=\"elementor-column elementor-col-100 elementor-inner-column elementor-element elementor-element-e8e65b7\" data-id=\"e8e65b7\" data-element_type=\"column\" data-settings=\"{&quot;background_background&quot;:&quot;classic&quot;}\">\n\t\t\t<div class=\"elementor-column-wrap elementor-element-populated\">\n\t\t\t\t\t\t\t<div class=\"elementor-widget-wrap\">\n\t\t\t\t\t\t<div class=\"elementor-element elementor-element-3e043cc elementor-view-default elementor-position-top elementor-vertical-align-top elementor-widget elementor-widget-icon-box\" data-id=\"3e043cc\" data-element_type=\"widget\" data-widget_type=\"icon-box.default\">\n\t\t\t\t<div class=\"elementor-widget-container\">\n\t\t\t\t\t<div class=\"elementor-icon-box-wrapper\">\n\t\t\t\t\t\t<div class=\"elementor-icon-box-icon\">\n\t\t\t\t<a class=\"elementor-icon elementor-animation-grow\" href=\"#\">\n\t\t\t\t<svg xmlns=\"http:\/\/www.w3.org\/2000\/svg\" xmlns:xlink=\"http:\/\/www.w3.org\/1999\/xlink\" id=\"Group_19\" data-name=\"Group 19\" width=\"71.76\" height=\"74.468\" viewbox=\"0 0 71.76 74.468\"><defs><lineargradient id=\"linear-gradient\" x1=\"0.5\" x2=\"0.5\" y2=\"1\" gradientunits=\"objectBoundingBox\"><stop offset=\"0\" stop-color=\"#32dac3\"><\/stop><stop offset=\"1\" stop-color=\"#07a7e3\"><\/stop><\/lineargradient><\/defs><g id=\"Group_16\" data-name=\"Group 16\" transform=\"translate(37.109 1.375)\"><path id=\"Path_23\" data-name=\"Path 23\" d=\"M183.742,116.708a3.221,3.221,0,0,1,3.159.816l.732.731a3.223,3.223,0,0,1,.828,3.109,1.13,1.13,0,0,0,.8,1.385,1.15,1.15,0,0,0,.295.039,1.13,1.13,0,0,0,1.089-.835,5.479,5.479,0,0,0-1.008-4.833l8.62-8.621a11.447,11.447,0,1,0-1.6-1.6l-8.621,8.621a5.461,5.461,0,0,0-4.918-.985,1.129,1.129,0,1,0,.625,2.169ZM199.01,93.15a9.19,9.19,0,1,1,0,13A9.156,9.156,0,0,1,199.01,93.15Z\" transform=\"translate(-182.299 -88.204)\" fill=\"url(#linear-gradient)\"><\/path><\/g><g id=\"Group_17\" data-name=\"Group 17\" transform=\"translate(0 41.789)\"><path id=\"Path_24\" data-name=\"Path 24\" d=\"M182.529,114.584a1.127,1.127,0,0,0-1.595,0l0,0h0l-21.586,21.585a3.3,3.3,0,0,0,0,4.664l3.8,3.8a3.3,3.3,0,0,0,4.664,0L189.4,123.049h0l0,0a1.127,1.127,0,0,0,0-1.595Zm-16.316,28.454a1.045,1.045,0,0,1-1.471,0l-3.8-3.8a1.036,1.036,0,0,1,0-1.469l20.789-20.789,5.27,5.269Z\" transform=\"translate(-158.38 -114.254)\" fill=\"url(#linear-gradient)\"><\/path><\/g><g id=\"Group_18\" data-name=\"Group 18\" transform=\"translate(2.291 0)\"><path id=\"Path_25\" data-name=\"Path 25\" d=\"M199.285,125.605v0h0l-7.692-7.69a5.636,5.636,0,0,0-7.368-.5l-8.4-8.4a5.428,5.428,0,0,0-3.031-1.537l-9.8-1.513a1.041,1.041,0,0,1-.847-1.289l4.135-15.938a1.128,1.128,0,1,0-2.184-.568L159.961,104.1a3.3,3.3,0,0,0,2.69,4.086l9.792,1.513a3.2,3.2,0,0,1,1.781.9l8.4,8.4a5.634,5.634,0,0,0,.5,7.368l7.692,7.69h0v0L217.548,160.8a3.392,3.392,0,0,0,4.789,0l3.675-3.674a3.391,3.391,0,0,0,0-4.789Zm-6.071,7.664L198.486,128l2.237,2.239-5.272,5.27Zm-3.834-3.835,5.27-5.27,2.239,2.239-5.272,5.27Zm-4.656-9.445.239-.239,0,0,0,0,.239-.24a3.4,3.4,0,0,1,4.789,0l3.059,3.061-5.27,5.272-3.059-3.061A3.391,3.391,0,0,1,184.725,119.989Zm39.691,35.535-3.674,3.674a1.128,1.128,0,0,1-1.6,0l-22.1-22.1,5.27-5.269,22.1,22.1A1.132,1.132,0,0,1,224.416,155.524Z\" transform=\"translate(-159.857 -87.318)\" fill=\"url(#linear-gradient)\"><\/path><\/g><\/svg>\t\t\t\t<\/a>\n\t\t\t<\/div>\n\t\t\t\t\t\t<div class=\"elementor-icon-box-content\">\n\t\t\t\t<h3 class=\"elementor-icon-box-title\">\n\t\t\t\t\t<a href=\"#\" >\n\t\t\t\t\t\tPrevention\t\t\t\t\t<\/a>\n\t\t\t\t<\/h3>\n\t\t\t\t\t\t\t<\/div>\n\t\t<\/div>\n\t\t\t\t<\/div>\n\t\t\t\t<\/div>\n\t\t\t\t\t\t<\/div>\n\t\t\t\t\t<\/div>\n\t\t<\/div>\n\t\t\t\t\t\t\t\t<\/div>\n\t\t\t\t\t<\/div>\n\t\t<\/section>\n\t\t\t\t<div class=\"elementor-element elementor-element-54bd980 elementor-widget elementor-widget-text-editor\" data-id=\"54bd980\" data-element_type=\"widget\" data-widget_type=\"text-editor.default\">\n\t\t\t\t<div class=\"elementor-widget-container\">\n\t\t\t\t\t\t\t\t<div class=\"elementor-text-editor elementor-clearfix\">\n\t\t\t\t<p><strong>More details about preventive treatment services offered by our practice.<\/strong><\/p>\t\t\t\t\t<\/div>\n\t\t\t\t\t\t<\/div>\n\t\t\t\t<\/div>\n\t\t\t\t<div class=\"elementor-element elementor-element-5bfde37 elementor-widget elementor-widget-text-editor\" data-id=\"5bfde37\" data-element_type=\"widget\" data-widget_type=\"text-editor.default\">\n\t\t\t\t<div class=\"elementor-widget-container\">\n\t\t\t\t\t\t\t\t<div class=\"elementor-text-editor elementor-clearfix\">\n\t\t\t\t<ul><li>hygiene and diet instruction,<\/li><li>sealing furrows,<\/li><li>fluoridation,<\/li><li>hypersensitivity treatment.<\/li><\/ul>\t\t\t\t\t<\/div>\n\t\t\t\t\t\t<\/div>\n\t\t\t\t<\/div>\n\t\t\t\t\t\t<\/div>\n\t\t\t\t\t<\/div>\n\t\t<\/div>\n\t\t\t\t<div class=\"elementor-column elementor-col-50 elementor-top-column elementor-element elementor-element-4ac1a42\" data-id=\"4ac1a42\" data-element_type=\"column\">\n\t\t\t<div class=\"elementor-column-wrap elementor-element-populated\">\n\t\t\t\t\t\t\t<div class=\"elementor-widget-wrap\">\n\t\t\t\t\t\t<div class=\"elementor-element elementor-element-29bf3b9 elementor-widget elementor-widget-image\" data-id=\"29bf3b9\" data-element_type=\"widget\" data-widget_type=\"image.default\">\n\t\t\t\t<div class=\"elementor-widget-container\">\n\t\t\t\t\t\t\t\t<div class=\"elementor-image\">\n\t\t\t\t\t\t\t\t\t\t\t\t<img width=\"900\" height=\"600\" src=\"https:\/\/stomatologia-rabien.pl\/wp-content\/uploads\/2019\/12\/img-6112as-26.jpg\" class=\"attachment-full size-full\" alt=\"\" loading=\"lazy\" srcset=\"https:\/\/stomatologia-rabien.pl\/wp-content\/uploads\/2019\/12\/img-6112as-26.jpg 900w, https:\/\/stomatologia-rabien.pl\/wp-content\/uploads\/2019\/12\/img-6112as-26-300x200.jpg 300w, https:\/\/stomatologia-rabien.pl\/wp-content\/uploads\/2019\/12\/img-6112as-26-768x512.jpg 768w\" sizes=\"(max-width: 900px) 100vw, 900px\" \/>\t\t\t\t\t\t\t\t\t\t\t\t\t\t<\/div>\n\t\t\t\t\t\t<\/div>\n\t\t\t\t<\/div>\n\t\t\t\t\t\t<\/div>\n\t\t\t\t\t<\/div>\n\t\t<\/div>\n\t\t\t\t\t\t\t\t<\/div>\n\t\t\t\t\t<\/div>\n\t\t<\/section>\n\t\t\t\t<section class=\"elementor-section elementor-top-section elementor-element elementor-element-0e25840 elementor-section-content-top elementor-section-boxed elementor-section-height-default elementor-section-height-default\" data-id=\"0e25840\" data-element_type=\"section\">\n\t\t\t\t\t\t<div class=\"elementor-container elementor-column-gap-default\">\n\t\t\t\t\t\t\t<div class=\"elementor-row\">\n\t\t\t\t\t<div class=\"elementor-column elementor-col-50 elementor-top-column elementor-element elementor-element-0960e24\" data-id=\"0960e24\" data-element_type=\"column\" data-settings=\"{&quot;background_background&quot;:&quot;classic&quot;}\">\n\t\t\t<div class=\"elementor-column-wrap elementor-element-populated\">\n\t\t\t\t\t\t\t<div class=\"elementor-widget-wrap\">\n\t\t\t\t\t\t<div class=\"elementor-element elementor-element-d372348 elementor-widget elementor-widget-text-editor\" data-id=\"d372348\" data-element_type=\"widget\" data-widget_type=\"text-editor.default\">\n\t\t\t\t<div class=\"elementor-widget-container\">\n\t\t\t\t\t\t\t\t<div class=\"elementor-text-editor elementor-clearfix\">\n\t\t\t\t<p class=\"p1\">Prevention in dentistry plays a huge role in the prevention of caries, periodontal disease and oral disease. Good hygiene allows you to eliminate odor from the mouth, reduces discoloration and ensures a feeling of freshness. Adhering to its principles allows you to keep a beautiful, healthy smile until old age. The oral examination should take place at least once a year, and in children and people with a high tendency to caries or periodontal disease even every 3-6 months. Lacquering and varnishing of teeth makes them more resistant to caries and less sensitive to thermal stimuli.<\/p>\t\t\t\t\t<\/div>\n\t\t\t\t\t\t<\/div>\n\t\t\t\t<\/div>\n\t\t\t\t\t\t<\/div>\n\t\t\t\t\t<\/div>\n\t\t<\/div>\n\t\t\t\t<div class=\"elementor-column elementor-col-50 elementor-top-column elementor-element elementor-element-aff2024\" data-id=\"aff2024\" data-element_type=\"column\" data-settings=\"{&quot;background_background&quot;:&quot;classic&quot;}\">\n\t\t\t<div class=\"elementor-column-wrap elementor-element-populated\">\n\t\t\t\t\t\t\t<div class=\"elementor-widget-wrap\">\n\t\t\t\t\t\t<div class=\"elementor-element elementor-element-f991e1c elementor-widget elementor-widget-text-editor\" data-id=\"f991e1c\" data-element_type=\"widget\" data-widget_type=\"text-editor.default\">\n\t\t\t\t<div class=\"elementor-widget-container\">\n\t\t\t\t\t\t\t\t<div class=\"elementor-text-editor elementor-clearfix\">\n\t\t\t\t<p class=\"p1\">treatments:<\/p><p class=\"p1\">- dentition and oral examination<\/p><p class=\"p1\">- oral hygiene and diet instruction<\/p><p class=\"p1\">- hygienic treatments<\/p><p class=\"p1\">- sealing teeth<\/p><p class=\"p1\">- tooth varnishing<\/p>\t\t\t\t\t<\/div>\n\t\t\t\t\t\t<\/div>\n\t\t\t\t<\/div>\n\t\t\t\t\t\t<\/div>\n\t\t\t\t\t<\/div>\n\t\t<\/div>\n\t\t\t\t\t\t\t\t<\/div>\n\t\t\t\t\t<\/div>\n\t\t<\/section>\n\t\t\t\t<section class=\"elementor-section elementor-top-section elementor-element elementor-element-16168d3 elementor-section-content-top elementor-section-boxed elementor-section-height-default elementor-section-height-default\" data-id=\"16168d3\" data-element_type=\"section\">\n\t\t\t\t\t\t<div class=\"elementor-container elementor-column-gap-default\">\n\t\t\t\t\t\t\t<div class=\"elementor-row\">\n\t\t\t\t\t<div class=\"elementor-column elementor-col-100 elementor-top-column elementor-element elementor-element-aa0e439\" data-id=\"aa0e439\" data-element_type=\"column\" data-settings=\"{&quot;background_background&quot;:&quot;classic&quot;}\">\n\t\t\t<div class=\"elementor-column-wrap elementor-element-populated\">\n\t\t\t\t\t\t\t<div class=\"elementor-widget-wrap\">\n\t\t\t\t\t\t<div class=\"elementor-element elementor-element-d119867 elementor-mobile-align-center elementor-widget elementor-widget-bdt-advanced-button\" data-id=\"d119867\" data-element_type=\"widget\" data-widget_type=\"bdt-advanced-button.default\">\n\t\t\t\t<div class=\"elementor-widget-container\">\n\t\t\t\t\t<div class=\"bdt-advanced-button-wrapper\">\n\t\t\t<a href=\"https:\/\/stomatologia-rabien.pl\/en\/uslugi\/\" class=\"bdt-advanced-button bdt-advanced-button-effect-a bdt-advanced-button-size-md\">\n\t\t\t\t\t\t<div class=\"bdt-advanced-button-content-wrapper bdt-flex bdt-flex-middle\" data-text=\"Zobacz ca\u0142\u0105 ofert\u0119\">\n\t\t\t\t\t\t<div class=\"bdt-advanced-button-text\">\n\n                <span class=\"avdbtn-text\">See the whole offer<\/span>\n\n\t\t\t\t            <\/div>\n\n\t\t<\/div>\n\t\t\t\t\t<\/a>\n\t\t<\/div>\n\t\t\t\t<\/div>\n\t\t\t\t<\/div>\n\t\t\t\t\t\t<\/div>\n\t\t\t\t\t<\/div>\n\t\t<\/div>\n\t\t\t\t\t\t\t\t<\/div>\n\t\t\t\t\t<\/div>\n\t\t<\/section>\n\t\t\t\t\t\t<\/div>\n\t\t\t\t\t\t<\/div>\n\t\t\t\t\t<\/div>","protected":false},"excerpt":{"rendered":"<p>Us\u0142ugi stomatologiczne Profilaktyka Profilaktyka Wi\u0119cej szeg\u00f3\u0142\u00f3w o us\u0142ugach zabieg\u00f3w profilaktycznych oferowanych przez nasz\u0105 praktyk\u0119. instrukta\u017c higieny i diety, lakowanie bruzd, fluoryzacja, leczenie nadwra\u017cliwo\u015bci. Profilaktyka w stomatologii odgrywa ogromn\u0105 rol\u0119 w zapobieganiu pr\u00f3chnicy, chorobom przyz\u0119bia i chorobom jamy ustnej. W\u0142a\u015bciwa higiena pozwala na eliminacj\u0119 przykrego zapachu z ust, zmniejsza przebarwienia i zapewnia uczucie \u015bwie\u017co\u015bci. Stosowanie si\u0119 [&hellip;]<\/p>","protected":false},"author":1,"featured_media":0,"parent":770,"menu_order":0,"comment_status":"closed","ping_status":"closed","template":"elementor_header_footer","meta":[],"_links":{"self":[{"href":"https:\/\/stomatologia-rabien.pl\/en\/wp-json\/wp\/v2\/pages\/432"}],"collection":[{"href":"https:\/\/stomatologia-rabien.pl\/en\/wp-json\/wp\/v2\/pages"}],"about":[{"href":"https:\/\/stomatologia-rabien.pl\/en\/wp-json\/wp\/v2\/types\/page"}],"author":[{"embeddable":true,"href":"https:\/\/stomatologia-rabien.pl\/en\/wp-json\/wp\/v2\/users\/1"}],"replies":[{"embeddable":true,"href":"https:\/\/stomatologia-rabien.pl\/en\/wp-json\/wp\/v2\/comments?post=432"}],"version-history":[{"count":17,"href":"https:\/\/stomatologia-rabien.pl\/en\/wp-json\/wp\/v2\/pages\/432\/revisions"}],"predecessor-version":[{"id":1186,"href":"https:\/\/stomatologia-rabien.pl\/en\/wp-json\/wp\/v2\/pages\/432\/revisions\/1186"}],"up":[{"embeddable":true,"href":"https:\/\/stomatologia-rabien.pl\/en\/wp-json\/wp\/v2\/pages\/770"}],"wp:attachment":[{"href":"https:\/\/stomatologia-rabien.pl\/en\/wp-json\/wp\/v2\/media?parent=432"}],"curies":[{"name":"wp","href":"https:\/\/api.w.org\/{rel}","templated":true}]}}